{"id":6103,"date":"2022-09-08T15:44:56","date_gmt":"2022-09-08T15:44:56","guid":{"rendered":"https:\/\/key-competences.eu\/italien"},"modified":"2024-03-15T15:18:18","modified_gmt":"2024-03-15T15:18:18","slug":"italien","status":"publish","type":"page","link":"https:\/\/key-competences.eu\/de\/italien","title":{"rendered":"Italien"},"content":{"rendered":"\t\t<div data-elementor-type=\"wp-page\" data-elementor-id=\"6103\" class=\"elementor elementor-6103 elementor-2863\" data-elementor-post-type=\"page\">\n\t\t\t\t\t\t<section class=\"elementor-section elementor-top-section elementor-element elementor-element-076762c elementor-section-boxed elementor-section-height-default elementor-section-height-default\" data-id=\"076762c\" data-element_type=\"section\">\n\t\t\t\t\t\t<div class=\"elementor-container elementor-column-gap-default\">\n\t\t\t\t\t<div class=\"elementor-column elementor-col-100 elementor-top-column elementor-element elementor-element-f930e7b\" data-id=\"f930e7b\" data-element_type=\"column\">\n\t\t\t<div class=\"elementor-widget-wrap elementor-element-populated\">\n\t\t\t\t\t\t<section class=\"elementor-section elementor-inner-section elementor-element elementor-element-24a1bc7 elementor-section-boxed elementor-section-height-default elementor-section-height-default\" data-id=\"24a1bc7\" data-element_type=\"section\">\n\t\t\t\t\t\t<div class=\"elementor-container elementor-column-gap-default\">\n\t\t\t\t\t<div class=\"elementor-column elementor-col-50 elementor-inner-column elementor-element elementor-element-ceb84e5\" data-id=\"ceb84e5\" data-element_type=\"column\">\n\t\t\t<div class=\"elementor-widget-wrap elementor-element-populated\">\n\t\t\t\t\t\t<div class=\"elementor-element elementor-element-361e392 elementor-widget elementor-widget-spacer\" data-id=\"361e392\" data-element_type=\"widget\" data-widget_type=\"spacer.default\">\n\t\t\t\t<div class=\"elementor-widget-container\">\n\t\t\t\t\t\t\t<div class=\"elementor-spacer\">\n\t\t\t<div class=\"elementor-spacer-inner\"><\/div>\n\t\t<\/div>\n\t\t\t\t\t\t<\/div>\n\t\t\t\t<\/div>\n\t\t\t\t<div class=\"elementor-element elementor-element-6834bab elementor-widget elementor-widget-image\" data-id=\"6834bab\" data-element_type=\"widget\" data-widget_type=\"image.default\">\n\t\t\t\t<div class=\"elementor-widget-container\">\n\t\t\t\t\t\t\t\t\t\t\t\t\t\t\t<img decoding=\"async\" width=\"348\" height=\"100\" src=\"https:\/\/key-competences.eu\/wp-content\/uploads\/Logo_ITALIA_Education_InProgress.jpg\" class=\"attachment-large size-large wp-image-4700\" alt=\"\" srcset=\"https:\/\/key-competences.eu\/wp-content\/uploads\/Logo_ITALIA_Education_InProgress.jpg 348w, https:\/\/key-competences.eu\/wp-content\/uploads\/Logo_ITALIA_Education_InProgress-300x86.jpg 300w\" sizes=\"(max-width: 348px) 100vw, 348px\" \/>\t\t\t\t\t\t\t\t\t\t\t\t\t\t\t<\/div>\n\t\t\t\t<\/div>\n\t\t\t\t\t<\/div>\n\t\t<\/div>\n\t\t\t\t<div class=\"elementor-column elementor-col-50 elementor-inner-column elementor-element elementor-element-da0895d\" data-id=\"da0895d\" data-element_type=\"column\">\n\t\t\t<div class=\"elementor-widget-wrap elementor-element-populated\">\n\t\t\t\t\t\t<div class=\"elementor-element elementor-element-e64b6d8 elementor-widget elementor-widget-heading\" data-id=\"e64b6d8\" data-element_type=\"widget\" data-widget_type=\"heading.default\">\n\t\t\t\t<div class=\"elementor-widget-container\">\n\t\t\t\t\t<h1 class=\"elementor-heading-title elementor-size-default\">Bildung im Wandel<br>\nItalien<\/h1>\t\t\t\t<\/div>\n\t\t\t\t<\/div>\n\t\t\t\t\t<\/div>\n\t\t<\/div>\n\t\t\t\t\t<\/div>\n\t\t<\/section>\n\t\t\t\t\t<\/div>\n\t\t<\/div>\n\t\t\t\t\t<\/div>\n\t\t<\/section>\n\t\t\t\t<section class=\"elementor-section elementor-top-section elementor-element elementor-element-51438c1a elementor-section-boxed elementor-section-height-default elementor-section-height-default\" data-id=\"51438c1a\" data-element_type=\"section\">\n\t\t\t\t\t\t<div class=\"elementor-container elementor-column-gap-default\">\n\t\t\t\t\t<div class=\"elementor-column elementor-col-100 elementor-top-column elementor-element elementor-element-7e500494\" data-id=\"7e500494\" data-element_type=\"column\">\n\t\t\t<div class=\"elementor-widget-wrap elementor-element-populated\">\n\t\t\t\t\t\t<div class=\"elementor-element elementor-element-40d54e25 elementor-widget elementor-widget-text-editor\" data-id=\"40d54e25\" data-element_type=\"widget\" data-widget_type=\"text-editor.default\">\n\t\t\t\t<div class=\"elementor-widget-container\">\n\t\t\t\t\t\t\t\t\t<p><span style=\"font-size: 21px; color: var( --e-global-color-text );\">Education In Progress Italia ist eine Non-Profit-Organisation mit Sitz in Messina, Italien, die im Rahmen der europ\u00e4ischen Projektplanung Personalschulungen in Erwachsenenschulen und Migrantenzentren in S\u00fcditalien durchf\u00fchrt.<\/span><\/p>\n<p>Au\u00dferdem bietet es innovative Methoden zur Integration von Studierenden aus allen sozialen und wirtschaftlichen Bereichen in die Gesellschaft und den Arbeitsmarkt.<\/p>\n<p>Der Auftrag der Mitarbeiter besteht darin, die Mobilit\u00e4t durch das Programm Erasmus+ zu einem Instrument zur F\u00f6rderung der wirtschaftlichen und sozialen Entwicklung zu machen. Bei Education InProgress entwickeln wir Projekte zu formalen, nicht-formalen und informellen Bildungsma\u00dfnahmen mit besonderem Schwerpunkt auf der nicht-beruflichen Erwachsenenbildung. Dar\u00fcber hinaus legen wir Wert auf Wege des lebenslangen Lernens, die nicht direkt mit dem Arbeitsmarkt verbunden sind und au\u00dferhalb der beruflichen Bildung (VET-Sektor) und der Hochschulbildung liegen.<\/p>\n<\/p>\n<p>Website: <a href=\"https:\/\/educationinprogress.eu\/\" target=\"_blank\" rel=\"noopener\">https:\/\/educationinprogress.eu\/<\/a><\/p>\n<p>Kontakt: <a href=\"mailto:info@educationinprogress.eu\">info@educationinprogress.eu<\/a>,<\/p>\n<p>  Pr\u00e4sident der Vereinigung: <a href=\"mailto:aldo.cammara@educationinprogress.eu\">aldo.cammara@educationinprogress.eu<\/a><\/p>\n<\/p>\n<\/p>\n<p>KURZVORSTELLUNG &#8211; ITALIENISCH<\/p>\n<\/p>\n<p>Education In Progress Italia \u00e8 un&#8217;organizzazione senza scopo di lucro con sede a Messina, Italia, che opera inell&#8217;ambito della progettazione europea, della formazione del personale nelle scuole per adulti e nei centri per migranti adulti nel Sud Italia. Dar\u00fcber hinaus bietet es innovative Methoden zur Integration von Sch\u00fclern aus allen sozialen und wirtschaftlichen Bereichen in die Gesellschaft und den Arbeitsmarkt.<\/p>\n<p>Die Aufgabe des Staff In Progress ist es, durch das Programm Erasmus+ die Mobilit\u00e4t zu f\u00f6rdern, ein Instrument zur Unterst\u00fctzung der wirtschaftlichen und sozialen Entwicklung.<\/p>\n<p>In Education InProgress entwickeln wir Projekte zu formalen, nicht-formalen und informellen Bildungsma\u00dfnahmen mit besonderem Augenmerk auf die nicht-berufliche Bildung von Erwachsenen. Wichtig sind auch permanente Ausbildungsg\u00e4nge, die nicht direkt mit dem Arbeitsmarkt, der Berufsausbildung im Ausland (IFP) und der Hochschulausbildung zusammenh\u00e4ngen.<\/p>\n<\/p>\n<p>Website: <a href=\"https:\/\/educationinprogress.eu\/\" target=\"_blank\" rel=\"noopener\">https:\/\/educationinprogress.eu\/<\/a><\/p>\n<p>Contatti: <a href=\"mailto:info@educationinprogress.eu\">info@educationinprogress.eu<\/a>,<\/p>\n<p>Presidente: <a href=\"mailto:aldo.cammara@educationinprogress.eu\">aldo.cammara@educationinprogress.eu<\/a><\/p>\n\t\t\t\t\t\t\t\t<\/div>\n\t\t\t\t<\/div>\n\t\t\t\t\t<\/div>\n\t\t<\/div>\n\t\t\t\t\t<\/div>\n\t\t<\/section>\n\t\t\t\t<\/div>\n\t\t","protected":false},"excerpt":{"rendered":"<p>Bildung im Wandel Italien Education In Progress Italia ist eine Non-Profit-Organisation mit Sitz in Messina, Italien, die im Rahmen der europ\u00e4ischen Projektplanung Personalschulungen in Erwachsenenschulen und Migrantenzentren in S\u00fcditalien durchf\u00fchrt. Au\u00dferdem bietet es innovative Methoden zur Integration von Studierenden aus allen sozialen und wirtschaftlichen Bereichen in die Gesellschaft und den Arbeitsmarkt. Der Auftrag der Mitarbeiter [&hellip;]<\/p>\n","protected":false},"author":1,"featured_media":0,"parent":0,"menu_order":0,"comment_status":"closed","ping_status":"closed","template":"elementor_header_footer","meta":{"ocean_post_layout":"","ocean_both_sidebars_style":"","ocean_both_sidebars_content_width":0,"ocean_both_sidebars_sidebars_width":0,"ocean_sidebar":"0","ocean_second_sidebar":"0","ocean_disable_margins":"enable","ocean_add_body_class":"","ocean_shortcode_before_top_bar":"","ocean_shortcode_after_top_bar":"","ocean_shortcode_before_header":"","ocean_shortcode_after_header":"","ocean_has_shortcode":"","ocean_shortcode_after_title":"","ocean_shortcode_before_footer_widgets":"","ocean_shortcode_after_footer_widgets":"","ocean_shortcode_before_footer_bottom":"","ocean_shortcode_after_footer_bottom":"","ocean_display_top_bar":"default","ocean_display_header":"default","ocean_header_style":"","ocean_center_header_left_menu":"0","ocean_custom_header_template":"0","ocean_custom_logo":0,"ocean_custom_retina_logo":0,"ocean_custom_logo_max_width":0,"ocean_custom_logo_tablet_max_width":0,"ocean_custom_logo_mobile_max_width":0,"ocean_custom_logo_max_height":0,"ocean_custom_logo_tablet_max_height":0,"ocean_custom_logo_mobile_max_height":0,"ocean_header_custom_menu":"0","ocean_menu_typo_font_family":"0","ocean_menu_typo_font_subset":"","ocean_menu_typo_font_size":0,"ocean_menu_typo_font_size_tablet":0,"ocean_menu_typo_font_size_mobile":0,"ocean_menu_typo_font_size_unit":"px","ocean_menu_typo_font_weight":"","ocean_menu_typo_font_weight_tablet":"","ocean_menu_typo_font_weight_mobile":"","ocean_menu_typo_transform":"","ocean_menu_typo_transform_tablet":"","ocean_menu_typo_transform_mobile":"","ocean_menu_typo_line_height":0,"ocean_menu_typo_line_height_tablet":0,"ocean_menu_typo_line_height_mobile":0,"ocean_menu_typo_line_height_unit":"","ocean_menu_typo_spacing":0,"ocean_menu_typo_spacing_tablet":0,"ocean_menu_typo_spacing_mobile":0,"ocean_menu_typo_spacing_unit":"","ocean_menu_link_color":"","ocean_menu_link_color_hover":"","ocean_menu_link_color_active":"","ocean_menu_link_background":"","ocean_menu_link_hover_background":"","ocean_menu_link_active_background":"","ocean_menu_social_links_bg":"","ocean_menu_social_hover_links_bg":"","ocean_menu_social_links_color":"","ocean_menu_social_hover_links_color":"","ocean_disable_title":"default","ocean_disable_heading":"default","ocean_post_title":"","ocean_post_subheading":"","ocean_post_title_style":"","ocean_post_title_background_color":"","ocean_post_title_background":0,"ocean_post_title_bg_image_position":"","ocean_post_title_bg_image_attachment":"","ocean_post_title_bg_image_repeat":"","ocean_post_title_bg_image_size":"","ocean_post_title_height":0,"ocean_post_title_bg_overlay":0.5,"ocean_post_title_bg_overlay_color":"","ocean_disable_breadcrumbs":"default","ocean_breadcrumbs_color":"","ocean_breadcrumbs_separator_color":"","ocean_breadcrumbs_links_color":"","ocean_breadcrumbs_links_hover_color":"","ocean_display_footer_widgets":"default","ocean_display_footer_bottom":"default","ocean_custom_footer_template":"0","osh_disable_topbar_sticky":"default","osh_disable_header_sticky":"default","osh_sticky_header_style":"default","osh_sticky_header_effect":"","osh_custom_sticky_logo":0,"osh_custom_retina_sticky_logo":0,"osh_custom_sticky_logo_height":0,"osh_background_color":"","osh_links_color":"","osh_links_hover_color":"","osh_links_active_color":"","osh_links_bg_color":"","osh_links_hover_bg_color":"","osh_links_active_bg_color":"","osh_menu_social_links_color":"","osh_menu_social_hover_links_color":"","footnotes":""},"class_list":["post-6103","page","type-page","status-publish","hentry","entry"],"_links":{"self":[{"href":"https:\/\/key-competences.eu\/de\/wp-json\/wp\/v2\/pages\/6103","targetHints":{"allow":["GET"]}}],"collection":[{"href":"https:\/\/key-competences.eu\/de\/wp-json\/wp\/v2\/pages"}],"about":[{"href":"https:\/\/key-competences.eu\/de\/wp-json\/wp\/v2\/types\/page"}],"author":[{"embeddable":true,"href":"https:\/\/key-competences.eu\/de\/wp-json\/wp\/v2\/users\/1"}],"replies":[{"embeddable":true,"href":"https:\/\/key-competences.eu\/de\/wp-json\/wp\/v2\/comments?post=6103"}],"version-history":[{"count":1,"href":"https:\/\/key-competences.eu\/de\/wp-json\/wp\/v2\/pages\/6103\/revisions"}],"predecessor-version":[{"id":6110,"href":"https:\/\/key-competences.eu\/de\/wp-json\/wp\/v2\/pages\/6103\/revisions\/6110"}],"wp:attachment":[{"href":"https:\/\/key-competences.eu\/de\/wp-json\/wp\/v2\/media?parent=6103"}],"curies":[{"name":"wp","href":"https:\/\/api.w.org\/{rel}","templated":true}]}}