{"id":6116,"date":"2022-09-10T04:40:56","date_gmt":"2022-09-10T04:40:56","guid":{"rendered":"https:\/\/key-competences.eu\/polen"},"modified":"2024-03-15T15:18:21","modified_gmt":"2024-03-15T15:18:21","slug":"polen","status":"publish","type":"page","link":"https:\/\/key-competences.eu\/de\/polen","title":{"rendered":"Polen"},"content":{"rendered":"\t\t<div data-elementor-type=\"wp-page\" data-elementor-id=\"6116\" class=\"elementor elementor-6116 elementor-2947\" data-elementor-post-type=\"page\">\n\t\t\t\t\t\t<section class=\"elementor-section elementor-top-section elementor-element elementor-element-ea0824c elementor-section-boxed elementor-section-height-default elementor-section-height-default\" data-id=\"ea0824c\" data-element_type=\"section\">\n\t\t\t\t\t\t<div class=\"elementor-container elementor-column-gap-default\">\n\t\t\t\t\t<div class=\"elementor-column elementor-col-100 elementor-top-column elementor-element elementor-element-a3d4e3b\" data-id=\"a3d4e3b\" data-element_type=\"column\">\n\t\t\t<div class=\"elementor-widget-wrap elementor-element-populated\">\n\t\t\t\t\t\t<section class=\"elementor-section elementor-inner-section elementor-element elementor-element-f502e30 elementor-section-boxed elementor-section-height-default elementor-section-height-default\" data-id=\"f502e30\" data-element_type=\"section\">\n\t\t\t\t\t\t<div class=\"elementor-container elementor-column-gap-default\">\n\t\t\t\t\t<div class=\"elementor-column elementor-col-50 elementor-inner-column elementor-element elementor-element-a1ebc69\" data-id=\"a1ebc69\" data-element_type=\"column\">\n\t\t\t<div class=\"elementor-widget-wrap elementor-element-populated\">\n\t\t\t\t\t\t<div class=\"elementor-element elementor-element-aa30607 elementor-widget elementor-widget-spacer\" data-id=\"aa30607\" data-element_type=\"widget\" data-widget_type=\"spacer.default\">\n\t\t\t\t<div class=\"elementor-widget-container\">\n\t\t\t\t\t\t\t<div class=\"elementor-spacer\">\n\t\t\t<div class=\"elementor-spacer-inner\"><\/div>\n\t\t<\/div>\n\t\t\t\t\t\t<\/div>\n\t\t\t\t<\/div>\n\t\t\t\t<div class=\"elementor-element elementor-element-084174b elementor-widget elementor-widget-image\" data-id=\"084174b\" data-element_type=\"widget\" data-widget_type=\"image.default\">\n\t\t\t\t<div class=\"elementor-widget-container\">\n\t\t\t\t\t\t\t\t\t\t\t\t\t\t\t<img fetchpriority=\"high\" decoding=\"async\" width=\"605\" height=\"337\" src=\"https:\/\/key-competences.eu\/wp-content\/uploads\/Logo-Poland.jpg\" class=\"attachment-full size-full wp-image-4695\" alt=\"\" srcset=\"https:\/\/key-competences.eu\/wp-content\/uploads\/Logo-Poland.jpg 605w, https:\/\/key-competences.eu\/wp-content\/uploads\/Logo-Poland-300x167.jpg 300w\" sizes=\"(max-width: 605px) 100vw, 605px\" \/>\t\t\t\t\t\t\t\t\t\t\t\t\t\t\t<\/div>\n\t\t\t\t<\/div>\n\t\t\t\t\t<\/div>\n\t\t<\/div>\n\t\t\t\t<div class=\"elementor-column elementor-col-50 elementor-inner-column elementor-element elementor-element-98a7b06\" data-id=\"98a7b06\" data-element_type=\"column\">\n\t\t\t<div class=\"elementor-widget-wrap elementor-element-populated\">\n\t\t\t\t\t\t<div class=\"elementor-element elementor-element-e134b4e elementor-widget elementor-widget-heading\" data-id=\"e134b4e\" data-element_type=\"widget\" data-widget_type=\"heading.default\">\n\t\t\t\t<div class=\"elementor-widget-container\">\n\t\t\t\t\t<h1 class=\"elementor-heading-title elementor-size-default\">Stowarzyszenie<br>  \"Szansa dla Aktywnych\"<br>\nPolen<\/h1>\t\t\t\t<\/div>\n\t\t\t\t<\/div>\n\t\t\t\t\t<\/div>\n\t\t<\/div>\n\t\t\t\t\t<\/div>\n\t\t<\/section>\n\t\t\t\t\t<\/div>\n\t\t<\/div>\n\t\t\t\t\t<\/div>\n\t\t<\/section>\n\t\t\t\t<section class=\"elementor-section elementor-top-section elementor-element elementor-element-450dc8e elementor-section-boxed elementor-section-height-default elementor-section-height-default\" data-id=\"450dc8e\" data-element_type=\"section\">\n\t\t\t\t\t\t<div class=\"elementor-container elementor-column-gap-default\">\n\t\t\t\t\t<div class=\"elementor-column elementor-col-100 elementor-top-column elementor-element elementor-element-9dca437\" data-id=\"9dca437\" data-element_type=\"column\">\n\t\t\t<div class=\"elementor-widget-wrap elementor-element-populated\">\n\t\t\t\t\t\t<div class=\"elementor-element elementor-element-e8f40a5 elementor-widget elementor-widget-text-editor\" data-id=\"e8f40a5\" data-element_type=\"widget\" data-widget_type=\"text-editor.default\">\n\t\t\t\t<div class=\"elementor-widget-container\">\n\t\t\t\t\t\t\t\t\t<p>Die Association Opportunity for the Active ist eine Nichtregierungsorganisation mit 17 Ausbildern und 72 Auszubildenden. Der Verein wurde im Namen der Einwohner der Gemeinde Przygodzice (Zentralpolen zwischen Wroc\u0142aw und Pozna\u0144) gegr\u00fcndet. Ihr Hauptziel ist es, den Lebensstandard einer lokalen Gemeinschaft zu verbessern. Dar\u00fcber hinaus unterst\u00fctzt sie Ma\u00dfnahmen in den Bereichen Umweltschutz, Eingliederung und Integration, Bildung, Besch\u00e4ftigung, Kultur und Sport sowie einzelne Personen und Organisationen, die \u00e4hnliche Aktionen durchf\u00fchren. Wir unterst\u00fctzen die Aktivierung von Frauen in ihrem Beruf durch Workshops, Schulungen und Networking, die wir im Rahmen spezieller Programme anbieten. Wir helfen Frauen beim Aufbau beruflicher F\u00e4higkeiten und Kompetenzen, damit sie das Gef\u00fchl haben, dass sie ihre Zukunft wirklich beeinflussen k\u00f6nnen. Wir wollen ihr Potenzial freisetzen, weil wir an sie und ihre St\u00e4rken glauben. Unser Verein setzt sich f\u00fcr behinderte Kinder und ihre Familien ein. Wir bieten psychologische und rehabilitative Unterst\u00fctzung f\u00fcr unsere Sch\u00fcler. Die Vereinigung hat sich zum Ziel gesetzt, verschiedene Bildungsma\u00dfnahmen zu initiieren, die darauf abzielen, Werte und europ\u00e4ische Standards zu implementieren, die in der Lage sind, eine neue europ\u00e4ische Dimension in den aktuellen Kontext zu bringen. Dar\u00fcber hinaus bem\u00fcht sich der Verband um eine kontinuierliche Kommunikation und Zusammenarbeit auf lokaler, regionaler, nationaler und internationaler Ebene. Durch die Aktivit\u00e4ten des Vereins wird die Freiwilligenarbeit als eine Form der Unterst\u00fctzung und Hilfe und des Austauschs bew\u00e4hrter Verfahren gef\u00f6rdert. Die Sorge um die Entwicklung lokaler, regionaler und internationaler Partnerschaften f\u00fchrte zur Entwicklung von Humanressourcen innerhalb der Organisation, die \u00fcber die notwendigen F\u00e4higkeiten und Kompetenzen f\u00fcr die Teamarbeit verf\u00fcgen. Die Vereinigung hat zahlreiche Projekte f\u00fcr internationale Partnerschaften durchgef\u00fchrt und ihre aktiven Mitglieder haben dadurch Managementkapazit\u00e4ten und F\u00e4higkeiten im Zusammenhang mit Bildungsprojekten entwickelt. Die Vereinigung f\u00f6rdert die Mobilit\u00e4t der B\u00fcrgerinnen und B\u00fcrger, f\u00fchrt gemeinsame Studienprogramme durch und baut Netzwerke auf, die es ihnen erm\u00f6glichen, sich aktiver am demokratischen Leben ihrer Gemeinschaft zu beteiligen. Die Abteilung f\u00fcr soziale Dienste bietet psychosoziale Unterst\u00fctzung, Berufsorientierungsdienste und Berufsberatung, psychologische Beratung f\u00fcr Einzelpersonen, Paare, Familien, Gruppen und mehr. Es gibt einen besonderen Dienst f\u00fcr die Schulgemeinschaft, die Beratung f\u00fcr Sch\u00fcler, Lehrer und Eltern. Die meisten Erwachsenen haben weniger Chancen auf dem Arbeitsmarkt. In diesem Projekt werden wir eine Verbindung zwischen Nichtregierungsorganisationen, Schulen und der lokalen Gemeinschaft herstellen, um das Bewusstsein f\u00fcr die soziale Eingliederung von Menschen mit einer Lernbehinderung zu sch\u00e4rfen. Wir werden Freiwillige, Lehrer, Ausbilder, Manager und die lokale Gemeinschaft in eine Kampagne einbeziehen, um mehr \u00fcber Eingliederung und Integration zu erfahren. Dieses Projekt wird B\u00fcrgerinnen und B\u00fcrger aus verschiedenen Kulturen einbeziehen, den Grad der Integration verbessern und uns die M\u00f6glichkeit geben, die Kompetenzen der Lernenden im Hinblick auf das Wohlergehen unserer Bildungswelt zu verbessern<\/p>\n\t\t\t\t\t\t\t\t<\/div>\n\t\t\t\t<\/div>\n\t\t\t\t\t<\/div>\n\t\t<\/div>\n\t\t\t\t\t<\/div>\n\t\t<\/section>\n\t\t\t\t<section class=\"elementor-section elementor-top-section elementor-element elementor-element-bf8d9c7 elementor-section-boxed elementor-section-height-default elementor-section-height-default\" data-id=\"bf8d9c7\" data-element_type=\"section\">\n\t\t\t\t\t\t<div class=\"elementor-container elementor-column-gap-default\">\n\t\t\t\t\t<div class=\"elementor-column elementor-col-100 elementor-top-column elementor-element elementor-element-dfc1a21\" data-id=\"dfc1a21\" data-element_type=\"column\">\n\t\t\t<div class=\"elementor-widget-wrap elementor-element-populated\">\n\t\t\t\t\t\t<div class=\"elementor-element elementor-element-82ccfa6 elementor-widget elementor-widget-text-editor\" data-id=\"82ccfa6\" data-element_type=\"widget\" data-widget_type=\"text-editor.default\">\n\t\t\t\t<div class=\"elementor-widget-container\">\n\t\t\t\t\t\t\t\t\t<p>Unsere Organisation hat Erfahrung mit einem Projekt, das sich an arbeitslose Frauen richtet. Im Jahr 2019 haben wir das Projekt &#8220;Gemeinsamer Start in die Arbeitswelt&#8221; umgesetzt, das vom Europ\u00e4ischen Sozialfonds finanziert wird. Im Rahmen dieses Projekts organisierten wir f\u00fcr arbeitslose Frauen Unternehmerinnenkurse, Buchhaltungskurse und Computerschulungen. Jedes Jahr bieten wir Aerobic-, Zumba- und Nordic Walking-Aktivit\u00e4ten an. Von Zeit zu Zeit organisieren wir Ern\u00e4hrungsberatungen. Unsere NRO f\u00fchrte Sprach- und Computerkurse f\u00fcr Einwanderinnen aus der Ukraine durch, um ihnen den Einstieg in den Arbeitsmarkt zu erleichtern. Wir haben in Grundtvig ein Projekt mit dem Titel &#8220;COLOR BLIND&#8221; &#8211; Roma jenseits von Stereotypen durchgef\u00fchrt, das darauf abzielt, Stereotypen gegen\u00fcber Roma-Frauen aufzubrechen, indem es nicht-formale Methoden speziell f\u00fcr das Programm f\u00fcr lebenslanges Lernen einsetzt. Die Teilnehmer hatten Gelegenheit, \u00fcber die Roma-Gemeinschaften in ihren L\u00e4ndern, die Rechte der Roma, die Roma-Kultur und -Geschichte zu sprechen, und sie versuchten, gemeinsam L\u00f6sungen f\u00fcr die Integration der Roma-Frauen in die Gesellschaft zu finden. 8 Partnerl\u00e4nder aus Italien, der T\u00fcrkei, Polen, Mazedonien, \u00c4gypten, Israel, Georgien und Rum\u00e4nien. Das Projekt fand vom 05. bis 11. April 2012 in Busteni, einem Bergort in Rum\u00e4nien, statt. Unsere Organisation besteht aus 17 Mitarbeitern.  <\/p>\n\t\t\t\t\t\t\t\t<\/div>\n\t\t\t\t<\/div>\n\t\t\t\t\t<\/div>\n\t\t<\/div>\n\t\t\t\t\t<\/div>\n\t\t<\/section>\n\t\t\t\t<section class=\"elementor-section elementor-top-section elementor-element elementor-element-7c826b2 elementor-section-boxed elementor-section-height-default elementor-section-height-default\" data-id=\"7c826b2\" data-element_type=\"section\">\n\t\t\t\t\t\t<div class=\"elementor-container elementor-column-gap-default\">\n\t\t\t\t\t<div class=\"elementor-column elementor-col-100 elementor-top-column elementor-element elementor-element-965a210\" data-id=\"965a210\" data-element_type=\"column\">\n\t\t\t<div class=\"elementor-widget-wrap elementor-element-populated\">\n\t\t\t\t\t\t<div class=\"elementor-element elementor-element-49640d4 elementor-widget elementor-widget-text-editor\" data-id=\"49640d4\" data-element_type=\"widget\" data-widget_type=\"text-editor.default\">\n\t\t\t\t<div class=\"elementor-widget-container\">\n\t\t\t\t\t\t\t\t\t<p>An unseren Projecta sind die folgenden Schulmitarbeiter beteiligt:<\/p>\n<ul>\n<li style=\"list-style-type: none;\">\n<ul>\n<li>1. Anna Nowicka (7 Jahre Erfahrung in der Durchf\u00fchrung von Projekten im Rahmen des Programms f\u00fcr lebenslanges Lernen und Erasmus+, Lehrerin). 21 \/ 106 Aufforderung zur Einreichung von Vorschl\u00e4gen 2021 Runde 1 KA2 KA220-ADU &#8211; Kooperationspartnerschaften in der Erwachsenenbildung Formular-ID KA220-ADU-A83C0B30 Einreichungsfrist (Br\u00fcsseler Zeit) 21 Mai 2021 12:00:00 DE<\/li>\n<li>2. Barbara Szymanowska 11 Jahre Erfahrung in der Durchf\u00fchrung von Projekten, die aus \u00f6ffentlichen Mitteln finanziert werden, einschlie\u00dflich der Kofinanzierung durch die Europ\u00e4ische Union; gr\u00fcndliche Kenntnis der Grunds\u00e4tze und Techniken der Bewertung unter Ber\u00fccksichtigung der Kenntnisse der quantitativen und qualitativen Formen der Durchf\u00fchrung\/Forschung, Schuldirektorin).<\/li>\n<li>3. Alexander Chlasta und Karolina Chajdziony &#8211; Lehrer f\u00fcr Fremdsprachen &#8211; sind an der Durchf\u00fchrung von Sprachkursen beteiligt<\/li>\n<li>4. Tomasz Nowicki -IT-Ausbilder<\/li>\n<\/ul>\n<\/li>\n<\/ul>\n<p>Bei den Mitarbeitern handelt es sich um Personen mit jahrelanger Erfahrung und einschl\u00e4gigen Qualifikationen und Kompetenzen, die in fr\u00fcheren Projekten eingesetzt wurden.<\/p>\n\t\t\t\t\t\t\t\t<\/div>\n\t\t\t\t<\/div>\n\t\t\t\t\t<\/div>\n\t\t<\/div>\n\t\t\t\t\t<\/div>\n\t\t<\/section>\n\t\t\t\t<section class=\"elementor-section elementor-top-section elementor-element elementor-element-16cce47 elementor-section-boxed elementor-section-height-default elementor-section-height-default\" data-id=\"16cce47\" data-element_type=\"section\">\n\t\t\t\t\t\t<div class=\"elementor-container elementor-column-gap-default\">\n\t\t\t\t\t<div class=\"elementor-column elementor-col-100 elementor-top-column elementor-element elementor-element-0ebdf14\" data-id=\"0ebdf14\" data-element_type=\"column\">\n\t\t\t<div class=\"elementor-widget-wrap elementor-element-populated\">\n\t\t\t\t\t\t<div class=\"elementor-element elementor-element-b72f83b elementor-widget elementor-widget-text-editor\" data-id=\"b72f83b\" data-element_type=\"widget\" data-widget_type=\"text-editor.default\">\n\t\t\t\t<div class=\"elementor-widget-container\">\n\t\t\t\t\t\t\t\t\tSzansa dla Aktywnych<br>\nul. Szkolna 4  <br>Jank\u00f3w Przygodzki  <br>63-424 Przygodzice<p>\n\n<strong>E-Mail:<\/strong> <a href=\"mailto:info@sitename.com\">szansadlaaktywnych@gmail.com<\/a><\/p>\t\t\t\t\t\t\t\t<\/div>\n\t\t\t\t<\/div>\n\t\t\t\t\t<\/div>\n\t\t<\/div>\n\t\t\t\t\t<\/div>\n\t\t<\/section>\n\t\t\t\t<\/div>\n\t\t","protected":false},"excerpt":{"rendered":"<p>Stowarzyszenie &#8220;Szansa dla Aktywnych&#8221; Polen Die Association Opportunity for the Active ist eine Nichtregierungsorganisation mit 17 Ausbildern und 72 Auszubildenden. Der Verein wurde im Namen der Einwohner der Gemeinde Przygodzice (Zentralpolen zwischen Wroc\u0142aw und Pozna\u0144) gegr\u00fcndet. Ihr Hauptziel ist es, den Lebensstandard einer lokalen Gemeinschaft zu verbessern. Dar\u00fcber hinaus unterst\u00fctzt sie Ma\u00dfnahmen in den Bereichen [&hellip;]<\/p>\n","protected":false},"author":1,"featured_media":0,"parent":0,"menu_order":0,"comment_status":"closed","ping_status":"closed","template":"elementor_header_footer","meta":{"ocean_post_layout":"","ocean_both_sidebars_style":"","ocean_both_sidebars_content_width":0,"ocean_both_sidebars_sidebars_width":0,"ocean_sidebar":"0","ocean_second_sidebar":"0","ocean_disable_margins":"enable","ocean_add_body_class":"","ocean_shortcode_before_top_bar":"","ocean_shortcode_after_top_bar":"","ocean_shortcode_before_header":"","ocean_shortcode_after_header":"","ocean_has_shortcode":"","ocean_shortcode_after_title":"","ocean_shortcode_before_footer_widgets":"","ocean_shortcode_after_footer_widgets":"","ocean_shortcode_before_footer_bottom":"","ocean_shortcode_after_footer_bottom":"","ocean_display_top_bar":"default","ocean_display_header":"default","ocean_header_style":"","ocean_center_header_left_menu":"0","ocean_custom_header_template":"0","ocean_custom_logo":0,"ocean_custom_retina_logo":0,"ocean_custom_logo_max_width":0,"ocean_custom_logo_tablet_max_width":0,"ocean_custom_logo_mobile_max_width":0,"ocean_custom_logo_max_height":0,"ocean_custom_logo_tablet_max_height":0,"ocean_custom_logo_mobile_max_height":0,"ocean_header_custom_menu":"0","ocean_menu_typo_font_family":"0","ocean_menu_typo_font_subset":"","ocean_menu_typo_font_size":0,"ocean_menu_typo_font_size_tablet":0,"ocean_menu_typo_font_size_mobile":0,"ocean_menu_typo_font_size_unit":"px","ocean_menu_typo_font_weight":"","ocean_menu_typo_font_weight_tablet":"","ocean_menu_typo_font_weight_mobile":"","ocean_menu_typo_transform":"","ocean_menu_typo_transform_tablet":"","ocean_menu_typo_transform_mobile":"","ocean_menu_typo_line_height":0,"ocean_menu_typo_line_height_tablet":0,"ocean_menu_typo_line_height_mobile":0,"ocean_menu_typo_line_height_unit":"","ocean_menu_typo_spacing":0,"ocean_menu_typo_spacing_tablet":0,"ocean_menu_typo_spacing_mobile":0,"ocean_menu_typo_spacing_unit":"","ocean_menu_link_color":"","ocean_menu_link_color_hover":"","ocean_menu_link_color_active":"","ocean_menu_link_background":"","ocean_menu_link_hover_background":"","ocean_menu_link_active_background":"","ocean_menu_social_links_bg":"","ocean_menu_social_hover_links_bg":"","ocean_menu_social_links_color":"","ocean_menu_social_hover_links_color":"","ocean_disable_title":"default","ocean_disable_heading":"default","ocean_post_title":"","ocean_post_subheading":"","ocean_post_title_style":"","ocean_post_title_background_color":"","ocean_post_title_background":0,"ocean_post_title_bg_image_position":"","ocean_post_title_bg_image_attachment":"","ocean_post_title_bg_image_repeat":"","ocean_post_title_bg_image_size":"","ocean_post_title_height":0,"ocean_post_title_bg_overlay":0.5,"ocean_post_title_bg_overlay_color":"","ocean_disable_breadcrumbs":"default","ocean_breadcrumbs_color":"","ocean_breadcrumbs_separator_color":"","ocean_breadcrumbs_links_color":"","ocean_breadcrumbs_links_hover_color":"","ocean_display_footer_widgets":"default","ocean_display_footer_bottom":"default","ocean_custom_footer_template":"0","osh_disable_topbar_sticky":"default","osh_disable_header_sticky":"default","osh_sticky_header_style":"default","osh_sticky_header_effect":"","osh_custom_sticky_logo":0,"osh_custom_retina_sticky_logo":0,"osh_custom_sticky_logo_height":0,"osh_background_color":"","osh_links_color":"","osh_links_hover_color":"","osh_links_active_color":"","osh_links_bg_color":"","osh_links_hover_bg_color":"","osh_links_active_bg_color":"","osh_menu_social_links_color":"","osh_menu_social_hover_links_color":"","footnotes":""},"class_list":["post-6116","page","type-page","status-publish","hentry","entry"],"_links":{"self":[{"href":"https:\/\/key-competences.eu\/de\/wp-json\/wp\/v2\/pages\/6116","targetHints":{"allow":["GET"]}}],"collection":[{"href":"https:\/\/key-competences.eu\/de\/wp-json\/wp\/v2\/pages"}],"about":[{"href":"https:\/\/key-competences.eu\/de\/wp-json\/wp\/v2\/types\/page"}],"author":[{"embeddable":true,"href":"https:\/\/key-competences.eu\/de\/wp-json\/wp\/v2\/users\/1"}],"replies":[{"embeddable":true,"href":"https:\/\/key-competences.eu\/de\/wp-json\/wp\/v2\/comments?post=6116"}],"version-history":[{"count":1,"href":"https:\/\/key-competences.eu\/de\/wp-json\/wp\/v2\/pages\/6116\/revisions"}],"predecessor-version":[{"id":6120,"href":"https:\/\/key-competences.eu\/de\/wp-json\/wp\/v2\/pages\/6116\/revisions\/6120"}],"wp:attachment":[{"href":"https:\/\/key-competences.eu\/de\/wp-json\/wp\/v2\/media?parent=6116"}],"curies":[{"name":"wp","href":"https:\/\/api.w.org\/{rel}","templated":true}]}}