{"id":6131,"date":"2022-09-10T06:19:05","date_gmt":"2022-09-10T06:19:05","guid":{"rendered":"https:\/\/key-competences.eu\/tuerkiye-iuec"},"modified":"2024-03-15T15:20:18","modified_gmt":"2024-03-15T15:20:18","slug":"tuerkiye-iuec","status":"publish","type":"page","link":"https:\/\/key-competences.eu\/de\/tuerkiye-iuec","title":{"rendered":"T\u00fcrkiye &#8211; I\u00dcC"},"content":{"rendered":"\t\t<div data-elementor-type=\"wp-page\" data-elementor-id=\"6131\" class=\"elementor elementor-6131 elementor-2976\" data-elementor-post-type=\"page\">\n\t\t\t\t\t\t<section class=\"elementor-section elementor-top-section elementor-element elementor-element-020193f elementor-section-boxed elementor-section-height-default elementor-section-height-default\" data-id=\"020193f\" data-element_type=\"section\">\n\t\t\t\t\t\t<div class=\"elementor-container elementor-column-gap-default\">\n\t\t\t\t\t<div class=\"elementor-column elementor-col-100 elementor-top-column elementor-element elementor-element-83c9962\" data-id=\"83c9962\" data-element_type=\"column\">\n\t\t\t<div class=\"elementor-widget-wrap elementor-element-populated\">\n\t\t\t\t\t\t<section class=\"elementor-section elementor-inner-section elementor-element elementor-element-0ed50eb elementor-section-boxed elementor-section-height-default elementor-section-height-default\" data-id=\"0ed50eb\" data-element_type=\"section\">\n\t\t\t\t\t\t<div class=\"elementor-container elementor-column-gap-default\">\n\t\t\t\t\t<div class=\"elementor-column elementor-col-50 elementor-inner-column elementor-element elementor-element-6d5bd77\" data-id=\"6d5bd77\" data-element_type=\"column\">\n\t\t\t<div class=\"elementor-widget-wrap elementor-element-populated\">\n\t\t\t\t\t\t<div class=\"elementor-element elementor-element-5f01db2 elementor-widget elementor-widget-spacer\" data-id=\"5f01db2\" data-element_type=\"widget\" data-widget_type=\"spacer.default\">\n\t\t\t\t<div class=\"elementor-widget-container\">\n\t\t\t\t\t\t\t<div class=\"elementor-spacer\">\n\t\t\t<div class=\"elementor-spacer-inner\"><\/div>\n\t\t<\/div>\n\t\t\t\t\t\t<\/div>\n\t\t\t\t<\/div>\n\t\t\t\t<div class=\"elementor-element elementor-element-d51b9b6 elementor-widget elementor-widget-image\" data-id=\"d51b9b6\" data-element_type=\"widget\" data-widget_type=\"image.default\">\n\t\t\t\t<div class=\"elementor-widget-container\">\n\t\t\t\t\t\t\t\t\t\t\t\t\t\t\t<img decoding=\"async\" width=\"300\" height=\"83\" src=\"https:\/\/key-competences.eu\/wp-content\/uploads\/Logo-IUEC-300x83.jpg\" class=\"attachment-medium size-medium wp-image-4685\" alt=\"\" srcset=\"https:\/\/key-competences.eu\/wp-content\/uploads\/Logo-IUEC-300x83.jpg 300w, https:\/\/key-competences.eu\/wp-content\/uploads\/Logo-IUEC-768x211.jpg 768w, https:\/\/key-competences.eu\/wp-content\/uploads\/Logo-IUEC.jpg 800w\" sizes=\"(max-width: 300px) 100vw, 300px\" \/>\t\t\t\t\t\t\t\t\t\t\t\t\t\t\t<\/div>\n\t\t\t\t<\/div>\n\t\t\t\t\t<\/div>\n\t\t<\/div>\n\t\t\t\t<div class=\"elementor-column elementor-col-50 elementor-inner-column elementor-element elementor-element-db9320c\" data-id=\"db9320c\" data-element_type=\"column\">\n\t\t\t<div class=\"elementor-widget-wrap elementor-element-populated\">\n\t\t\t\t\t\t<div class=\"elementor-element elementor-element-b619ed7 elementor-widget elementor-widget-heading\" data-id=\"b619ed7\" data-element_type=\"widget\" data-widget_type=\"heading.default\">\n\t\t\t\t<div class=\"elementor-widget-container\">\n\t\t\t\t\t<h1 class=\"elementor-heading-title elementor-size-default\">ISTANBUL \u00dcNIVERSITESI - CERRAHPASA<br>\nT\u00fcrkiye<\/h1>\t\t\t\t<\/div>\n\t\t\t\t<\/div>\n\t\t\t\t\t<\/div>\n\t\t<\/div>\n\t\t\t\t\t<\/div>\n\t\t<\/section>\n\t\t\t\t\t<\/div>\n\t\t<\/div>\n\t\t\t\t\t<\/div>\n\t\t<\/section>\n\t\t\t\t<section class=\"elementor-section elementor-top-section elementor-element elementor-element-3bf9235e elementor-section-boxed elementor-section-height-default elementor-section-height-default\" data-id=\"3bf9235e\" data-element_type=\"section\">\n\t\t\t\t\t\t<div class=\"elementor-container elementor-column-gap-default\">\n\t\t\t\t\t<div class=\"elementor-column elementor-col-100 elementor-top-column elementor-element elementor-element-557c0f6c\" data-id=\"557c0f6c\" data-element_type=\"column\">\n\t\t\t<div class=\"elementor-widget-wrap\">\n\t\t\t\t\t\t\t<\/div>\n\t\t<\/div>\n\t\t\t\t\t<\/div>\n\t\t<\/section>\n\t\t\t\t<section class=\"elementor-section elementor-top-section elementor-element elementor-element-5f492dc8 elementor-section-boxed elementor-section-height-default elementor-section-height-default\" data-id=\"5f492dc8\" data-element_type=\"section\">\n\t\t\t\t\t\t<div class=\"elementor-container elementor-column-gap-default\">\n\t\t\t\t\t<div class=\"elementor-column elementor-col-100 elementor-top-column elementor-element elementor-element-5a1f5015\" data-id=\"5a1f5015\" data-element_type=\"column\">\n\t\t\t<div class=\"elementor-widget-wrap elementor-element-populated\">\n\t\t\t\t\t\t<div class=\"elementor-element elementor-element-6c00d06f elementor-widget elementor-widget-text-editor\" data-id=\"6c00d06f\" data-element_type=\"widget\" data-widget_type=\"text-editor.default\">\n\t\t\t\t<div class=\"elementor-widget-container\">\n\t\t\t\t\t\t\t\t\t<p><strong>Universit\u00e4t Istanbul &#8211; Cerrahpasa  <\/strong><\/p>\n<p>eine staatliche Universit\u00e4t, wurde 2018 durch Abspaltung von der \u00e4ltesten und gr\u00f6\u00dften Universit\u00e4t der T\u00fcrkei, der Universit\u00e4t Istanbul, gegr\u00fcndet. Der Hochschulrat hat diesen Beschluss gefasst, weil die Universit\u00e4t Istanbul 311.078 Studenten hatte, davon 73.214 regul\u00e4re und 237.864 Fernstudenten. Die beiden 2018 gegr\u00fcndeten Universit\u00e4ten sind die Istanbul University &#8211; Cerrahpasa (IUC) und die Istanbul University (IU), die ihren urspr\u00fcnglichen Namen beibehalten haben. Heute besteht die Universit\u00e4t Istanbul &#8211; Cerrahpasa aus 12 Fakult\u00e4ten, 5 Postgraduierten-Instituten, 5 Berufsschulen, 2081 akademischen Mitarbeitern und unterrichtet 39.337 Studenten. Medizin, Krankenpflege, P\u00e4dagogik, Ingenieurwesen, Gesundheitswissenschaften, Veterin\u00e4rmedizin und Forstwirtschaft geh\u00f6ren zu den Fakult\u00e4ten, die fr\u00fcher zur Universit\u00e4t Istanbul geh\u00f6rten und nun an die ICU verlegt wurden.<\/p>\n<p>Die Universit\u00e4t Istanbul-Cerrahpasa ist eine etablierte Forschungsuniversit\u00e4t, die aufgrund ihrer Erfahrung in den Bereichen Gesundheit, Ingenieurwesen, Natur- und Sozialwissenschaften bevorzugt wird. Sie h\u00e4lt sich an ethische Werte, erbringt qualitativ hochwertige Dienstleistungen, bildet sozial und akademisch qualifizierte Personen aus, profitiert von ihrem Wissen und handelt nach dem Motto, &#8220;die Besten zu sein&#8221;.<\/p>\n<p>Vision<\/p>\n<p>Wir wollen eine f\u00fchrende Forschungsuniversit\u00e4t sein, die in der Welt und in unserem Land akzeptiert wird.<\/p>\n<p>Grundlegende Werte<\/p>\n<p>Akademische Freiheit: Die oberste Priorit\u00e4t unserer Universit\u00e4t ist es, ein akademisches Umfeld zu schaffen, in dem ihre Mitglieder frei sind, Wissen durch Forschung, Dienstleistungen und Bildungsaktivit\u00e4ten zu produzieren und zu pr\u00e4sentieren.<\/p>\n<p>Ethische Werte: Unsere Universit\u00e4t beachtet bei ihren Aktivit\u00e4ten und Entscheidungen nicht nur die Gesetze, sondern auch die Menschenrechte, die Menschenw\u00fcrde und ethische Werte.<\/p>\n<p>Transparenz: Die Universit\u00e4tsverwaltung stellt sicher, dass alle Vorg\u00e4nge innerhalb der Universit\u00e4t nachvollziehbar sind.<\/p>\n<p>Zusammenarbeit: Unsere Universit\u00e4t setzt Ma\u00dfnahmen zur Ausweitung nationaler und internationaler Kooperationsnetze um.<\/p>\n<p>Soziales Bewu\u00dftsein: Es tr\u00e4gt zur L\u00f6sung sozialer Probleme und zur Zukunft der Gesellschaft bei, indem es soziale Werte ber\u00fccksichtigt.<\/p>\n<p>Kultureller Beitrag: Unsere Universit\u00e4t; Zus\u00e4tzlich zu all ihren Aktivit\u00e4ten nimmt sie mit ihren Studenten und Mitgliedern an Projekten teil, die die kulturelle Entwicklung der Gesellschaft unterst\u00fctzen.<\/p>\n<p>Unternehmertum: Sie bietet die Ausbildung und die M\u00f6glichkeiten, die erforderlich sind, um sowohl ihren Lehrkr\u00e4ften als auch ihren Studierenden eine unternehmerische Kultur zu vermitteln.<\/p>\n<p>Nachhaltigkeit: Unsere Universit\u00e4t stellt sicher, dass alle ihre Aktivit\u00e4ten \u00f6kologisch nachhaltig sind.<\/p>\n<p>Website: <a href=\"https:\/\/www.iuc.edu.tr\/tr\/_\" target=\"_blank\" rel=\"noopener\">https:\/\/www.iuc.edu.tr\/tr\/_<\/a><\/p>\n<p>E-Mail: <a href=\"mailto:euoffice@iuc.edu.tr\">euoffice@iuc.edu.tr<\/a><\/p>\n<p>Instagram: <a href=\"https:\/\/www.instagram.com\/iucerrahpasa\/\" target=\"_blank\" rel=\"noopener\">https:\/\/www.instagram.com\/iucerrahpasa\/<\/a><\/p>\n<p>facebook: https:\/\/www.facebook.com\/iucsemTurkey<\/p>\n\t\t\t\t\t\t\t\t<\/div>\n\t\t\t\t<\/div>\n\t\t\t\t\t<\/div>\n\t\t<\/div>\n\t\t\t\t\t<\/div>\n\t\t<\/section>\n\t\t\t\t<\/div>\n\t\t","protected":false},"excerpt":{"rendered":"<p>ISTANBUL \u00dcNIVERSITESI &#8211; CERRAHPASA T\u00fcrkiye Universit\u00e4t Istanbul &#8211; Cerrahpasa eine staatliche Universit\u00e4t, wurde 2018 durch Abspaltung von der \u00e4ltesten und gr\u00f6\u00dften Universit\u00e4t der T\u00fcrkei, der Universit\u00e4t Istanbul, gegr\u00fcndet. Der Hochschulrat hat diesen Beschluss gefasst, weil die Universit\u00e4t Istanbul 311.078 Studenten hatte, davon 73.214 regul\u00e4re und 237.864 Fernstudenten. Die beiden 2018 gegr\u00fcndeten Universit\u00e4ten sind die Istanbul [&hellip;]<\/p>\n","protected":false},"author":1,"featured_media":0,"parent":0,"menu_order":0,"comment_status":"closed","ping_status":"closed","template":"elementor_header_footer","meta":{"ocean_post_layout":"","ocean_both_sidebars_style":"","ocean_both_sidebars_content_width":0,"ocean_both_sidebars_sidebars_width":0,"ocean_sidebar":"0","ocean_second_sidebar":"0","ocean_disable_margins":"enable","ocean_add_body_class":"","ocean_shortcode_before_top_bar":"","ocean_shortcode_after_top_bar":"","ocean_shortcode_before_header":"","ocean_shortcode_after_header":"","ocean_has_shortcode":"","ocean_shortcode_after_title":"","ocean_shortcode_before_footer_widgets":"","ocean_shortcode_after_footer_widgets":"","ocean_shortcode_before_footer_bottom":"","ocean_shortcode_after_footer_bottom":"","ocean_display_top_bar":"default","ocean_display_header":"default","ocean_header_style":"","ocean_center_header_left_menu":"0","ocean_custom_header_template":"0","ocean_custom_logo":0,"ocean_custom_retina_logo":0,"ocean_custom_logo_max_width":0,"ocean_custom_logo_tablet_max_width":0,"ocean_custom_logo_mobile_max_width":0,"ocean_custom_logo_max_height":0,"ocean_custom_logo_tablet_max_height":0,"ocean_custom_logo_mobile_max_height":0,"ocean_header_custom_menu":"0","ocean_menu_typo_font_family":"0","ocean_menu_typo_font_subset":"","ocean_menu_typo_font_size":0,"ocean_menu_typo_font_size_tablet":0,"ocean_menu_typo_font_size_mobile":0,"ocean_menu_typo_font_size_unit":"px","ocean_menu_typo_font_weight":"","ocean_menu_typo_font_weight_tablet":"","ocean_menu_typo_font_weight_mobile":"","ocean_menu_typo_transform":"","ocean_menu_typo_transform_tablet":"","ocean_menu_typo_transform_mobile":"","ocean_menu_typo_line_height":0,"ocean_menu_typo_line_height_tablet":0,"ocean_menu_typo_line_height_mobile":0,"ocean_menu_typo_line_height_unit":"","ocean_menu_typo_spacing":0,"ocean_menu_typo_spacing_tablet":0,"ocean_menu_typo_spacing_mobile":0,"ocean_menu_typo_spacing_unit":"","ocean_menu_link_color":"","ocean_menu_link_color_hover":"","ocean_menu_link_color_active":"","ocean_menu_link_background":"","ocean_menu_link_hover_background":"","ocean_menu_link_active_background":"","ocean_menu_social_links_bg":"","ocean_menu_social_hover_links_bg":"","ocean_menu_social_links_color":"","ocean_menu_social_hover_links_color":"","ocean_disable_title":"default","ocean_disable_heading":"default","ocean_post_title":"","ocean_post_subheading":"","ocean_post_title_style":"","ocean_post_title_background_color":"","ocean_post_title_background":0,"ocean_post_title_bg_image_position":"","ocean_post_title_bg_image_attachment":"","ocean_post_title_bg_image_repeat":"","ocean_post_title_bg_image_size":"","ocean_post_title_height":0,"ocean_post_title_bg_overlay":0.5,"ocean_post_title_bg_overlay_color":"","ocean_disable_breadcrumbs":"default","ocean_breadcrumbs_color":"","ocean_breadcrumbs_separator_color":"","ocean_breadcrumbs_links_color":"","ocean_breadcrumbs_links_hover_color":"","ocean_display_footer_widgets":"default","ocean_display_footer_bottom":"default","ocean_custom_footer_template":"0","osh_disable_topbar_sticky":"default","osh_disable_header_sticky":"default","osh_sticky_header_style":"default","osh_sticky_header_effect":"","osh_custom_sticky_logo":0,"osh_custom_retina_sticky_logo":0,"osh_custom_sticky_logo_height":0,"osh_background_color":"","osh_links_color":"","osh_links_hover_color":"","osh_links_active_color":"","osh_links_bg_color":"","osh_links_hover_bg_color":"","osh_links_active_bg_color":"","osh_menu_social_links_color":"","osh_menu_social_hover_links_color":"","footnotes":""},"class_list":["post-6131","page","type-page","status-publish","hentry","entry"],"_links":{"self":[{"href":"https:\/\/key-competences.eu\/de\/wp-json\/wp\/v2\/pages\/6131","targetHints":{"allow":["GET"]}}],"collection":[{"href":"https:\/\/key-competences.eu\/de\/wp-json\/wp\/v2\/pages"}],"about":[{"href":"https:\/\/key-competences.eu\/de\/wp-json\/wp\/v2\/types\/page"}],"author":[{"embeddable":true,"href":"https:\/\/key-competences.eu\/de\/wp-json\/wp\/v2\/users\/1"}],"replies":[{"embeddable":true,"href":"https:\/\/key-competences.eu\/de\/wp-json\/wp\/v2\/comments?post=6131"}],"version-history":[{"count":1,"href":"https:\/\/key-competences.eu\/de\/wp-json\/wp\/v2\/pages\/6131\/revisions"}],"predecessor-version":[{"id":6137,"href":"https:\/\/key-competences.eu\/de\/wp-json\/wp\/v2\/pages\/6131\/revisions\/6137"}],"wp:attachment":[{"href":"https:\/\/key-competences.eu\/de\/wp-json\/wp\/v2\/media?parent=6131"}],"curies":[{"name":"wp","href":"https:\/\/api.w.org\/{rel}","templated":true}]}}