{"id":6157,"date":"2024-03-13T09:50:14","date_gmt":"2024-03-13T09:50:14","guid":{"rendered":"https:\/\/key-competences.eu\/newsletter"},"modified":"2024-04-05T11:01:13","modified_gmt":"2024-04-05T11:01:13","slug":"newsletter","status":"publish","type":"page","link":"https:\/\/key-competences.eu\/de\/newsletter","title":{"rendered":"Newsletter"},"content":{"rendered":"\t\t<div data-elementor-type=\"wp-page\" data-elementor-id=\"6157\" class=\"elementor elementor-6157 elementor-3989\" data-elementor-post-type=\"page\">\n\t\t\t\t<div class=\"elementor-element elementor-element-2361e48 e-con-full e-flex e-con e-parent\" data-id=\"2361e48\" data-element_type=\"container\" data-settings=\"{&quot;shape_divider_top&quot;:&quot;opacity-fan&quot;}\">\n\t\t\t\t<div class=\"elementor-shape elementor-shape-top\" aria-hidden=\"true\" data-negative=\"false\">\n\t\t\t<svg xmlns=\"http:\/\/www.w3.org\/2000\/svg\" viewBox=\"0 0 283.5 19.6\" preserveAspectRatio=\"none\">\n\t<path class=\"elementor-shape-fill\" style=\"opacity:0.33\" d=\"M0 0L0 18.8 141.8 4.1 283.5 18.8 283.5 0z\"\/>\n\t<path class=\"elementor-shape-fill\" style=\"opacity:0.33\" d=\"M0 0L0 12.6 141.8 4 283.5 12.6 283.5 0z\"\/>\n\t<path class=\"elementor-shape-fill\" style=\"opacity:0.33\" d=\"M0 0L0 6.4 141.8 4 283.5 6.4 283.5 0z\"\/>\n\t<path class=\"elementor-shape-fill\" d=\"M0 0L0 1.2 141.8 4 283.5 1.2 283.5 0z\"\/>\n<\/svg>\t\t<\/div>\n\t\t\t\t<\/div>\n\t\t<div class=\"elementor-element elementor-element-daaa5e5 e-flex e-con-boxed e-con e-parent\" data-id=\"daaa5e5\" data-element_type=\"container\">\n\t\t\t\t\t<div class=\"e-con-inner\">\n\t\t\t\t<div class=\"elementor-element elementor-element-f5079a4 elementor-widget-divider--view-line elementor-widget elementor-widget-divider\" data-id=\"f5079a4\" data-element_type=\"widget\" data-widget_type=\"divider.default\">\n\t\t\t\t<div class=\"elementor-widget-container\">\n\t\t\t\t\t\t\t<div class=\"elementor-divider\">\n\t\t\t<span class=\"elementor-divider-separator\">\n\t\t\t\t\t\t<\/span>\n\t\t<\/div>\n\t\t\t\t\t\t<\/div>\n\t\t\t\t<\/div>\n\t\t\t\t<div class=\"elementor-element elementor-element-b411d48 elementor-widget elementor-widget-heading\" data-id=\"b411d48\" data-element_type=\"widget\" data-widget_type=\"heading.default\">\n\t\t\t\t<div class=\"elementor-widget-container\">\n\t\t\t\t\t<h2 class=\"elementor-heading-title elementor-size-default\">Newsletters f\u00fcr unsere lokalen Gemeinschaften\n<\/h2>\t\t\t\t<\/div>\n\t\t\t\t<\/div>\n\t\t\t\t<div class=\"elementor-element elementor-element-b31f6b2 elementor-widget-divider--view-line elementor-widget elementor-widget-divider\" data-id=\"b31f6b2\" data-element_type=\"widget\" data-widget_type=\"divider.default\">\n\t\t\t\t<div class=\"elementor-widget-container\">\n\t\t\t\t\t\t\t<div class=\"elementor-divider\">\n\t\t\t<span class=\"elementor-divider-separator\">\n\t\t\t\t\t\t<\/span>\n\t\t<\/div>\n\t\t\t\t\t\t<\/div>\n\t\t\t\t<\/div>\n\t\t\t\t<div class=\"elementor-element elementor-element-5c6d75f elementor-widget elementor-widget-text-editor\" data-id=\"5c6d75f\" data-element_type=\"widget\" data-widget_type=\"text-editor.default\">\n\t\t\t\t<div class=\"elementor-widget-container\">\n\t\t\t\t\t\t\t\t\t<p>Wenn wir uns auf die Reise zu Erasmus+-Projekten begeben, ist es von gr\u00f6\u00dfter Bedeutung, ihre zentrale Rolle bei der F\u00f6rderung des interkulturellen Austauschs, der Innovation und der Zusammenarbeit zwischen den Nationen zu erkennen. Diese Projekte dienen als Br\u00fccken zwischen verschiedenen Gemeinschaften, f\u00f6rdern das gegenseitige Verst\u00e4ndnis und bereichern die Bildungslandschaft.<\/p>\n<p>Ihre Auswirkungen reichen jedoch \u00fcber die Grenzen unseres unmittelbaren Umfelds hinaus. Durch die Verbreitung von Informationen \u00fcber Erasmus+-Initiativen in den L\u00e4ndern der Projektteilnehmer erh\u00f6hen wir deren Bedeutung und Reichweite. Durch diese Verbreitung wird nicht nur das Bewusstsein gesch\u00e4rft, sondern auch eine Kultur der aktiven Beteiligung und des Engagements in der internationalen Zusammenarbeit gepflegt.<\/p>\n<p>Indem wir die Newsletter unserer gesch\u00e4tzten Partner ins Rampenlicht r\u00fccken, verst\u00e4rken wir das gemeinsame Engagement f\u00fcr die F\u00f6rderung von Bildung, Mobilit\u00e4t und interkulturellem Dialog \u00fcber Grenzen hinweg. Lassen Sie uns diese Gelegenheit nutzen, um die transformative Kraft von Erasmus+-Projekten zu feiern und ihre Verbreitung weit und breit zu f\u00f6rdern.<\/p>\n\t\t\t\t\t\t\t\t<\/div>\n\t\t\t\t<\/div>\n\t\t\t\t<div class=\"elementor-element elementor-element-f36add5 elementor-widget-divider--view-line elementor-widget elementor-widget-divider\" data-id=\"f36add5\" data-element_type=\"widget\" data-widget_type=\"divider.default\">\n\t\t\t\t<div class=\"elementor-widget-container\">\n\t\t\t\t\t\t\t<div class=\"elementor-divider\">\n\t\t\t<span class=\"elementor-divider-separator\">\n\t\t\t\t\t\t<\/span>\n\t\t<\/div>\n\t\t\t\t\t\t<\/div>\n\t\t\t\t<\/div>\n\t\t\t\t\t<\/div>\n\t\t\t\t<\/div>\n\t\t<div class=\"elementor-element elementor-element-5739e38 e-con-full e-flex e-con e-parent\" data-id=\"5739e38\" data-element_type=\"container\" data-settings=\"{&quot;shape_divider_bottom&quot;:&quot;opacity-fan&quot;}\">\n\t\t\t\t<div class=\"elementor-shape elementor-shape-bottom\" aria-hidden=\"true\" data-negative=\"false\">\n\t\t\t<svg xmlns=\"http:\/\/www.w3.org\/2000\/svg\" viewBox=\"0 0 283.5 19.6\" preserveAspectRatio=\"none\">\n\t<path class=\"elementor-shape-fill\" style=\"opacity:0.33\" d=\"M0 0L0 18.8 141.8 4.1 283.5 18.8 283.5 0z\"\/>\n\t<path class=\"elementor-shape-fill\" style=\"opacity:0.33\" d=\"M0 0L0 12.6 141.8 4 283.5 12.6 283.5 0z\"\/>\n\t<path class=\"elementor-shape-fill\" style=\"opacity:0.33\" d=\"M0 0L0 6.4 141.8 4 283.5 6.4 283.5 0z\"\/>\n\t<path class=\"elementor-shape-fill\" d=\"M0 0L0 1.2 141.8 4 283.5 1.2 283.5 0z\"\/>\n<\/svg>\t\t<\/div>\n\t\t\t\t<\/div>\n\t\t<div class=\"elementor-element elementor-element-93597c2 e-grid e-con-boxed e-con e-parent\" data-id=\"93597c2\" data-element_type=\"container\">\n\t\t\t\t\t<div class=\"e-con-inner\">\n\t\t\t\t<div class=\"elementor-element elementor-element-b7cf858 elementor-widget elementor-widget-image\" data-id=\"b7cf858\" data-element_type=\"widget\" data-widget_type=\"image.default\">\n\t\t\t\t<div class=\"elementor-widget-container\">\n\t\t\t\t\t\t\t\t\t\t\t\t<figure class=\"wp-caption\">\n\t\t\t\t\t\t\t\t\t\t\t<a href=\"https:\/\/key-competences.eu\/wp-content\/uploads\/DE-DSG.pdf\">\n\t\t\t\t\t\t\t<img decoding=\"async\" width=\"328\" height=\"75\" src=\"https:\/\/key-competences.eu\/wp-content\/uploads\/GILDE-mit-Schriftzug.png\" class=\"attachment-large size-large wp-image-5555\" alt=\"\" srcset=\"https:\/\/key-competences.eu\/wp-content\/uploads\/GILDE-mit-Schriftzug.png 328w, https:\/\/key-competences.eu\/wp-content\/uploads\/GILDE-mit-Schriftzug-300x69.png 300w\" sizes=\"(max-width: 328px) 100vw, 328px\" \/>\t\t\t\t\t\t\t\t<\/a>\n\t\t\t\t\t\t\t\t\t\t\t<figcaption class=\"widget-image-caption wp-caption-text\">Deutschland<\/figcaption>\n\t\t\t\t\t\t\t\t\t\t<\/figure>\n\t\t\t\t\t\t\t\t\t<\/div>\n\t\t\t\t<\/div>\n\t\t\t\t<div class=\"elementor-element elementor-element-84e6059 elementor-widget elementor-widget-image\" data-id=\"84e6059\" data-element_type=\"widget\" data-widget_type=\"image.default\">\n\t\t\t\t<div class=\"elementor-widget-container\">\n\t\t\t\t\t\t\t\t\t\t\t\t<figure class=\"wp-caption\">\n\t\t\t\t\t\t\t\t\t\t\t<a href=\"https:\/\/key-competences.eu\/wp-content\/uploads\/IT-EIP.pdf\">\n\t\t\t\t\t\t\t<img decoding=\"async\" width=\"348\" height=\"100\" src=\"https:\/\/key-competences.eu\/wp-content\/uploads\/Logo_ITALIA_Education_InProgress.jpg\" class=\"attachment-large size-large wp-image-4700\" alt=\"\" srcset=\"https:\/\/key-competences.eu\/wp-content\/uploads\/Logo_ITALIA_Education_InProgress.jpg 348w, https:\/\/key-competences.eu\/wp-content\/uploads\/Logo_ITALIA_Education_InProgress-300x86.jpg 300w\" sizes=\"(max-width: 348px) 100vw, 348px\" \/>\t\t\t\t\t\t\t\t<\/a>\n\t\t\t\t\t\t\t\t\t\t\t<figcaption class=\"widget-image-caption wp-caption-text\">Italien<\/figcaption>\n\t\t\t\t\t\t\t\t\t\t<\/figure>\n\t\t\t\t\t\t\t\t\t<\/div>\n\t\t\t\t<\/div>\n\t\t\t\t<div class=\"elementor-element elementor-element-02b401e elementor-widget elementor-widget-image\" data-id=\"02b401e\" data-element_type=\"widget\" data-widget_type=\"image.default\">\n\t\t\t\t<div class=\"elementor-widget-container\">\n\t\t\t\t\t\t\t\t\t\t\t\t<figure class=\"wp-caption\">\n\t\t\t\t\t\t\t\t\t\t\t<a href=\"https:\/\/key-competences.eu\/wp-content\/uploads\/NL-GEC.pdf\">\n\t\t\t\t\t\t\t<img fetchpriority=\"high\" decoding=\"async\" width=\"576\" height=\"576\" src=\"https:\/\/key-competences.eu\/wp-content\/uploads\/Logo-Netherlands.jpg\" class=\"attachment-large size-large wp-image-4690\" alt=\"\" srcset=\"https:\/\/key-competences.eu\/wp-content\/uploads\/Logo-Netherlands.jpg 576w, https:\/\/key-competences.eu\/wp-content\/uploads\/Logo-Netherlands-300x300.jpg 300w, https:\/\/key-competences.eu\/wp-content\/uploads\/Logo-Netherlands-150x150.jpg 150w\" sizes=\"(max-width: 576px) 100vw, 576px\" \/>\t\t\t\t\t\t\t\t<\/a>\n\t\t\t\t\t\t\t\t\t\t\t<figcaption class=\"widget-image-caption wp-caption-text\">Niederlande<\/figcaption>\n\t\t\t\t\t\t\t\t\t\t<\/figure>\n\t\t\t\t\t\t\t\t\t<\/div>\n\t\t\t\t<\/div>\n\t\t\t\t<div class=\"elementor-element elementor-element-6d5d3a2 elementor-widget elementor-widget-image\" data-id=\"6d5d3a2\" data-element_type=\"widget\" data-widget_type=\"image.default\">\n\t\t\t\t<div class=\"elementor-widget-container\">\n\t\t\t\t\t\t\t\t\t\t\t\t<figure class=\"wp-caption\">\n\t\t\t\t\t\t\t\t\t\t\t<a href=\"https:\/\/key-competences.eu\/wp-content\/uploads\/PL-SDA.pdf\">\n\t\t\t\t\t\t\t<img loading=\"lazy\" decoding=\"async\" width=\"605\" height=\"337\" src=\"https:\/\/key-competences.eu\/wp-content\/uploads\/Logo-Poland.jpg\" class=\"attachment-large size-large wp-image-4695\" alt=\"\" srcset=\"https:\/\/key-competences.eu\/wp-content\/uploads\/Logo-Poland.jpg 605w, https:\/\/key-competences.eu\/wp-content\/uploads\/Logo-Poland-300x167.jpg 300w\" sizes=\"(max-width: 605px) 100vw, 605px\" \/>\t\t\t\t\t\t\t\t<\/a>\n\t\t\t\t\t\t\t\t\t\t\t<figcaption class=\"widget-image-caption wp-caption-text\">Polen<\/figcaption>\n\t\t\t\t\t\t\t\t\t\t<\/figure>\n\t\t\t\t\t\t\t\t\t<\/div>\n\t\t\t\t<\/div>\n\t\t\t\t<div class=\"elementor-element elementor-element-d20a69d elementor-widget elementor-widget-image\" data-id=\"d20a69d\" data-element_type=\"widget\" data-widget_type=\"image.default\">\n\t\t\t\t<div class=\"elementor-widget-container\">\n\t\t\t\t\t\t\t\t\t\t\t\t<figure class=\"wp-caption\">\n\t\t\t\t\t\t\t\t\t\t\t<a href=\"https:\/\/key-competences.eu\/wp-content\/uploads\/TR-EISA.pdf\">\n\t\t\t\t\t\t\t<img loading=\"lazy\" decoding=\"async\" width=\"600\" height=\"418\" src=\"https:\/\/key-competences.eu\/wp-content\/uploads\/Eisa-logo.jpg\" class=\"attachment-large size-large wp-image-4680\" alt=\"\" srcset=\"https:\/\/key-competences.eu\/wp-content\/uploads\/Eisa-logo.jpg 600w, https:\/\/key-competences.eu\/wp-content\/uploads\/Eisa-logo-300x209.jpg 300w\" sizes=\"(max-width: 600px) 100vw, 600px\" \/>\t\t\t\t\t\t\t\t<\/a>\n\t\t\t\t\t\t\t\t\t\t\t<figcaption class=\"widget-image-caption wp-caption-text\">T\u00fcrkiye - EISA<\/figcaption>\n\t\t\t\t\t\t\t\t\t\t<\/figure>\n\t\t\t\t\t\t\t\t\t<\/div>\n\t\t\t\t<\/div>\n\t\t\t\t<div class=\"elementor-element elementor-element-9bffa69 elementor-widget elementor-widget-image\" data-id=\"9bffa69\" data-element_type=\"widget\" data-widget_type=\"image.default\">\n\t\t\t\t<div class=\"elementor-widget-container\">\n\t\t\t\t\t\t\t\t\t\t\t\t<figure class=\"wp-caption\">\n\t\t\t\t\t\t\t\t\t\t\t<a href=\"https:\/\/key-competences.eu\/wp-content\/uploads\/TR-EISA.pdf\">\n\t\t\t\t\t\t\t<img loading=\"lazy\" decoding=\"async\" width=\"800\" height=\"220\" src=\"https:\/\/key-competences.eu\/wp-content\/uploads\/Logo-IUEC.jpg\" class=\"attachment-large size-large wp-image-4685\" alt=\"\" srcset=\"https:\/\/key-competences.eu\/wp-content\/uploads\/Logo-IUEC.jpg 800w, https:\/\/key-competences.eu\/wp-content\/uploads\/Logo-IUEC-300x83.jpg 300w, https:\/\/key-competences.eu\/wp-content\/uploads\/Logo-IUEC-768x211.jpg 768w\" sizes=\"(max-width: 800px) 100vw, 800px\" \/>\t\t\t\t\t\t\t\t<\/a>\n\t\t\t\t\t\t\t\t\t\t\t<figcaption class=\"widget-image-caption wp-caption-text\">T\u00fcrkiye - I\u00dcC<\/figcaption>\n\t\t\t\t\t\t\t\t\t\t<\/figure>\n\t\t\t\t\t\t\t\t\t<\/div>\n\t\t\t\t<\/div>\n\t\t\t\t\t<\/div>\n\t\t\t\t<\/div>\n\t\t\t\t<\/div>\n\t\t","protected":false},"excerpt":{"rendered":"<p>Newsletters f\u00fcr unsere lokalen Gemeinschaften Wenn wir uns auf die Reise zu Erasmus+-Projekten begeben, ist es von gr\u00f6\u00dfter Bedeutung, ihre zentrale Rolle bei der F\u00f6rderung des interkulturellen Austauschs, der Innovation und der Zusammenarbeit zwischen den Nationen zu erkennen. Diese Projekte dienen als Br\u00fccken zwischen verschiedenen Gemeinschaften, f\u00f6rdern das gegenseitige Verst\u00e4ndnis und bereichern die Bildungslandschaft. Ihre [&hellip;]<\/p>\n","protected":false},"author":1,"featured_media":0,"parent":0,"menu_order":0,"comment_status":"closed","ping_status":"closed","template":"elementor_header_footer","meta":{"ocean_post_layout":"","ocean_both_sidebars_style":"","ocean_both_sidebars_content_width":0,"ocean_both_sidebars_sidebars_width":0,"ocean_sidebar":"","ocean_second_sidebar":"","ocean_disable_margins":"enable","ocean_add_body_class":"","ocean_shortcode_before_top_bar":"","ocean_shortcode_after_top_bar":"","ocean_shortcode_before_header":"","ocean_shortcode_after_header":"","ocean_has_shortcode":"","ocean_shortcode_after_title":"","ocean_shortcode_before_footer_widgets":"","ocean_shortcode_after_footer_widgets":"","ocean_shortcode_before_footer_bottom":"","ocean_shortcode_after_footer_bottom":"","ocean_display_top_bar":"default","ocean_display_header":"default","ocean_header_style":"","ocean_center_header_left_menu":"","ocean_custom_header_template":"","ocean_custom_logo":0,"ocean_custom_retina_logo":0,"ocean_custom_logo_max_width":0,"ocean_custom_logo_tablet_max_width":0,"ocean_custom_logo_mobile_max_width":0,"ocean_custom_logo_max_height":0,"ocean_custom_logo_tablet_max_height":0,"ocean_custom_logo_mobile_max_height":0,"ocean_header_custom_menu":"","ocean_menu_typo_font_family":"","ocean_menu_typo_font_subset":"","ocean_menu_typo_font_size":0,"ocean_menu_typo_font_size_tablet":0,"ocean_menu_typo_font_size_mobile":0,"ocean_menu_typo_font_size_unit":"px","ocean_menu_typo_font_weight":"","ocean_menu_typo_font_weight_tablet":"","ocean_menu_typo_font_weight_mobile":"","ocean_menu_typo_transform":"","ocean_menu_typo_transform_tablet":"","ocean_menu_typo_transform_mobile":"","ocean_menu_typo_line_height":0,"ocean_menu_typo_line_height_tablet":0,"ocean_menu_typo_line_height_mobile":0,"ocean_menu_typo_line_height_unit":"","ocean_menu_typo_spacing":0,"ocean_menu_typo_spacing_tablet":0,"ocean_menu_typo_spacing_mobile":0,"ocean_menu_typo_spacing_unit":"","ocean_menu_link_color":"","ocean_menu_link_color_hover":"","ocean_menu_link_color_active":"","ocean_menu_link_background":"","ocean_menu_link_hover_background":"","ocean_menu_link_active_background":"","ocean_menu_social_links_bg":"","ocean_menu_social_hover_links_bg":"","ocean_menu_social_links_color":"","ocean_menu_social_hover_links_color":"","ocean_disable_title":"default","ocean_disable_heading":"default","ocean_post_title":"","ocean_post_subheading":"","ocean_post_title_style":"","ocean_post_title_background_color":"","ocean_post_title_background":0,"ocean_post_title_bg_image_position":"","ocean_post_title_bg_image_attachment":"","ocean_post_title_bg_image_repeat":"","ocean_post_title_bg_image_size":"","ocean_post_title_height":0,"ocean_post_title_bg_overlay":0.5,"ocean_post_title_bg_overlay_color":"","ocean_disable_breadcrumbs":"default","ocean_breadcrumbs_color":"","ocean_breadcrumbs_separator_color":"","ocean_breadcrumbs_links_color":"","ocean_breadcrumbs_links_hover_color":"","ocean_display_footer_widgets":"default","ocean_display_footer_bottom":"default","ocean_custom_footer_template":"","osh_disable_topbar_sticky":"default","osh_disable_header_sticky":"default","osh_sticky_header_style":"default","osh_sticky_header_effect":"","osh_custom_sticky_logo":0,"osh_custom_retina_sticky_logo":0,"osh_custom_sticky_logo_height":0,"osh_background_color":"","osh_links_color":"","osh_links_hover_color":"","osh_links_active_color":"","osh_links_bg_color":"","osh_links_hover_bg_color":"","osh_links_active_bg_color":"","osh_menu_social_links_color":"","osh_menu_social_hover_links_color":"","footnotes":""},"class_list":["post-6157","page","type-page","status-publish","hentry","entry"],"_links":{"self":[{"href":"https:\/\/key-competences.eu\/de\/wp-json\/wp\/v2\/pages\/6157","targetHints":{"allow":["GET"]}}],"collection":[{"href":"https:\/\/key-competences.eu\/de\/wp-json\/wp\/v2\/pages"}],"about":[{"href":"https:\/\/key-competences.eu\/de\/wp-json\/wp\/v2\/types\/page"}],"author":[{"embeddable":true,"href":"https:\/\/key-competences.eu\/de\/wp-json\/wp\/v2\/users\/1"}],"replies":[{"embeddable":true,"href":"https:\/\/key-competences.eu\/de\/wp-json\/wp\/v2\/comments?post=6157"}],"version-history":[{"count":2,"href":"https:\/\/key-competences.eu\/de\/wp-json\/wp\/v2\/pages\/6157\/revisions"}],"predecessor-version":[{"id":7013,"href":"https:\/\/key-competences.eu\/de\/wp-json\/wp\/v2\/pages\/6157\/revisions\/7013"}],"wp:attachment":[{"href":"https:\/\/key-competences.eu\/de\/wp-json\/wp\/v2\/media?parent=6157"}],"curies":[{"name":"wp","href":"https:\/\/api.w.org\/{rel}","templated":true}]}}