{"id":6112,"date":"2022-09-10T04:40:56","date_gmt":"2022-09-10T04:40:56","guid":{"rendered":"https:\/\/key-competences.eu\/polonia"},"modified":"2024-03-15T15:18:20","modified_gmt":"2024-03-15T15:18:20","slug":"polonia","status":"publish","type":"page","link":"https:\/\/key-competences.eu\/it\/polonia","title":{"rendered":"Polonia"},"content":{"rendered":"\t\t<div data-elementor-type=\"wp-page\" data-elementor-id=\"6112\" class=\"elementor elementor-6112 elementor-2947\" data-elementor-post-type=\"page\">\n\t\t\t\t\t\t<section class=\"elementor-section elementor-top-section elementor-element elementor-element-ea0824c elementor-section-boxed elementor-section-height-default elementor-section-height-default\" data-id=\"ea0824c\" data-element_type=\"section\">\n\t\t\t\t\t\t<div class=\"elementor-container elementor-column-gap-default\">\n\t\t\t\t\t<div class=\"elementor-column elementor-col-100 elementor-top-column elementor-element elementor-element-a3d4e3b\" data-id=\"a3d4e3b\" data-element_type=\"column\">\n\t\t\t<div class=\"elementor-widget-wrap elementor-element-populated\">\n\t\t\t\t\t\t<section class=\"elementor-section elementor-inner-section elementor-element elementor-element-f502e30 elementor-section-boxed elementor-section-height-default elementor-section-height-default\" data-id=\"f502e30\" data-element_type=\"section\">\n\t\t\t\t\t\t<div class=\"elementor-container elementor-column-gap-default\">\n\t\t\t\t\t<div class=\"elementor-column elementor-col-50 elementor-inner-column elementor-element elementor-element-a1ebc69\" data-id=\"a1ebc69\" data-element_type=\"column\">\n\t\t\t<div class=\"elementor-widget-wrap elementor-element-populated\">\n\t\t\t\t\t\t<div class=\"elementor-element elementor-element-aa30607 elementor-widget elementor-widget-spacer\" data-id=\"aa30607\" data-element_type=\"widget\" data-widget_type=\"spacer.default\">\n\t\t\t\t<div class=\"elementor-widget-container\">\n\t\t\t\t\t\t\t<div class=\"elementor-spacer\">\n\t\t\t<div class=\"elementor-spacer-inner\"><\/div>\n\t\t<\/div>\n\t\t\t\t\t\t<\/div>\n\t\t\t\t<\/div>\n\t\t\t\t<div class=\"elementor-element elementor-element-084174b elementor-widget elementor-widget-image\" data-id=\"084174b\" data-element_type=\"widget\" data-widget_type=\"image.default\">\n\t\t\t\t<div class=\"elementor-widget-container\">\n\t\t\t\t\t\t\t\t\t\t\t\t\t\t\t<img fetchpriority=\"high\" decoding=\"async\" width=\"605\" height=\"337\" src=\"https:\/\/key-competences.eu\/wp-content\/uploads\/Logo-Poland.jpg\" class=\"attachment-full size-full wp-image-4696\" alt=\"\" srcset=\"https:\/\/key-competences.eu\/wp-content\/uploads\/Logo-Poland.jpg 605w, https:\/\/key-competences.eu\/wp-content\/uploads\/Logo-Poland-300x167.jpg 300w\" sizes=\"(max-width: 605px) 100vw, 605px\" \/>\t\t\t\t\t\t\t\t\t\t\t\t\t\t\t<\/div>\n\t\t\t\t<\/div>\n\t\t\t\t\t<\/div>\n\t\t<\/div>\n\t\t\t\t<div class=\"elementor-column elementor-col-50 elementor-inner-column elementor-element elementor-element-98a7b06\" data-id=\"98a7b06\" data-element_type=\"column\">\n\t\t\t<div class=\"elementor-widget-wrap elementor-element-populated\">\n\t\t\t\t\t\t<div class=\"elementor-element elementor-element-e134b4e elementor-widget elementor-widget-heading\" data-id=\"e134b4e\" data-element_type=\"widget\" data-widget_type=\"heading.default\">\n\t\t\t\t<div class=\"elementor-widget-container\">\n\t\t\t\t\t<h1 class=\"elementor-heading-title elementor-size-default\">Stowarzyszenie<br>  \"Szansa dla Aktywnych\"<br>\nPolonia<\/h1>\t\t\t\t<\/div>\n\t\t\t\t<\/div>\n\t\t\t\t\t<\/div>\n\t\t<\/div>\n\t\t\t\t\t<\/div>\n\t\t<\/section>\n\t\t\t\t\t<\/div>\n\t\t<\/div>\n\t\t\t\t\t<\/div>\n\t\t<\/section>\n\t\t\t\t<section class=\"elementor-section elementor-top-section elementor-element elementor-element-450dc8e elementor-section-boxed elementor-section-height-default elementor-section-height-default\" data-id=\"450dc8e\" data-element_type=\"section\">\n\t\t\t\t\t\t<div class=\"elementor-container elementor-column-gap-default\">\n\t\t\t\t\t<div class=\"elementor-column elementor-col-100 elementor-top-column elementor-element elementor-element-9dca437\" data-id=\"9dca437\" data-element_type=\"column\">\n\t\t\t<div class=\"elementor-widget-wrap elementor-element-populated\">\n\t\t\t\t\t\t<div class=\"elementor-element elementor-element-e8f40a5 elementor-widget elementor-widget-text-editor\" data-id=\"e8f40a5\" data-element_type=\"widget\" data-widget_type=\"text-editor.default\">\n\t\t\t\t<div class=\"elementor-widget-container\">\n\t\t\t\t\t\t\t\t\t<p>L&#8217;Associazione Opportunity for the Active \u00e8 un&#8217;organizzazione non governativa con 17 formatori e 72 tirocinanti. L&#8217;associazione \u00e8 stata avviata a nome degli abitanti del comune di Przygodzice (Polonia centrale, tra Breslavia e Pozna\u0144). Il suo obiettivo principale \u00e8 aumentare il tenore di vita di una comunit\u00e0 locale. Sostiene inoltre azioni di tutela dell&#8217;ambiente, inclusione e integrazione, istruzione, occupazione, cultura e sport, oltre a sostenere singole persone e organizzazioni che intraprendono azioni simili. Sosteniamo l&#8217;attivazione della professione femminile attraverso workshop, formazione, networking, che forniamo nell&#8217;ambito di programmi dedicati, aiutiamo le donne a costruire capacit\u00e0 e competenze professionali, in modo che sentano di avere un impatto reale sul loro futuro. Vogliamo liberare il loro potenziale perch\u00e9 crediamo in loro e nella loro forza. La nostra associazione lavora per i bambini disabili e le loro famiglie. Offriamo supporto psicologico e riabilitativo ai nostri alunni. L&#8217;Associazione si propone di avviare diverse azioni educative volte a implementare valori e standard europei, in grado di apportare una nuova dimensione europea al contesto attuale. Inoltre, l&#8217;associazione si occupa di comunicazione continua e di rapporti di collaborazione a livello locale, regionale, nazionale e internazionale. Attraverso le attivit\u00e0 dell&#8217;associazione viene incoraggiato il volontariato come forma di supporto e assistenza superiore e di scambio di buone pratiche. La preoccupazione per lo sviluppo di partnership locali, regionali e internazionali ha portato allo sviluppo di risorse umane all&#8217;interno dell&#8217;organizzazione con capacit\u00e0 e competenze in termini di lavoro di squadra. L&#8217;Associazione ha realizzato numerosi progetti di partenariato internazionale e i suoi membri attivi hanno sviluppato capacit\u00e0 di gestione e competenze relative a progetti educativi. L&#8217;Associazione promuove la mobilit\u00e0 dei cittadini, gestisce programmi di studio comuni e crea reti, consentendo loro di diventare pi\u00f9 attivi nella vita democratica della loro comunit\u00e0. Il dipartimento dei servizi sociali fornisce supporto psicosociale, servizi di orientamento al lavoro e consulenza professionale, consulenza psicologica per persone, coppie, famiglie, gruppi e altro ancora. Esiste un servizio speciale per la comunit\u00e0 scolastica, che offre consulenza a studenti, insegnanti e genitori. La maggior parte degli adulti ha minori opportunit\u00e0 nel mercato del lavoro. In questo progetto creeremo una connessione tra le ONG, le scuole e la comunit\u00e0 locale per essere consapevoli dell&#8217;inclusione sociale delle persone con disabilit\u00e0 di apprendimento; coinvolgendo volontari, insegnanti, formatori, dirigenti e la comunit\u00e0 locale in una campagna per imparare di pi\u00f9 sull&#8217;inclusione e l&#8217;integrazione, in questo progetto, possiamo far s\u00ec che migliorino il loro comportamento sociale e professionale. Questo progetto coinvolger\u00e0 cittadini di culture diverse, migliorando il livello di integrazione e dandoci l&#8217;opportunit\u00e0 di migliorare le competenze di apprendimento nel benessere del nostro mondo educativo.<\/p>\n\t\t\t\t\t\t\t\t<\/div>\n\t\t\t\t<\/div>\n\t\t\t\t\t<\/div>\n\t\t<\/div>\n\t\t\t\t\t<\/div>\n\t\t<\/section>\n\t\t\t\t<section class=\"elementor-section elementor-top-section elementor-element elementor-element-bf8d9c7 elementor-section-boxed elementor-section-height-default elementor-section-height-default\" data-id=\"bf8d9c7\" data-element_type=\"section\">\n\t\t\t\t\t\t<div class=\"elementor-container elementor-column-gap-default\">\n\t\t\t\t\t<div class=\"elementor-column elementor-col-100 elementor-top-column elementor-element elementor-element-dfc1a21\" data-id=\"dfc1a21\" data-element_type=\"column\">\n\t\t\t<div class=\"elementor-widget-wrap elementor-element-populated\">\n\t\t\t\t\t\t<div class=\"elementor-element elementor-element-82ccfa6 elementor-widget elementor-widget-text-editor\" data-id=\"82ccfa6\" data-element_type=\"widget\" data-widget_type=\"text-editor.default\">\n\t\t\t\t<div class=\"elementor-widget-container\">\n\t\t\t\t\t\t\t\t\t<p>La nostra organizzazione ha esperienza in un progetto dedicato alle donne disoccupate. Nel 2019 abbiamo realizzato il progetto &#8220;Common start in the business world&#8221;, finanziato dal Fondo Sociale Europeo. Nell&#8217;ambito di questo progetto, abbiamo organizzato corsi di imprenditorialit\u00e0 per donne disoccupate, corsi di contabilit\u00e0 e di informatica. Ogni anno svolgiamo attivit\u00e0 di aerobica, Zumba e Nordic Walking. Di tanto in tanto organizziamo consulenze dietologiche. La nostra ONG ha organizzato corsi di lingua e di informatica per le donne immigrate dall&#8217;Ucraina, per aiutarle a inserirsi nel mercato del lavoro. Abbiamo realizzato in Grundtvig il progetto &#8220;COLOR BLIND&#8221;- Rom oltre gli stereotipi, un progetto che intende rompere gli stereotipi contro le donne Rom, utilizzando metodi non formali specifici del Programma di apprendimento permanente. I partecipanti hanno avuto la possibilit\u00e0 di parlare delle comunit\u00e0 rom presenti nei loro Paesi, dei diritti dei rom, della cultura e della storia dei rom e hanno cercato di trovare insieme soluzioni per integrare le donne rom nella societ\u00e0. 8 Paesi partner: Italia, Turchia, Polonia, Macedonia, Egitto, Israele, Georgia, Romania. Il progetto si \u00e8 svolto dal 5 all&#8217;11 aprile 2012 a Busteni, localit\u00e0 montana della Romania. Lo staff della nostra organizzazione \u00e8 composto da 17 persone.  <\/p>\n\t\t\t\t\t\t\t\t<\/div>\n\t\t\t\t<\/div>\n\t\t\t\t\t<\/div>\n\t\t<\/div>\n\t\t\t\t\t<\/div>\n\t\t<\/section>\n\t\t\t\t<section class=\"elementor-section elementor-top-section elementor-element elementor-element-7c826b2 elementor-section-boxed elementor-section-height-default elementor-section-height-default\" data-id=\"7c826b2\" data-element_type=\"section\">\n\t\t\t\t\t\t<div class=\"elementor-container elementor-column-gap-default\">\n\t\t\t\t\t<div class=\"elementor-column elementor-col-100 elementor-top-column elementor-element elementor-element-965a210\" data-id=\"965a210\" data-element_type=\"column\">\n\t\t\t<div class=\"elementor-widget-wrap elementor-element-populated\">\n\t\t\t\t\t\t<div class=\"elementor-element elementor-element-49640d4 elementor-widget elementor-widget-text-editor\" data-id=\"49640d4\" data-element_type=\"widget\" data-widget_type=\"text-editor.default\">\n\t\t\t\t<div class=\"elementor-widget-container\">\n\t\t\t\t\t\t\t\t\t<p>I nostri Projecta coinvolgono il seguente personale scolastico:<\/p>\n<ul>\n<li style=\"list-style-type: none;\">\n<ul>\n<li>1. Anna Nowicka (7 anni di esperienza nell&#8217;attuazione di progetti nell&#8217;ambito del Programma di apprendimento permanente e di Erasmus +, insegnante). 21 \/ 106 Bando 2021 Round 1 KA2 KA220-ADU &#8211; Partenariati di cooperazione nell&#8217;educazione degli adulti ID modulo KA220-ADU-A83C0B30 Scadenza (ora di Bruxelles) 21 maggio 2021 12:00:00 IT<\/li>\n<li>2. Barbara Szymanowska 11 anni di esperienza nell&#8217;attuazione di progetti finanziati con fondi pubblici, compreso il cofinanziamento dell&#8217;Unione Europea; conoscenza approfondita dei principi e delle tecniche di valutazione tenendo conto della conoscenza delle forme quantitative e qualitative di esecuzione\/ricerca, dirigente scolastico).<\/li>\n<li>3. Alexander Chlasta e Karolina Chajdziony, insegnanti di lingue straniere, sono coinvolti nella conduzione della formazione linguistica.<\/li>\n<li>4. Tomasz Nowicki &#8211; Formatore informatico<\/li>\n<\/ul>\n<\/li>\n<\/ul>\n<p>Il personale \u00e8 composto da persone con anni di esperienza, qualifiche e competenze rilevanti, implementate nei progetti precedenti.<\/p>\n\t\t\t\t\t\t\t\t<\/div>\n\t\t\t\t<\/div>\n\t\t\t\t\t<\/div>\n\t\t<\/div>\n\t\t\t\t\t<\/div>\n\t\t<\/section>\n\t\t\t\t<section class=\"elementor-section elementor-top-section elementor-element elementor-element-16cce47 elementor-section-boxed elementor-section-height-default elementor-section-height-default\" data-id=\"16cce47\" data-element_type=\"section\">\n\t\t\t\t\t\t<div class=\"elementor-container elementor-column-gap-default\">\n\t\t\t\t\t<div class=\"elementor-column elementor-col-100 elementor-top-column elementor-element elementor-element-0ebdf14\" data-id=\"0ebdf14\" data-element_type=\"column\">\n\t\t\t<div class=\"elementor-widget-wrap elementor-element-populated\">\n\t\t\t\t\t\t<div class=\"elementor-element elementor-element-b72f83b elementor-widget elementor-widget-text-editor\" data-id=\"b72f83b\" data-element_type=\"widget\" data-widget_type=\"text-editor.default\">\n\t\t\t\t<div class=\"elementor-widget-container\">\n\t\t\t\t\t\t\t\t\tSzansa dla Aktywnych<br>\nul. Szkolna 4  <br>Jank\u00f3w Przygodzki  <br>63-424 Przygodzice<p>\n\n<strong>Email :<\/strong> <a href=\"mailto:info@sitename.com\">szansadlaaktywnych@gmail.com<\/a><\/p>\t\t\t\t\t\t\t\t<\/div>\n\t\t\t\t<\/div>\n\t\t\t\t\t<\/div>\n\t\t<\/div>\n\t\t\t\t\t<\/div>\n\t\t<\/section>\n\t\t\t\t<\/div>\n\t\t","protected":false},"excerpt":{"rendered":"<p>Stowarzyszenie &#8220;Szansa dla Aktywnych&#8221; Polonia L&#8217;Associazione Opportunity for the Active \u00e8 un&#8217;organizzazione non governativa con 17 formatori e 72 tirocinanti. L&#8217;associazione \u00e8 stata avviata a nome degli abitanti del comune di Przygodzice (Polonia centrale, tra Breslavia e Pozna\u0144). Il suo obiettivo principale \u00e8 aumentare il tenore di vita di una comunit\u00e0 locale. Sostiene inoltre azioni [&hellip;]<\/p>\n","protected":false},"author":1,"featured_media":0,"parent":0,"menu_order":0,"comment_status":"closed","ping_status":"closed","template":"elementor_header_footer","meta":{"ocean_post_layout":"","ocean_both_sidebars_style":"","ocean_both_sidebars_content_width":0,"ocean_both_sidebars_sidebars_width":0,"ocean_sidebar":"0","ocean_second_sidebar":"0","ocean_disable_margins":"enable","ocean_add_body_class":"","ocean_shortcode_before_top_bar":"","ocean_shortcode_after_top_bar":"","ocean_shortcode_before_header":"","ocean_shortcode_after_header":"","ocean_has_shortcode":"","ocean_shortcode_after_title":"","ocean_shortcode_before_footer_widgets":"","ocean_shortcode_after_footer_widgets":"","ocean_shortcode_before_footer_bottom":"","ocean_shortcode_after_footer_bottom":"","ocean_display_top_bar":"default","ocean_display_header":"default","ocean_header_style":"","ocean_center_header_left_menu":"0","ocean_custom_header_template":"0","ocean_custom_logo":0,"ocean_custom_retina_logo":0,"ocean_custom_logo_max_width":0,"ocean_custom_logo_tablet_max_width":0,"ocean_custom_logo_mobile_max_width":0,"ocean_custom_logo_max_height":0,"ocean_custom_logo_tablet_max_height":0,"ocean_custom_logo_mobile_max_height":0,"ocean_header_custom_menu":"0","ocean_menu_typo_font_family":"0","ocean_menu_typo_font_subset":"","ocean_menu_typo_font_size":0,"ocean_menu_typo_font_size_tablet":0,"ocean_menu_typo_font_size_mobile":0,"ocean_menu_typo_font_size_unit":"px","ocean_menu_typo_font_weight":"","ocean_menu_typo_font_weight_tablet":"","ocean_menu_typo_font_weight_mobile":"","ocean_menu_typo_transform":"","ocean_menu_typo_transform_tablet":"","ocean_menu_typo_transform_mobile":"","ocean_menu_typo_line_height":0,"ocean_menu_typo_line_height_tablet":0,"ocean_menu_typo_line_height_mobile":0,"ocean_menu_typo_line_height_unit":"","ocean_menu_typo_spacing":0,"ocean_menu_typo_spacing_tablet":0,"ocean_menu_typo_spacing_mobile":0,"ocean_menu_typo_spacing_unit":"","ocean_menu_link_color":"","ocean_menu_link_color_hover":"","ocean_menu_link_color_active":"","ocean_menu_link_background":"","ocean_menu_link_hover_background":"","ocean_menu_link_active_background":"","ocean_menu_social_links_bg":"","ocean_menu_social_hover_links_bg":"","ocean_menu_social_links_color":"","ocean_menu_social_hover_links_color":"","ocean_disable_title":"default","ocean_disable_heading":"default","ocean_post_title":"","ocean_post_subheading":"","ocean_post_title_style":"","ocean_post_title_background_color":"","ocean_post_title_background":0,"ocean_post_title_bg_image_position":"","ocean_post_title_bg_image_attachment":"","ocean_post_title_bg_image_repeat":"","ocean_post_title_bg_image_size":"","ocean_post_title_height":0,"ocean_post_title_bg_overlay":0.5,"ocean_post_title_bg_overlay_color":"","ocean_disable_breadcrumbs":"default","ocean_breadcrumbs_color":"","ocean_breadcrumbs_separator_color":"","ocean_breadcrumbs_links_color":"","ocean_breadcrumbs_links_hover_color":"","ocean_display_footer_widgets":"default","ocean_display_footer_bottom":"default","ocean_custom_footer_template":"0","osh_disable_topbar_sticky":"default","osh_disable_header_sticky":"default","osh_sticky_header_style":"default","osh_sticky_header_effect":"","osh_custom_sticky_logo":0,"osh_custom_retina_sticky_logo":0,"osh_custom_sticky_logo_height":0,"osh_background_color":"","osh_links_color":"","osh_links_hover_color":"","osh_links_active_color":"","osh_links_bg_color":"","osh_links_hover_bg_color":"","osh_links_active_bg_color":"","osh_menu_social_links_color":"","osh_menu_social_hover_links_color":"","footnotes":""},"class_list":["post-6112","page","type-page","status-publish","hentry","entry"],"_links":{"self":[{"href":"https:\/\/key-competences.eu\/it\/wp-json\/wp\/v2\/pages\/6112","targetHints":{"allow":["GET"]}}],"collection":[{"href":"https:\/\/key-competences.eu\/it\/wp-json\/wp\/v2\/pages"}],"about":[{"href":"https:\/\/key-competences.eu\/it\/wp-json\/wp\/v2\/types\/page"}],"author":[{"embeddable":true,"href":"https:\/\/key-competences.eu\/it\/wp-json\/wp\/v2\/users\/1"}],"replies":[{"embeddable":true,"href":"https:\/\/key-competences.eu\/it\/wp-json\/wp\/v2\/comments?post=6112"}],"version-history":[{"count":1,"href":"https:\/\/key-competences.eu\/it\/wp-json\/wp\/v2\/pages\/6112\/revisions"}],"predecessor-version":[{"id":6118,"href":"https:\/\/key-competences.eu\/it\/wp-json\/wp\/v2\/pages\/6112\/revisions\/6118"}],"wp:attachment":[{"href":"https:\/\/key-competences.eu\/it\/wp-json\/wp\/v2\/media?parent=6112"}],"curies":[{"name":"wp","href":"https:\/\/api.w.org\/{rel}","templated":true}]}}