{"id":6129,"date":"2022-09-10T06:19:05","date_gmt":"2022-09-10T06:19:05","guid":{"rendered":"https:\/\/key-competences.eu\/turkiye-iuc"},"modified":"2024-03-15T15:20:17","modified_gmt":"2024-03-15T15:20:17","slug":"turkiye-iuc","status":"publish","type":"page","link":"https:\/\/key-competences.eu\/it\/turkiye-iuc","title":{"rendered":"T\u00fcrkiye &#8211; I\u00dcC"},"content":{"rendered":"\t\t<div data-elementor-type=\"wp-page\" data-elementor-id=\"6129\" class=\"elementor elementor-6129 elementor-2976\" data-elementor-post-type=\"page\">\n\t\t\t\t\t\t<section class=\"elementor-section elementor-top-section elementor-element elementor-element-020193f elementor-section-boxed elementor-section-height-default elementor-section-height-default\" data-id=\"020193f\" data-element_type=\"section\">\n\t\t\t\t\t\t<div class=\"elementor-container elementor-column-gap-default\">\n\t\t\t\t\t<div class=\"elementor-column elementor-col-100 elementor-top-column elementor-element elementor-element-83c9962\" data-id=\"83c9962\" data-element_type=\"column\">\n\t\t\t<div class=\"elementor-widget-wrap elementor-element-populated\">\n\t\t\t\t\t\t<section class=\"elementor-section elementor-inner-section elementor-element elementor-element-0ed50eb elementor-section-boxed elementor-section-height-default elementor-section-height-default\" data-id=\"0ed50eb\" data-element_type=\"section\">\n\t\t\t\t\t\t<div class=\"elementor-container elementor-column-gap-default\">\n\t\t\t\t\t<div class=\"elementor-column elementor-col-50 elementor-inner-column elementor-element elementor-element-6d5bd77\" data-id=\"6d5bd77\" data-element_type=\"column\">\n\t\t\t<div class=\"elementor-widget-wrap elementor-element-populated\">\n\t\t\t\t\t\t<div class=\"elementor-element elementor-element-5f01db2 elementor-widget elementor-widget-spacer\" data-id=\"5f01db2\" data-element_type=\"widget\" data-widget_type=\"spacer.default\">\n\t\t\t\t<div class=\"elementor-widget-container\">\n\t\t\t\t\t\t\t<div class=\"elementor-spacer\">\n\t\t\t<div class=\"elementor-spacer-inner\"><\/div>\n\t\t<\/div>\n\t\t\t\t\t\t<\/div>\n\t\t\t\t<\/div>\n\t\t\t\t<div class=\"elementor-element elementor-element-d51b9b6 elementor-widget elementor-widget-image\" data-id=\"d51b9b6\" data-element_type=\"widget\" data-widget_type=\"image.default\">\n\t\t\t\t<div class=\"elementor-widget-container\">\n\t\t\t\t\t\t\t\t\t\t\t\t\t\t\t<img decoding=\"async\" width=\"300\" height=\"83\" src=\"https:\/\/key-competences.eu\/wp-content\/uploads\/Logo-IUEC-300x83.jpg\" class=\"attachment-medium size-medium wp-image-4686\" alt=\"\" srcset=\"https:\/\/key-competences.eu\/wp-content\/uploads\/Logo-IUEC-300x83.jpg 300w, https:\/\/key-competences.eu\/wp-content\/uploads\/Logo-IUEC-768x211.jpg 768w, https:\/\/key-competences.eu\/wp-content\/uploads\/Logo-IUEC.jpg 800w\" sizes=\"(max-width: 300px) 100vw, 300px\" \/>\t\t\t\t\t\t\t\t\t\t\t\t\t\t\t<\/div>\n\t\t\t\t<\/div>\n\t\t\t\t\t<\/div>\n\t\t<\/div>\n\t\t\t\t<div class=\"elementor-column elementor-col-50 elementor-inner-column elementor-element elementor-element-db9320c\" data-id=\"db9320c\" data-element_type=\"column\">\n\t\t\t<div class=\"elementor-widget-wrap elementor-element-populated\">\n\t\t\t\t\t\t<div class=\"elementor-element elementor-element-b619ed7 elementor-widget elementor-widget-heading\" data-id=\"b619ed7\" data-element_type=\"widget\" data-widget_type=\"heading.default\">\n\t\t\t\t<div class=\"elementor-widget-container\">\n\t\t\t\t\t<h1 class=\"elementor-heading-title elementor-size-default\">ISTANBUL \u00dcNIVERSITESI - CERRAHPASA<br>\nT\u00fcrkiye<\/h1>\t\t\t\t<\/div>\n\t\t\t\t<\/div>\n\t\t\t\t\t<\/div>\n\t\t<\/div>\n\t\t\t\t\t<\/div>\n\t\t<\/section>\n\t\t\t\t\t<\/div>\n\t\t<\/div>\n\t\t\t\t\t<\/div>\n\t\t<\/section>\n\t\t\t\t<section class=\"elementor-section elementor-top-section elementor-element elementor-element-3bf9235e elementor-section-boxed elementor-section-height-default elementor-section-height-default\" data-id=\"3bf9235e\" data-element_type=\"section\">\n\t\t\t\t\t\t<div class=\"elementor-container elementor-column-gap-default\">\n\t\t\t\t\t<div class=\"elementor-column elementor-col-100 elementor-top-column elementor-element elementor-element-557c0f6c\" data-id=\"557c0f6c\" data-element_type=\"column\">\n\t\t\t<div class=\"elementor-widget-wrap\">\n\t\t\t\t\t\t\t<\/div>\n\t\t<\/div>\n\t\t\t\t\t<\/div>\n\t\t<\/section>\n\t\t\t\t<section class=\"elementor-section elementor-top-section elementor-element elementor-element-5f492dc8 elementor-section-boxed elementor-section-height-default elementor-section-height-default\" data-id=\"5f492dc8\" data-element_type=\"section\">\n\t\t\t\t\t\t<div class=\"elementor-container elementor-column-gap-default\">\n\t\t\t\t\t<div class=\"elementor-column elementor-col-100 elementor-top-column elementor-element elementor-element-5a1f5015\" data-id=\"5a1f5015\" data-element_type=\"column\">\n\t\t\t<div class=\"elementor-widget-wrap elementor-element-populated\">\n\t\t\t\t\t\t<div class=\"elementor-element elementor-element-6c00d06f elementor-widget elementor-widget-text-editor\" data-id=\"6c00d06f\" data-element_type=\"widget\" data-widget_type=\"text-editor.default\">\n\t\t\t\t<div class=\"elementor-widget-container\">\n\t\t\t\t\t\t\t\t\t<p><strong>Universit\u00e0 di Istanbul &#8211; Cerrahpasa  <\/strong><\/p>\n<p>un&#8217;universit\u00e0 statale \u00e8 stata istituita nel 2018 dalla scissione della pi\u00f9 antica e grande universit\u00e0 turca, l&#8217;Universit\u00e0 di Istanbul. Il Consiglio per l&#8217;istruzione superiore ha preso questa decisione perch\u00e9 l&#8217;Universit\u00e0 di Istanbul aveva 311.078 studenti, di cui 73.214 regolari e 237.864 a distanza. Le due universit\u00e0 istituite nel 2018 sono l&#8217;Universit\u00e0 di Istanbul &#8211; Cerrahpasa (IUC) e l&#8217;Universit\u00e0 di Istanbul (IU), che hanno mantenuto il loro nome originale. Oggi, l&#8217;Universit\u00e0 di Istanbul &#8211; Cerrahpasa \u00e8 composta da 12 facolt\u00e0, 5 istituti post-laurea, 5 scuole professionali, 2081 membri del personale accademico e istruisce circa 39.337 studenti. Medicina, Infermieristica, Educazione, Ingegneria, Scienze della Salute, Veterinaria e Scienze Forestali sono tra le facolt\u00e0 che facevano parte dell&#8217;Universit\u00e0 di Istanbul e che ora sono state trasferite all&#8217;ICU.<\/p>\n<p>Universit\u00e0 di Istanbul-Cerrahpasa; \u00e8 una consolidata universit\u00e0 di ricerca che si fa preferire nei campi della salute, dell&#8217;ingegneria e delle scienze naturali e sociali con la sua esperienza passata, aderisce a valori etici, fornisce servizi di qualit\u00e0, educa individui socialmente e accademicamente attrezzati, trae beneficio dalla sua conoscenza e agisce con il motto di &#8220;essere il migliore&#8221;.<\/p>\n<p>Visione<\/p>\n<p>Essere un&#8217;universit\u00e0 di ricerca leader accettata nel mondo e nel nostro Paese.<\/p>\n<p>Valori di base<\/p>\n<p>Libert\u00e0 accademica: La priorit\u00e0 principale della nostra Universit\u00e0 \u00e8 quella di creare un ambiente accademico in cui i suoi membri siano liberi di produrre e presentare conoscenze attraverso la ricerca, il servizio e le attivit\u00e0 educative.<\/p>\n<p>Valori etici: La nostra Universit\u00e0 osserva non solo la legislazione, ma anche i diritti umani, la dignit\u00e0 e i valori etici nelle sue attivit\u00e0 e decisioni.<\/p>\n<p>Trasparenza: L&#8217;amministrazione dell&#8217;Universit\u00e0 garantisce che tutte le transazioni all&#8217;interno dell&#8217;Universit\u00e0 siano verificabili.<\/p>\n<p>Cooperazione: La nostra universit\u00e0 attua politiche di espansione delle reti di cooperazione nazionale e internazionale.<\/p>\n<p>Consapevolezza sociale: Contribuisce alla soluzione dei problemi sociali e al futuro della societ\u00e0 tenendo conto dei valori sociali.<\/p>\n<p>Contributo culturale: La nostra Universit\u00e0; oltre a tutte le sue attivit\u00e0, partecipa a progetti che sostengono lo sviluppo culturale della societ\u00e0 con i suoi studenti e membri.<\/p>\n<p>Imprenditorialit\u00e0: Offre la formazione e le opportunit\u00e0 necessarie per portare una cultura imprenditoriale sia ai docenti che agli studenti.<\/p>\n<p>Sostenibilit\u00e0: La nostra Universit\u00e0 garantisce che tutte le sue attivit\u00e0 siano sostenibili dal punto di vista ambientale.<\/p>\n<p>sito web: <a href=\"https:\/\/www.iuc.edu.tr\/tr\/_\" target=\"_blank\" rel=\"noopener\">https:\/\/www.iuc.edu.tr\/tr\/_<\/a><\/p>\n<p>e-mail: <a href=\"mailto:euoffice@iuc.edu.tr\">euoffice@iuc.edu.tr<\/a><\/p>\n<p>Instagram: <a href=\"https:\/\/www.instagram.com\/iucerrahpasa\/\" target=\"_blank\" rel=\"noopener\">https:\/\/www.instagram.com\/iucerrahpasa\/<\/a><\/p>\n<p>facebook: https:\/\/www.facebook.com\/iucsemTurkey<\/p>\n\t\t\t\t\t\t\t\t<\/div>\n\t\t\t\t<\/div>\n\t\t\t\t\t<\/div>\n\t\t<\/div>\n\t\t\t\t\t<\/div>\n\t\t<\/section>\n\t\t\t\t<\/div>\n\t\t","protected":false},"excerpt":{"rendered":"<p>ISTANBUL \u00dcNIVERSITESI &#8211; CERRAHPASA T\u00fcrkiye Universit\u00e0 di Istanbul &#8211; Cerrahpasa un&#8217;universit\u00e0 statale \u00e8 stata istituita nel 2018 dalla scissione della pi\u00f9 antica e grande universit\u00e0 turca, l&#8217;Universit\u00e0 di Istanbul. Il Consiglio per l&#8217;istruzione superiore ha preso questa decisione perch\u00e9 l&#8217;Universit\u00e0 di Istanbul aveva 311.078 studenti, di cui 73.214 regolari e 237.864 a distanza. Le due [&hellip;]<\/p>\n","protected":false},"author":1,"featured_media":0,"parent":0,"menu_order":0,"comment_status":"closed","ping_status":"closed","template":"elementor_header_footer","meta":{"ocean_post_layout":"","ocean_both_sidebars_style":"","ocean_both_sidebars_content_width":0,"ocean_both_sidebars_sidebars_width":0,"ocean_sidebar":"0","ocean_second_sidebar":"0","ocean_disable_margins":"enable","ocean_add_body_class":"","ocean_shortcode_before_top_bar":"","ocean_shortcode_after_top_bar":"","ocean_shortcode_before_header":"","ocean_shortcode_after_header":"","ocean_has_shortcode":"","ocean_shortcode_after_title":"","ocean_shortcode_before_footer_widgets":"","ocean_shortcode_after_footer_widgets":"","ocean_shortcode_before_footer_bottom":"","ocean_shortcode_after_footer_bottom":"","ocean_display_top_bar":"default","ocean_display_header":"default","ocean_header_style":"","ocean_center_header_left_menu":"0","ocean_custom_header_template":"0","ocean_custom_logo":0,"ocean_custom_retina_logo":0,"ocean_custom_logo_max_width":0,"ocean_custom_logo_tablet_max_width":0,"ocean_custom_logo_mobile_max_width":0,"ocean_custom_logo_max_height":0,"ocean_custom_logo_tablet_max_height":0,"ocean_custom_logo_mobile_max_height":0,"ocean_header_custom_menu":"0","ocean_menu_typo_font_family":"0","ocean_menu_typo_font_subset":"","ocean_menu_typo_font_size":0,"ocean_menu_typo_font_size_tablet":0,"ocean_menu_typo_font_size_mobile":0,"ocean_menu_typo_font_size_unit":"px","ocean_menu_typo_font_weight":"","ocean_menu_typo_font_weight_tablet":"","ocean_menu_typo_font_weight_mobile":"","ocean_menu_typo_transform":"","ocean_menu_typo_transform_tablet":"","ocean_menu_typo_transform_mobile":"","ocean_menu_typo_line_height":0,"ocean_menu_typo_line_height_tablet":0,"ocean_menu_typo_line_height_mobile":0,"ocean_menu_typo_line_height_unit":"","ocean_menu_typo_spacing":0,"ocean_menu_typo_spacing_tablet":0,"ocean_menu_typo_spacing_mobile":0,"ocean_menu_typo_spacing_unit":"","ocean_menu_link_color":"","ocean_menu_link_color_hover":"","ocean_menu_link_color_active":"","ocean_menu_link_background":"","ocean_menu_link_hover_background":"","ocean_menu_link_active_background":"","ocean_menu_social_links_bg":"","ocean_menu_social_hover_links_bg":"","ocean_menu_social_links_color":"","ocean_menu_social_hover_links_color":"","ocean_disable_title":"default","ocean_disable_heading":"default","ocean_post_title":"","ocean_post_subheading":"","ocean_post_title_style":"","ocean_post_title_background_color":"","ocean_post_title_background":0,"ocean_post_title_bg_image_position":"","ocean_post_title_bg_image_attachment":"","ocean_post_title_bg_image_repeat":"","ocean_post_title_bg_image_size":"","ocean_post_title_height":0,"ocean_post_title_bg_overlay":0.5,"ocean_post_title_bg_overlay_color":"","ocean_disable_breadcrumbs":"default","ocean_breadcrumbs_color":"","ocean_breadcrumbs_separator_color":"","ocean_breadcrumbs_links_color":"","ocean_breadcrumbs_links_hover_color":"","ocean_display_footer_widgets":"default","ocean_display_footer_bottom":"default","ocean_custom_footer_template":"0","osh_disable_topbar_sticky":"default","osh_disable_header_sticky":"default","osh_sticky_header_style":"default","osh_sticky_header_effect":"","osh_custom_sticky_logo":0,"osh_custom_retina_sticky_logo":0,"osh_custom_sticky_logo_height":0,"osh_background_color":"","osh_links_color":"","osh_links_hover_color":"","osh_links_active_color":"","osh_links_bg_color":"","osh_links_hover_bg_color":"","osh_links_active_bg_color":"","osh_menu_social_links_color":"","osh_menu_social_hover_links_color":"","footnotes":""},"class_list":["post-6129","page","type-page","status-publish","hentry","entry"],"_links":{"self":[{"href":"https:\/\/key-competences.eu\/it\/wp-json\/wp\/v2\/pages\/6129","targetHints":{"allow":["GET"]}}],"collection":[{"href":"https:\/\/key-competences.eu\/it\/wp-json\/wp\/v2\/pages"}],"about":[{"href":"https:\/\/key-competences.eu\/it\/wp-json\/wp\/v2\/types\/page"}],"author":[{"embeddable":true,"href":"https:\/\/key-competences.eu\/it\/wp-json\/wp\/v2\/users\/1"}],"replies":[{"embeddable":true,"href":"https:\/\/key-competences.eu\/it\/wp-json\/wp\/v2\/comments?post=6129"}],"version-history":[{"count":1,"href":"https:\/\/key-competences.eu\/it\/wp-json\/wp\/v2\/pages\/6129\/revisions"}],"predecessor-version":[{"id":6134,"href":"https:\/\/key-competences.eu\/it\/wp-json\/wp\/v2\/pages\/6129\/revisions\/6134"}],"wp:attachment":[{"href":"https:\/\/key-competences.eu\/it\/wp-json\/wp\/v2\/media?parent=6129"}],"curies":[{"name":"wp","href":"https:\/\/api.w.org\/{rel}","templated":true}]}}