{"id":6147,"date":"2022-09-10T04:26:24","date_gmt":"2022-09-10T04:26:24","guid":{"rendered":"https:\/\/key-competences.eu\/turkyie-eisa"},"modified":"2024-03-15T15:20:23","modified_gmt":"2024-03-15T15:20:23","slug":"turkyie-eisa","status":"publish","type":"page","link":"https:\/\/key-competences.eu\/it\/turkyie-eisa","title":{"rendered":"T\u00fcrkyie &#8211; EISA"},"content":{"rendered":"\t\t<div data-elementor-type=\"wp-page\" data-elementor-id=\"6147\" class=\"elementor elementor-6147 elementor-2949\" data-elementor-post-type=\"page\">\n\t\t\t\t\t\t<section class=\"elementor-section elementor-top-section elementor-element elementor-element-c871ae9 elementor-section-boxed elementor-section-height-default elementor-section-height-default\" data-id=\"c871ae9\" data-element_type=\"section\">\n\t\t\t\t\t\t<div class=\"elementor-container elementor-column-gap-default\">\n\t\t\t\t\t<div class=\"elementor-column elementor-col-100 elementor-top-column elementor-element elementor-element-61a20b7\" data-id=\"61a20b7\" data-element_type=\"column\">\n\t\t\t<div class=\"elementor-widget-wrap elementor-element-populated\">\n\t\t\t\t\t\t<section class=\"elementor-section elementor-inner-section elementor-element elementor-element-8133909 elementor-section-boxed elementor-section-height-default elementor-section-height-default\" data-id=\"8133909\" data-element_type=\"section\">\n\t\t\t\t\t\t<div class=\"elementor-container elementor-column-gap-default\">\n\t\t\t\t\t<div class=\"elementor-column elementor-col-50 elementor-inner-column elementor-element elementor-element-6a1be48\" data-id=\"6a1be48\" data-element_type=\"column\">\n\t\t\t<div class=\"elementor-widget-wrap elementor-element-populated\">\n\t\t\t\t\t\t<div class=\"elementor-element elementor-element-0777574 elementor-widget elementor-widget-spacer\" data-id=\"0777574\" data-element_type=\"widget\" data-widget_type=\"spacer.default\">\n\t\t\t\t<div class=\"elementor-widget-container\">\n\t\t\t\t\t\t\t<div class=\"elementor-spacer\">\n\t\t\t<div class=\"elementor-spacer-inner\"><\/div>\n\t\t<\/div>\n\t\t\t\t\t\t<\/div>\n\t\t\t\t<\/div>\n\t\t\t\t<div class=\"elementor-element elementor-element-f9a53e2 elementor-widget elementor-widget-image\" data-id=\"f9a53e2\" data-element_type=\"widget\" data-widget_type=\"image.default\">\n\t\t\t\t<div class=\"elementor-widget-container\">\n\t\t\t\t\t\t\t\t\t\t\t\t\t\t\t<img fetchpriority=\"high\" decoding=\"async\" width=\"300\" height=\"209\" src=\"https:\/\/key-competences.eu\/wp-content\/uploads\/Eisa-logo-300x209.jpg\" class=\"attachment-medium size-medium wp-image-4681\" alt=\"\" srcset=\"https:\/\/key-competences.eu\/wp-content\/uploads\/Eisa-logo-300x209.jpg 300w, https:\/\/key-competences.eu\/wp-content\/uploads\/Eisa-logo.jpg 600w\" sizes=\"(max-width: 300px) 100vw, 300px\" \/>\t\t\t\t\t\t\t\t\t\t\t\t\t\t\t<\/div>\n\t\t\t\t<\/div>\n\t\t\t\t\t<\/div>\n\t\t<\/div>\n\t\t\t\t<div class=\"elementor-column elementor-col-50 elementor-inner-column elementor-element elementor-element-bb809e5\" data-id=\"bb809e5\" data-element_type=\"column\">\n\t\t\t<div class=\"elementor-widget-wrap elementor-element-populated\">\n\t\t\t\t\t\t<div class=\"elementor-element elementor-element-798ef27 elementor-widget elementor-widget-heading\" data-id=\"798ef27\" data-element_type=\"widget\" data-widget_type=\"heading.default\">\n\t\t\t\t<div class=\"elementor-widget-container\">\n\t\t\t\t\t<h1 class=\"elementor-heading-title elementor-size-default\">EISA<br>\nT\u00fcrkiye<\/h1>\t\t\t\t<\/div>\n\t\t\t\t<\/div>\n\t\t\t\t\t<\/div>\n\t\t<\/div>\n\t\t\t\t\t<\/div>\n\t\t<\/section>\n\t\t\t\t\t<\/div>\n\t\t<\/div>\n\t\t\t\t\t<\/div>\n\t\t<\/section>\n\t\t\t\t<section class=\"elementor-section elementor-top-section elementor-element elementor-element-38992b6e elementor-section-boxed elementor-section-height-default elementor-section-height-default\" data-id=\"38992b6e\" data-element_type=\"section\">\n\t\t\t\t\t\t<div class=\"elementor-container elementor-column-gap-default\">\n\t\t\t\t\t<div class=\"elementor-column elementor-col-100 elementor-top-column elementor-element elementor-element-7f36fcf0\" data-id=\"7f36fcf0\" data-element_type=\"column\">\n\t\t\t<div class=\"elementor-widget-wrap\">\n\t\t\t\t\t\t\t<\/div>\n\t\t<\/div>\n\t\t\t\t\t<\/div>\n\t\t<\/section>\n\t\t\t\t<section class=\"elementor-section elementor-top-section elementor-element elementor-element-5318e011 elementor-section-boxed elementor-section-height-default elementor-section-height-default\" data-id=\"5318e011\" data-element_type=\"section\">\n\t\t\t\t\t\t<div class=\"elementor-container elementor-column-gap-default\">\n\t\t\t\t\t<div class=\"elementor-column elementor-col-100 elementor-top-column elementor-element elementor-element-55970ce3\" data-id=\"55970ce3\" data-element_type=\"column\">\n\t\t\t<div class=\"elementor-widget-wrap elementor-element-populated\">\n\t\t\t\t\t\t<div class=\"elementor-element elementor-element-5778216b elementor-widget elementor-widget-text-editor\" data-id=\"5778216b\" data-element_type=\"widget\" data-widget_type=\"text-editor.default\">\n\t\t\t\t<div class=\"elementor-widget-container\">\n\t\t\t\t\t\t\t\t\t<p><strong style=\"font-size: 21px; color: var( --e-global-color-text );\">Associazione europea delle societ\u00e0 innovative &#8211; EISA<\/strong><\/p>\n<p>\u00e8 una ONG turca. L&#8217;EISA mira a sostenere le persone che rispondono alle esigenze del mondo globale, a fornire opportunit\u00e0 attraverso la cooperazione intersettoriale, la cooperazione internazionale e le attivit\u00e0 di solidariet\u00e0 e a incoraggiare le persone in questo senso. L&#8217;EISA \u00e8 stata fondata nel 2020 da 50 insegnanti di scienze, matematica e lingue, docenti universitari di scienze e consulenti educativi per garantire lo sviluppo professionale dei giovani. Anche se l&#8217;EISA \u00e8 una nuova ONG, ha 200 membri attivi e il numero aumenta di giorno in giorno. L&#8217;obiettivo di EISA \u00e8 quello di diplomare i giovani (che rientrano nella categoria NEET) come individui alfabetizzati digitalmente, socialmente attivi e abilmente impiegati per le loro comunit\u00e0 sostenibili.<br \/>Inoltre, tra i nostri obiettivi c&#8217;\u00e8 quello di contribuire allo sviluppo, all&#8217;integrazione e al benessere dei gruppi svantaggiati e di promuovere la tolleranza, la giustizia e la responsabilit\u00e0 sociale in collaborazione con altre organizzazioni e istituzioni pubbliche. L&#8217;EISA sostiene diversi progetti, attivit\u00e0 educative, corsi, seminari, studi e ricerche su temi sociali, politici e culturali e attivit\u00e0 pubbliche. Sosteniamo attivamente le attivit\u00e0 di cooperazione sociale ed educativa con le istituzioni educative e le organizzazioni internazionali per sostenere i migranti, i rifugiati, i richiedenti asilo e le famiglie, soprattutto quelle con grandi difficolt\u00e0 di integrazione sociale.<br \/>L&#8217;obiettivo principale di EISA \u00e8 fornire opportunit\u00e0 educative basate sulla comunit\u00e0 a GIOVANI ADULTI e a giovani svantaggiati; formarli all&#8217;impegno per la pace, la democrazia e l&#8217;inclusione; contribuire ai processi nonviolenti di trasformazione dei conflitti in Europa fornendo competenze e sviluppo di abilit\u00e0:<br \/>Ambiente e cambiamento climatico;<br \/>Realt\u00e0 virtuale, intelligenza artificiale e realt\u00e0 aumentata;<br \/>Energia rinnovabile;<br \/>Salute e benessere;<br \/>Creativit\u00e0 e arte;<br \/>Per garantire lo sviluppo sostenibile della nostra comunit\u00e0.<br \/>Con i suoi formatori esperti, i suoi membri attivi e le sue competenze, l&#8217;EISA promuove la formazione e l&#8217;implementazione di sistemi di supporto alla formazione professionale, agli adulti e ai giovani. Collabora con le organizzazioni del settore sociale per promuovere cambiamenti politici e miglioramenti dei servizi. Lo scopo dell&#8217;associazione \u00e8 quello di fornire un ambiente flessibile e programmi di educazione non formale in vari settori nell&#8217;ambito dell&#8217;apprendimento permanente. Ha orientato i suoi servizi verso le principali linee guida e priorit\u00e0 sottolineate dalla Commissione europea. L&#8217;attenzione principale \u00e8 rivolta alla formazione di competenze e a iniziative che consentano alle persone di essere attive nella vita sociale e professionale.<\/p>\n<p><strong> <\/strong><\/p>\n<p>L&#8217;EISA fornisce servizi in un quadro di sviluppo sostenibile degli indirizzi.<\/p>\n<blockquote>\n<ol>\n<li>Corsi di formazione non formale<\/li>\n<li>Metodologie di apprendimento misto<\/li>\n<li>Approcci di apprendimento orientati alle TIC<\/li>\n<li>STEAM, apprendimento basato su progetti, educazione scientifica basata sull&#8217;indagine e istruzione in modello ibrido con supporto tutoriale.<\/li>\n<li>Laboratori tecnici di IFP<\/li>\n<li>Attivit\u00e0 di inclusione sociale dei gruppi giovanili  <\/li>\n<li>Seminari di apprendimento pratico,<\/li>\n<\/ol>\n<\/blockquote>\n<p>I campi di lavoro dell&#8217;associazione, le sue forme e i suoi settori di attivit\u00e0 sono i seguenti;<br \/>&#8211; Sostenere l&#8217;imprenditorialit\u00e0, fornire formazione all&#8217;imprenditorialit\u00e0 e aumentare la consapevolezza dell&#8217;imprenditorialit\u00e0,<br \/>-Aumentare la partecipazione attiva alla vita sociale ed economica,<br \/>-Proteggere l&#8217;ambiente naturale e promuovere l&#8217;uso di energie rinnovabili,<br \/>-Per la protezione della vita naturale; condurre ricerche innovative, utilizzando a tal fine elementi quali la scienza, la tecnologia, l&#8217;ingegneria, la matematica e l&#8217;arte,<br \/>-Sostenere l&#8217;economia verde per lo sviluppo sostenibile e condurre la ricerca scientifica a tal fine,<br \/>-Sostenere lo sport per una vita sana e aumentare gli incentivi allo sport,<br \/>&#8211; Ricerca e realizzazione di studi interdisciplinari per lo sport, le arti e lo sviluppo<br \/>&#8211; Sostenere i rifugiati, soprattutto a Istanbul, collaborando con enti governativi e altre ONG. Organizzare eventi di formazione per i rifugiati, in particolare sull&#8217;integrazione culturale e il supporto linguistico.<\/p>\n<p>I nostri progetti:<\/p>\n<blockquote>\n<ol start=\"1\" type=\"1\">\n<li>Il sostegno psicologico scolastico nel mondo nell&#8217;era post-Covida<\/li>\n<\/ol>\n<p>2020-1-FR01-KA226-SCH-095432<br \/>L&#8217;obiettivo principale del nostro progetto \u00e8 la promozione degli psicologi scolastici a livello europeo, obiettivo che pu\u00f2 essere raggiunto solo a livello transnazionale.<\/p>\n<\/p>\n<ol start=\"2\" type=\"1\">\n<li>Programma scolastico per il benessere dei bambini e l&#8217;apprendimento all&#8217;aperto<\/li>\n<\/ol>\n<p>Il nostro progetto si rivolge a giovani di et\u00e0 compresa tra i 12 e i 17 anni, motivati a vivere in modo sano. Attraverso il progetto i partecipanti acquisiranno maggiore salute, educazione informale, conoscenza di culture diverse e conoscenza di diversi modi di vivere attivi (pi\u00f9 sani).<\/p>\n<ol start=\"3\" type=\"1\">\n<li>Insegnare STEAM attraverso l&#8217;apprendimento basato sull&#8217;orto urbano nella scuola materna<\/li>\n<\/ol>\n<p>2021-1-EL01-KA220-SCH-000034476<br \/>L&#8217;obiettivo del progetto \u00e8 insegnare lo STEAM utilizzando attivit\u00e0 pratiche negli orti urbani e integrando i valori della permacultura.<\/p>\n<ol start=\"4\" type=\"1\">\n<li>Smettete di cercare di copiare online la formazione in educazione fisica svolta nelle scuole tradizionali. Ora \u00e8 il momento<\/li>\n<\/ol>\n<\/blockquote>\n<p>per ripensare e innovare l&#8217;educazione fisica.<br \/>2020-1-PL01-KA226-SCH-095146<br \/>Il progetto si propone di affrontare le sfide identificate sopra fornendo agli insegnanti di educazione fisica le capacit\u00e0 e le competenze e ai giovani motivati le attitudini e le abilit\u00e0 necessarie per partecipare alle lezioni di educazione fisica online.<\/p>\n<ol>\n<li>Essere consapevoli e riscoprire la curiosit\u00e0 e la connessione nell&#8217;educazione attraverso l&#8217;apprendimento all&#8217;aperto. (Apprendimento pop-up)<br \/>2020-1-LT01-KA226-SCH-094825<br \/>Il nostro obiettivo \u00e8 quello di riunire esperti educatori all&#8217;aperto per creare un corso virtuale che aiuti gli insegnanti a immaginare e attuare l&#8217;apprendimento all&#8217;aperto ovunque si trovino. L&#8217;obiettivo \u00e8 quello di sostenere gli insegnanti nella creazione di alternative &#8220;fattibili&#8221; che &#8220;aiutino tutti a sperimentare le cose che in questo momento mancano all&#8217;insegnamento e all&#8217;apprendimento, ovvero le esperienze gioiose e la curiosit\u00e0 dei bambini verso il mondo&#8221;.<\/li>\n<\/ol>\n<ol start=\"6\" type=\"1\">\n<li>Insegnamento della storia per studenti disabili attraverso strumenti di gamification digitalizzati<\/li>\n<\/ol>\n<p>2021-1-PL01 -KA220-SCH-000023916<br \/>L&#8217;obiettivo generale del progetto \u00e8 quello di sviluppare un corso sulla comprensione e l&#8217;insegnamento della storia attraverso la gamification per giovani studenti disabili e insegnanti attraverso la gamification e un approccio di apprendimento misto.<\/p>\n<ol start=\"7\" type=\"1\">\n<li>Creare un nuovo modo di migliorare le competenze chiave degli adulti<\/li>\n<\/ol>\n<p>2021-1-DE01-KA220-ADU-000028281<br \/>L&#8217;obiettivo principale di questo progetto \u00e8 quello di estendere e sviluppare una piattaforma di autoapprendimento per migliorare l&#8217;istruzione degli adulti nei sei Paesi partner del progetto e, di conseguenza, promuovere un senso di appartenenza per gli studenti adulti che sono ad alto rischio di esclusione, come i disoccupati, creando opportunit\u00e0 per praticare competenze personali, sociali e di apprendimento in un ambiente di apprendimento inclusivo che promuove naturalmente l&#8217;autostima e la resilienza. L&#8217;obiettivo principale del progetto \u00e8 quello di promuovere le competenze personali, sociali e di apprendimento tra i disoccupati e le persone con un basso livello di competenze, al fine di favorire l&#8217;occupabilit\u00e0 e le opportunit\u00e0 di ricerca di lavoro.<\/p>\n<p>e-mail: <a href=\"mailto:eisa.euprojects@gmail.com\">eisa.euprojects@gmail.com<\/a><br \/>Facebook: https:\/\/www.facebook.com\/aytder<\/p>\n<\/p>\n<p>  T<\/p>\n\t\t\t\t\t\t\t\t<\/div>\n\t\t\t\t<\/div>\n\t\t\t\t\t<\/div>\n\t\t<\/div>\n\t\t\t\t\t<\/div>\n\t\t<\/section>\n\t\t\t\t<section class=\"elementor-section elementor-top-section elementor-element elementor-element-32fd3774 elementor-section-boxed elementor-section-height-default elementor-section-height-default\" data-id=\"32fd3774\" data-element_type=\"section\">\n\t\t\t\t\t\t<div class=\"elementor-container elementor-column-gap-default\">\n\t\t\t\t\t<div class=\"elementor-column elementor-col-100 elementor-top-column elementor-element elementor-element-34bbb31f\" data-id=\"34bbb31f\" data-element_type=\"column\">\n\t\t\t<div class=\"elementor-widget-wrap elementor-element-populated\">\n\t\t\t\t\t\t<div class=\"elementor-element elementor-element-77d611b9 elementor-widget elementor-widget-text-editor\" data-id=\"77d611b9\" data-element_type=\"widget\" data-widget_type=\"text-editor.default\">\n\t\t\t\t<div class=\"elementor-widget-container\">\n\t\t\t\t\t\t\t\t\t<p>I settori di lavoro dell&#8217;EISA, le sue forme e i suoi campi di attivit\u00e0; &#8211; Sostenere l&#8217;imprenditorialit\u00e0, fornire formazione all&#8217;imprenditorialit\u00e0 e aumentare la consapevolezza dell&#8217;imprenditorialit\u00e0.&nbsp;<span style=\"font-size: 21px; color: var( --e-global-color-text );\">Aumentare la partecipazione attiva alla vita sociale ed economica.&nbsp;<\/span><span style=\"font-size: 21px; color: var( --e-global-color-text );\">per l&#8217;energia rinnovabile, &#8211; per la protezione della vita naturale; condurre ricerche innovative, utilizzando a tal fine elementi quali la scienza, la tecnologia, l&#8217;ingegneria, la matematica e l&#8217;arte. Sostenere l&#8217;economia verde per un&#8217;economia sostenibile&nbsp;<\/span><span style=\"font-size: 21px; color: var( --e-global-color-text );\">sviluppo e la conduzione di ricerche scientifiche a tal fine. Ricerca e implementazione di studi interdisciplinari per lo sport, le arti e lo sviluppo Nell&#8217;ambito del bando COVID, uno dei progetti accettati dalla NA spagnola \u00e8 stato &#8220;Tecniche di meditazione motivazionale per favorire la memoria e l&#8217;apprendimento&#8221;.&nbsp;<\/span><span style=\"font-size: 21px; color: var( --e-global-color-text );\">attenzione degli studenti con disabilit\u00e0 visiva&#8221;. In cui siamo responsabili della creazione di una piattaforma web per questo progetto. Come&nbsp;<\/span><span style=\"font-size: 21px; color: var( --e-global-color-text );\">i nostri partner e membri associati (P\u0131nar Gheylan che ha conseguito un master in Storia e Mustafa Ayd\u0131n che \u00e8&nbsp;<\/span><span style=\"font-size: 21px; color: var( --e-global-color-text );\">lavorare come insegnante SEN in una scuola di educazione speciale). hanno un collegamento diretto con i gruppi target, possiamo accedere facilmente al&nbsp;<\/span><span style=\"font-size: 21px; color: var( --e-global-color-text );\">materiali e gruppi target. Questo ci rende vantaggiosi per i progetti di inclusione. Abdullah DO\u011eAN ha 10 anni&nbsp;<\/span><span style=\"font-size: 21px; color: var( --e-global-color-text );\">project manager esperto e insegnante di inglese. Ha studiato presso il Kings College nel Regno Unito Ha studiato presso l&#8217;Universit\u00e0 di&nbsp;<\/span><span style=\"font-size: 21px; color: var( --e-global-color-text );\">Londra e ha conseguito un master nel campo degli studi clinici di fisiologia. Ha conseguito il dottorato di ricerca presso la Michigan State University nel&nbsp;<\/span><span style=\"font-size: 21px; color: var( --e-global-color-text );\">dipartimento di studi clinici applicati di fisiologia. \u00c8 PMP, Prince2 agile, CELTA, livello 7 di progetto globale.&nbsp;<\/span><span style=\"font-size: 21px; color: var( --e-global-color-text );\">persona certificata per la gestione. \u00c8 un formatore ufficiale NFE di SALTO YOUTH. Ha esperienza e competenza in&nbsp;<\/span><span style=\"font-size: 21px; color: var( --e-global-color-text );\">17 sviluppo di curricula, tutoraggio di carriera e sviluppo di programmi linguistici. \u00c8 membro della Global School&nbsp;<\/span><span style=\"font-size: 21px; color: var( --e-global-color-text );\">Alliance e Global Mental Health Association, Heart4Earth International, UNESCO e UNICEF. Parla in modo elementare&nbsp;<\/span><span style=\"font-size: 21px; color: var( --e-global-color-text );\">Cinese, italiano, spagnolo e francese. Ha partecipato a oltre 40 corsi di formazione negli ultimi 7 anni. \u00c8 anche scrittore di Bid, mentalit\u00e0 aperta, risolutore creativo di problemi, gestore del rischio e dei processi.&nbsp;<\/span><\/p><p><span style=\"font-size: 21px; color: var( --e-global-color-text );\">Il dottor Murat Aydo\u011fmu\u015f \u00e8 uno dei cofondatori di EISA. Ha partecipato alla formazione delle AN e ha avuto successo.&nbsp;<\/span><span style=\"font-size: 21px; color: var( --e-global-color-text );\">ha completato molti corsi di formazione, tra cui Train The Trainers. Attualmente \u00e8 anche coordinatore del progetto Istanbul&nbsp;<\/span><span style=\"font-size: 21px; color: var( --e-global-color-text );\">Unit\u00e0 UE e progetti internazionali dell&#8217;Universit\u00e0. Inoltre, ha conseguito un dottorato in Gestione, Pianificazione e Gestione dell&#8217;Educazione.&nbsp;<\/span><span style=\"font-size: 21px; color: var( --e-global-color-text );\">Economia. Da anni \u00e8 coinvolto attivamente in vari progetti e attualmente sta conducendo l&#8217;Alleanza settoriale e l&#8217;Alleanza di settore.&nbsp;<\/span><span style=\"font-size: 21px; color: var( --e-global-color-text );\">progetti Horizon2020 dell&#8217;Universit\u00e0 e la conduzione di 18 progetti di innovazione Erasmus+. Si \u00e8 trasferito all&#8217;universit\u00e0 dopo&nbsp;<\/span><span style=\"font-size: 21px; color: var( --e-global-color-text );\">insegnando inglese nelle scuole pubbliche per 13 anni.<\/span><\/p>\n<p>NEB\u0130 Demir \u00e8 l&#8217;altro cofondatore di EISA. \u00c8 un insegnante di inglese con esperienza in tutti i livelli di istruzione, dalla scuola materna all&#8217;educazione degli adulti per un periodo di 16 anni. Ha lavorato come traduttore per il Ministero della Difesa e ha anche un&#8217;esperienza di quasi 12 anni in progetti concessi dall&#8217;UE.<\/p>\t\t\t\t\t\t\t\t<\/div>\n\t\t\t\t<\/div>\n\t\t\t\t\t<\/div>\n\t\t<\/div>\n\t\t\t\t\t<\/div>\n\t\t<\/section>\n\t\t\t\t<\/div>\n\t\t","protected":false},"excerpt":{"rendered":"<p>EISA T\u00fcrkiye Associazione europea delle societ\u00e0 innovative &#8211; EISA \u00e8 una ONG turca. L&#8217;EISA mira a sostenere le persone che rispondono alle esigenze del mondo globale, a fornire opportunit\u00e0 attraverso la cooperazione intersettoriale, la cooperazione internazionale e le attivit\u00e0 di solidariet\u00e0 e a incoraggiare le persone in questo senso. L&#8217;EISA \u00e8 stata fondata nel 2020 [&hellip;]<\/p>\n","protected":false},"author":1,"featured_media":0,"parent":0,"menu_order":0,"comment_status":"closed","ping_status":"closed","template":"elementor_header_footer","meta":{"ocean_post_layout":"","ocean_both_sidebars_style":"","ocean_both_sidebars_content_width":0,"ocean_both_sidebars_sidebars_width":0,"ocean_sidebar":"0","ocean_second_sidebar":"0","ocean_disable_margins":"enable","ocean_add_body_class":"","ocean_shortcode_before_top_bar":"","ocean_shortcode_after_top_bar":"","ocean_shortcode_before_header":"","ocean_shortcode_after_header":"","ocean_has_shortcode":"","ocean_shortcode_after_title":"","ocean_shortcode_before_footer_widgets":"","ocean_shortcode_after_footer_widgets":"","ocean_shortcode_before_footer_bottom":"","ocean_shortcode_after_footer_bottom":"","ocean_display_top_bar":"default","ocean_display_header":"default","ocean_header_style":"","ocean_center_header_left_menu":"0","ocean_custom_header_template":"0","ocean_custom_logo":0,"ocean_custom_retina_logo":0,"ocean_custom_logo_max_width":0,"ocean_custom_logo_tablet_max_width":0,"ocean_custom_logo_mobile_max_width":0,"ocean_custom_logo_max_height":0,"ocean_custom_logo_tablet_max_height":0,"ocean_custom_logo_mobile_max_height":0,"ocean_header_custom_menu":"0","ocean_menu_typo_font_family":"0","ocean_menu_typo_font_subset":"","ocean_menu_typo_font_size":0,"ocean_menu_typo_font_size_tablet":0,"ocean_menu_typo_font_size_mobile":0,"ocean_menu_typo_font_size_unit":"px","ocean_menu_typo_font_weight":"","ocean_menu_typo_font_weight_tablet":"","ocean_menu_typo_font_weight_mobile":"","ocean_menu_typo_transform":"","ocean_menu_typo_transform_tablet":"","ocean_menu_typo_transform_mobile":"","ocean_menu_typo_line_height":0,"ocean_menu_typo_line_height_tablet":0,"ocean_menu_typo_line_height_mobile":0,"ocean_menu_typo_line_height_unit":"","ocean_menu_typo_spacing":0,"ocean_menu_typo_spacing_tablet":0,"ocean_menu_typo_spacing_mobile":0,"ocean_menu_typo_spacing_unit":"","ocean_menu_link_color":"","ocean_menu_link_color_hover":"","ocean_menu_link_color_active":"","ocean_menu_link_background":"","ocean_menu_link_hover_background":"","ocean_menu_link_active_background":"","ocean_menu_social_links_bg":"","ocean_menu_social_hover_links_bg":"","ocean_menu_social_links_color":"","ocean_menu_social_hover_links_color":"","ocean_disable_title":"default","ocean_disable_heading":"default","ocean_post_title":"","ocean_post_subheading":"","ocean_post_title_style":"","ocean_post_title_background_color":"","ocean_post_title_background":0,"ocean_post_title_bg_image_position":"","ocean_post_title_bg_image_attachment":"","ocean_post_title_bg_image_repeat":"","ocean_post_title_bg_image_size":"","ocean_post_title_height":0,"ocean_post_title_bg_overlay":0.5,"ocean_post_title_bg_overlay_color":"","ocean_disable_breadcrumbs":"default","ocean_breadcrumbs_color":"","ocean_breadcrumbs_separator_color":"","ocean_breadcrumbs_links_color":"","ocean_breadcrumbs_links_hover_color":"","ocean_display_footer_widgets":"default","ocean_display_footer_bottom":"default","ocean_custom_footer_template":"0","osh_disable_topbar_sticky":"default","osh_disable_header_sticky":"default","osh_sticky_header_style":"default","osh_sticky_header_effect":"","osh_custom_sticky_logo":0,"osh_custom_retina_sticky_logo":0,"osh_custom_sticky_logo_height":0,"osh_background_color":"","osh_links_color":"","osh_links_hover_color":"","osh_links_active_color":"","osh_links_bg_color":"","osh_links_hover_bg_color":"","osh_links_active_bg_color":"","osh_menu_social_links_color":"","osh_menu_social_hover_links_color":"","footnotes":""},"class_list":["post-6147","page","type-page","status-publish","hentry","entry"],"_links":{"self":[{"href":"https:\/\/key-competences.eu\/it\/wp-json\/wp\/v2\/pages\/6147","targetHints":{"allow":["GET"]}}],"collection":[{"href":"https:\/\/key-competences.eu\/it\/wp-json\/wp\/v2\/pages"}],"about":[{"href":"https:\/\/key-competences.eu\/it\/wp-json\/wp\/v2\/types\/page"}],"author":[{"embeddable":true,"href":"https:\/\/key-competences.eu\/it\/wp-json\/wp\/v2\/users\/1"}],"replies":[{"embeddable":true,"href":"https:\/\/key-competences.eu\/it\/wp-json\/wp\/v2\/comments?post=6147"}],"version-history":[{"count":1,"href":"https:\/\/key-competences.eu\/it\/wp-json\/wp\/v2\/pages\/6147\/revisions"}],"predecessor-version":[{"id":6150,"href":"https:\/\/key-competences.eu\/it\/wp-json\/wp\/v2\/pages\/6147\/revisions\/6150"}],"wp:attachment":[{"href":"https:\/\/key-competences.eu\/it\/wp-json\/wp\/v2\/media?parent=6147"}],"curies":[{"name":"wp","href":"https:\/\/api.w.org\/{rel}","templated":true}]}}