{"id":6123,"date":"2022-09-10T04:40:56","date_gmt":"2022-09-10T04:40:56","guid":{"rendered":"https:\/\/key-competences.eu\/polen"},"modified":"2024-03-15T15:18:24","modified_gmt":"2024-03-15T15:18:24","slug":"polen","status":"publish","type":"page","link":"https:\/\/key-competences.eu\/nl\/polen","title":{"rendered":"Polen"},"content":{"rendered":"\t\t<div data-elementor-type=\"wp-page\" data-elementor-id=\"6123\" class=\"elementor elementor-6123 elementor-2947\" data-elementor-post-type=\"page\">\n\t\t\t\t\t\t<section class=\"elementor-section elementor-top-section elementor-element elementor-element-ea0824c elementor-section-boxed elementor-section-height-default elementor-section-height-default\" data-id=\"ea0824c\" data-element_type=\"section\">\n\t\t\t\t\t\t<div class=\"elementor-container elementor-column-gap-default\">\n\t\t\t\t\t<div class=\"elementor-column elementor-col-100 elementor-top-column elementor-element elementor-element-a3d4e3b\" data-id=\"a3d4e3b\" data-element_type=\"column\">\n\t\t\t<div class=\"elementor-widget-wrap elementor-element-populated\">\n\t\t\t\t\t\t<section class=\"elementor-section elementor-inner-section elementor-element elementor-element-f502e30 elementor-section-boxed elementor-section-height-default elementor-section-height-default\" data-id=\"f502e30\" data-element_type=\"section\">\n\t\t\t\t\t\t<div class=\"elementor-container elementor-column-gap-default\">\n\t\t\t\t\t<div class=\"elementor-column elementor-col-50 elementor-inner-column elementor-element elementor-element-a1ebc69\" data-id=\"a1ebc69\" data-element_type=\"column\">\n\t\t\t<div class=\"elementor-widget-wrap elementor-element-populated\">\n\t\t\t\t\t\t<div class=\"elementor-element elementor-element-aa30607 elementor-widget elementor-widget-spacer\" data-id=\"aa30607\" data-element_type=\"widget\" data-widget_type=\"spacer.default\">\n\t\t\t\t<div class=\"elementor-widget-container\">\n\t\t\t\t\t\t\t<div class=\"elementor-spacer\">\n\t\t\t<div class=\"elementor-spacer-inner\"><\/div>\n\t\t<\/div>\n\t\t\t\t\t\t<\/div>\n\t\t\t\t<\/div>\n\t\t\t\t<div class=\"elementor-element elementor-element-084174b elementor-widget elementor-widget-image\" data-id=\"084174b\" data-element_type=\"widget\" data-widget_type=\"image.default\">\n\t\t\t\t<div class=\"elementor-widget-container\">\n\t\t\t\t\t\t\t\t\t\t\t\t\t\t\t<img fetchpriority=\"high\" decoding=\"async\" width=\"605\" height=\"337\" src=\"https:\/\/key-competences.eu\/wp-content\/uploads\/Logo-Poland.jpg\" class=\"attachment-full size-full wp-image-4694\" alt=\"\" srcset=\"https:\/\/key-competences.eu\/wp-content\/uploads\/Logo-Poland.jpg 605w, https:\/\/key-competences.eu\/wp-content\/uploads\/Logo-Poland-300x167.jpg 300w\" sizes=\"(max-width: 605px) 100vw, 605px\" \/>\t\t\t\t\t\t\t\t\t\t\t\t\t\t\t<\/div>\n\t\t\t\t<\/div>\n\t\t\t\t\t<\/div>\n\t\t<\/div>\n\t\t\t\t<div class=\"elementor-column elementor-col-50 elementor-inner-column elementor-element elementor-element-98a7b06\" data-id=\"98a7b06\" data-element_type=\"column\">\n\t\t\t<div class=\"elementor-widget-wrap elementor-element-populated\">\n\t\t\t\t\t\t<div class=\"elementor-element elementor-element-e134b4e elementor-widget elementor-widget-heading\" data-id=\"e134b4e\" data-element_type=\"widget\" data-widget_type=\"heading.default\">\n\t\t\t\t<div class=\"elementor-widget-container\">\n\t\t\t\t\t<h1 class=\"elementor-heading-title elementor-size-default\">Stowarzyszenie<br>  \"Szansa dla Aktywnych<br>\nPolen<\/h1>\t\t\t\t<\/div>\n\t\t\t\t<\/div>\n\t\t\t\t\t<\/div>\n\t\t<\/div>\n\t\t\t\t\t<\/div>\n\t\t<\/section>\n\t\t\t\t\t<\/div>\n\t\t<\/div>\n\t\t\t\t\t<\/div>\n\t\t<\/section>\n\t\t\t\t<section class=\"elementor-section elementor-top-section elementor-element elementor-element-450dc8e elementor-section-boxed elementor-section-height-default elementor-section-height-default\" data-id=\"450dc8e\" data-element_type=\"section\">\n\t\t\t\t\t\t<div class=\"elementor-container elementor-column-gap-default\">\n\t\t\t\t\t<div class=\"elementor-column elementor-col-100 elementor-top-column elementor-element elementor-element-9dca437\" data-id=\"9dca437\" data-element_type=\"column\">\n\t\t\t<div class=\"elementor-widget-wrap elementor-element-populated\">\n\t\t\t\t\t\t<div class=\"elementor-element elementor-element-e8f40a5 elementor-widget elementor-widget-text-editor\" data-id=\"e8f40a5\" data-element_type=\"widget\" data-widget_type=\"text-editor.default\">\n\t\t\t\t<div class=\"elementor-widget-container\">\n\t\t\t\t\t\t\t\t\t<p>De Association Opportunity for the Active is een niet-gouvernementele organisatie met 17 trainers en 72 cursisten. De vereniging werd opgericht namens de inwoners van de gemeente Przygodzice (centraal Polen tussen Wroc\u0142aw en Pozna\u0144). Het belangrijkste doel is om de levensstandaard van een lokale gemeenschap te verhogen. Het ondersteunt ook acties op het gebied van milieubescherming, inclusie en integratie, onderwijs, werkgelegenheid, cultuur en sport en ondersteunt individuele mensen en organisaties die soortgelijke acties ondernemen. We ondersteunen de activering van het vrouwenberoep door middel van workshops, trainingen en netwerken, die we geven als onderdeel van speciale programma&#8217;s. We helpen vrouwen bij het opbouwen van professionele vaardigheden en competenties, zodat ze het gevoel hebben dat ze echt invloed hebben op hun toekomst. We willen hun potentieel vrijmaken omdat we in hen en hun kracht geloven. Onze vereniging zet zich in voor gehandicapte kinderen en hun families. We bieden onze leerlingen psychologische en revalidatieondersteuning. De vereniging wil verschillende educatieve acties initi\u00ebren om waarden en Europese normen te implementeren, die een nieuwe Europese dimensie kunnen geven aan de huidige context. De vereniging houdt zich ook bezig met voortdurende communicatie en samenwerkingsrelaties op lokaal, regionaal, nationaal en internationaal niveau. Via de activiteiten van de vereniging wordt vrijwilligerswerk aangemoedigd als een vorm van superieure ondersteuning en hulp en uitwisseling van beste praktijken. De zorg voor de ontwikkeling van lokale, regionale en internationale partnerschappen leidde tot de ontwikkeling van personeel binnen de organisatie met de vaardigheden en competenties op het gebied van teamwork. De vereniging heeft talrijke projecten uitgevoerd voor internationale partnerschappen en haar actieve leden hebben zo managementcapaciteit en vaardigheden ontwikkeld met betrekking tot onderwijsprojecten. De vereniging bevordert de mobiliteit van burgers, organiseert gezamenlijke studieprogramma&#8217;s en zet netwerken op, zodat ze actiever kunnen worden in het democratische leven van hun gemeenschap. De afdeling sociale diensten biedt psychosociale ondersteuning, beroepsori\u00ebntatie en loopbaanbegeleiding, psychologische begeleiding voor personen, koppels, gezinnen, groepen en meer. Er is een speciale service voor de schoolgemeenschap, counseling voor studenten, docenten en ouders. De meeste volwassenen hebben minder kansen op de arbeidsmarkt. In dit project maken we een verbinding tussen NGO&#8217;s, scholen en de lokale gemeenschap om mensen met een verstandelijke beperking bewust te maken van sociale inclusie; we betrekken vrijwilligers, leerkrachten, trainers, managers en de lokale gemeenschap bij een campagne om meer te leren over inclusie en integratie. Dit project zal burgers uit verschillende culturen bij het project betrekken, waardoor het integratieniveau zal verbeteren.<\/p>\n\t\t\t\t\t\t\t\t<\/div>\n\t\t\t\t<\/div>\n\t\t\t\t\t<\/div>\n\t\t<\/div>\n\t\t\t\t\t<\/div>\n\t\t<\/section>\n\t\t\t\t<section class=\"elementor-section elementor-top-section elementor-element elementor-element-bf8d9c7 elementor-section-boxed elementor-section-height-default elementor-section-height-default\" data-id=\"bf8d9c7\" data-element_type=\"section\">\n\t\t\t\t\t\t<div class=\"elementor-container elementor-column-gap-default\">\n\t\t\t\t\t<div class=\"elementor-column elementor-col-100 elementor-top-column elementor-element elementor-element-dfc1a21\" data-id=\"dfc1a21\" data-element_type=\"column\">\n\t\t\t<div class=\"elementor-widget-wrap elementor-element-populated\">\n\t\t\t\t\t\t<div class=\"elementor-element elementor-element-82ccfa6 elementor-widget elementor-widget-text-editor\" data-id=\"82ccfa6\" data-element_type=\"widget\" data-widget_type=\"text-editor.default\">\n\t\t\t\t<div class=\"elementor-widget-container\">\n\t\t\t\t\t\t\t\t\t<p>Onze organisatie heeft ervaring met een project voor werkloze vrouwen. In 2019 hebben we het project &#8220;Common start in the business world&#8221; uitgevoerd, gefinancierd door European Social Found. Als onderdeel van dit project organiseerden we lessen in ondernemerschap voor werkloze vrouwen, boekhoudcursussen en computertraining. Elk jaar organiseren we aerobics, Zumba en Nordic Walking. Van tijd tot tijd organiseren we consulten met di\u00ebtisten. Onze NGO implementeerde taal- en computerlessen voor vrouwelijke immigranten uit Oekra\u00efne om hen te helpen een start te maken op de arbeidsmarkt. We hebben in Grundtvig het project &#8220;COLOR BLIND&#8221;- Roma voorbij stereotypen bereikt. Dit project is bedoeld om stereotypen over Roma-vrouwen te doorbreken met behulp van niet-formele methoden die specifiek zijn voor het programma Een leven lang leren. De deelnemers kregen de kans om te spreken over de Roma-gemeenschappen in hun land, de rechten van de Roma, de Roma-cultuur en -geschiedenis en ze probeerden samen oplossingen te vinden voor de integratie van Roma-vrouwen in de samenleving. 8 partnerlanden uit Itali\u00eb, Turkije, Polen, Macedoni\u00eb, Egypte, Isra\u00ebl, Georgi\u00eb en Roemeni\u00eb. Het project vond plaats op 05-11 april 2012 in Busteni &#8211; een bergresort in Roemeni\u00eb. Onze organisatie bestaat uit 17 mensen.  <\/p>\n\t\t\t\t\t\t\t\t<\/div>\n\t\t\t\t<\/div>\n\t\t\t\t\t<\/div>\n\t\t<\/div>\n\t\t\t\t\t<\/div>\n\t\t<\/section>\n\t\t\t\t<section class=\"elementor-section elementor-top-section elementor-element elementor-element-7c826b2 elementor-section-boxed elementor-section-height-default elementor-section-height-default\" data-id=\"7c826b2\" data-element_type=\"section\">\n\t\t\t\t\t\t<div class=\"elementor-container elementor-column-gap-default\">\n\t\t\t\t\t<div class=\"elementor-column elementor-col-100 elementor-top-column elementor-element elementor-element-965a210\" data-id=\"965a210\" data-element_type=\"column\">\n\t\t\t<div class=\"elementor-widget-wrap elementor-element-populated\">\n\t\t\t\t\t\t<div class=\"elementor-element elementor-element-49640d4 elementor-widget elementor-widget-text-editor\" data-id=\"49640d4\" data-element_type=\"widget\" data-widget_type=\"text-editor.default\">\n\t\t\t\t<div class=\"elementor-widget-container\">\n\t\t\t\t\t\t\t\t\t<p>Bij onze Projecta is het volgende schoolpersoneel betrokken:<\/p>\n<ul>\n<li style=\"list-style-type: none;\">\n<ul>\n<li>1. Anna Nowicka (7 jaar ervaring met de uitvoering van projecten in het kader van het programma Een leven lang leren en Erasmus +, docent). 21 \/ 106 Oproep 2021 Ronde 1 KA2 KA220-ADU &#8211; Samenwerkingspartnerschappen in het volwassenenonderwijs Formulier ID KA220-ADU-A83C0B30 Uiterste datum (Brusselse tijd) 21 mei 2021 12:00:00 NL<\/li>\n<li>2. Barbara Szymanowska 11 jaar ervaring met de uitvoering van projecten gefinancierd met openbare middelen, inclusief cofinanciering van de Europese Unie; grondige kennis van de beginselen en technieken van evaluatie, rekening houdend met de kennis van de kwantitatieve en kwalitatieve vormen van uitvoering\/onderzoek, schoolhoofd).<\/li>\n<li>3. Alexander Chlasta en Karolina Chajdziony &#8211; docenten vreemde talen &#8211; zijn betrokken bij het geven van taaltrainingen.<\/li>\n<li>4. Tomasz Nowicki &#8211; IT-trainer<\/li>\n<\/ul>\n<\/li>\n<\/ul>\n<p>Het personeel bestaat uit mensen met jarenlange ervaring en relevante kwalificaties en competenties, ge\u00efmplementeerd in eerdere projecten.<\/p>\n\t\t\t\t\t\t\t\t<\/div>\n\t\t\t\t<\/div>\n\t\t\t\t\t<\/div>\n\t\t<\/div>\n\t\t\t\t\t<\/div>\n\t\t<\/section>\n\t\t\t\t<section class=\"elementor-section elementor-top-section elementor-element elementor-element-16cce47 elementor-section-boxed elementor-section-height-default elementor-section-height-default\" data-id=\"16cce47\" data-element_type=\"section\">\n\t\t\t\t\t\t<div class=\"elementor-container elementor-column-gap-default\">\n\t\t\t\t\t<div class=\"elementor-column elementor-col-100 elementor-top-column elementor-element elementor-element-0ebdf14\" data-id=\"0ebdf14\" data-element_type=\"column\">\n\t\t\t<div class=\"elementor-widget-wrap elementor-element-populated\">\n\t\t\t\t\t\t<div class=\"elementor-element elementor-element-b72f83b elementor-widget elementor-widget-text-editor\" data-id=\"b72f83b\" data-element_type=\"widget\" data-widget_type=\"text-editor.default\">\n\t\t\t\t<div class=\"elementor-widget-container\">\n\t\t\t\t\t\t\t\t\tSzansa dla Aktywnych<br>\nul. Szkolna 4  <br>Jank\u00f3w Przygodzki  <br>63-424 Przygodzice<p>\n\n<strong>E-mail :<\/strong> <a href=\"mailto:info@sitename.com\">szansadlaaktywnych@gmail.com<\/a><\/p>\t\t\t\t\t\t\t\t<\/div>\n\t\t\t\t<\/div>\n\t\t\t\t\t<\/div>\n\t\t<\/div>\n\t\t\t\t\t<\/div>\n\t\t<\/section>\n\t\t\t\t<\/div>\n\t\t","protected":false},"excerpt":{"rendered":"<p>Stowarzyszenie &#8220;Szansa dla Aktywnych Polen De Association Opportunity for the Active is een niet-gouvernementele organisatie met 17 trainers en 72 cursisten. De vereniging werd opgericht namens de inwoners van de gemeente Przygodzice (centraal Polen tussen Wroc\u0142aw en Pozna\u0144). Het belangrijkste doel is om de levensstandaard van een lokale gemeenschap te verhogen. Het ondersteunt ook acties [&hellip;]<\/p>\n","protected":false},"author":1,"featured_media":0,"parent":0,"menu_order":0,"comment_status":"closed","ping_status":"closed","template":"elementor_header_footer","meta":{"ocean_post_layout":"","ocean_both_sidebars_style":"","ocean_both_sidebars_content_width":0,"ocean_both_sidebars_sidebars_width":0,"ocean_sidebar":"0","ocean_second_sidebar":"0","ocean_disable_margins":"enable","ocean_add_body_class":"","ocean_shortcode_before_top_bar":"","ocean_shortcode_after_top_bar":"","ocean_shortcode_before_header":"","ocean_shortcode_after_header":"","ocean_has_shortcode":"","ocean_shortcode_after_title":"","ocean_shortcode_before_footer_widgets":"","ocean_shortcode_after_footer_widgets":"","ocean_shortcode_before_footer_bottom":"","ocean_shortcode_after_footer_bottom":"","ocean_display_top_bar":"default","ocean_display_header":"default","ocean_header_style":"","ocean_center_header_left_menu":"0","ocean_custom_header_template":"0","ocean_custom_logo":0,"ocean_custom_retina_logo":0,"ocean_custom_logo_max_width":0,"ocean_custom_logo_tablet_max_width":0,"ocean_custom_logo_mobile_max_width":0,"ocean_custom_logo_max_height":0,"ocean_custom_logo_tablet_max_height":0,"ocean_custom_logo_mobile_max_height":0,"ocean_header_custom_menu":"0","ocean_menu_typo_font_family":"0","ocean_menu_typo_font_subset":"","ocean_menu_typo_font_size":0,"ocean_menu_typo_font_size_tablet":0,"ocean_menu_typo_font_size_mobile":0,"ocean_menu_typo_font_size_unit":"px","ocean_menu_typo_font_weight":"","ocean_menu_typo_font_weight_tablet":"","ocean_menu_typo_font_weight_mobile":"","ocean_menu_typo_transform":"","ocean_menu_typo_transform_tablet":"","ocean_menu_typo_transform_mobile":"","ocean_menu_typo_line_height":0,"ocean_menu_typo_line_height_tablet":0,"ocean_menu_typo_line_height_mobile":0,"ocean_menu_typo_line_height_unit":"","ocean_menu_typo_spacing":0,"ocean_menu_typo_spacing_tablet":0,"ocean_menu_typo_spacing_mobile":0,"ocean_menu_typo_spacing_unit":"","ocean_menu_link_color":"","ocean_menu_link_color_hover":"","ocean_menu_link_color_active":"","ocean_menu_link_background":"","ocean_menu_link_hover_background":"","ocean_menu_link_active_background":"","ocean_menu_social_links_bg":"","ocean_menu_social_hover_links_bg":"","ocean_menu_social_links_color":"","ocean_menu_social_hover_links_color":"","ocean_disable_title":"default","ocean_disable_heading":"default","ocean_post_title":"","ocean_post_subheading":"","ocean_post_title_style":"","ocean_post_title_background_color":"","ocean_post_title_background":0,"ocean_post_title_bg_image_position":"","ocean_post_title_bg_image_attachment":"","ocean_post_title_bg_image_repeat":"","ocean_post_title_bg_image_size":"","ocean_post_title_height":0,"ocean_post_title_bg_overlay":0.5,"ocean_post_title_bg_overlay_color":"","ocean_disable_breadcrumbs":"default","ocean_breadcrumbs_color":"","ocean_breadcrumbs_separator_color":"","ocean_breadcrumbs_links_color":"","ocean_breadcrumbs_links_hover_color":"","ocean_display_footer_widgets":"default","ocean_display_footer_bottom":"default","ocean_custom_footer_template":"0","osh_disable_topbar_sticky":"default","osh_disable_header_sticky":"default","osh_sticky_header_style":"default","osh_sticky_header_effect":"","osh_custom_sticky_logo":0,"osh_custom_retina_sticky_logo":0,"osh_custom_sticky_logo_height":0,"osh_background_color":"","osh_links_color":"","osh_links_hover_color":"","osh_links_active_color":"","osh_links_bg_color":"","osh_links_hover_bg_color":"","osh_links_active_bg_color":"","osh_menu_social_links_color":"","osh_menu_social_hover_links_color":"","footnotes":""},"class_list":["post-6123","page","type-page","status-publish","hentry","entry"],"_links":{"self":[{"href":"https:\/\/key-competences.eu\/nl\/wp-json\/wp\/v2\/pages\/6123","targetHints":{"allow":["GET"]}}],"collection":[{"href":"https:\/\/key-competences.eu\/nl\/wp-json\/wp\/v2\/pages"}],"about":[{"href":"https:\/\/key-competences.eu\/nl\/wp-json\/wp\/v2\/types\/page"}],"author":[{"embeddable":true,"href":"https:\/\/key-competences.eu\/nl\/wp-json\/wp\/v2\/users\/1"}],"replies":[{"embeddable":true,"href":"https:\/\/key-competences.eu\/nl\/wp-json\/wp\/v2\/comments?post=6123"}],"version-history":[{"count":1,"href":"https:\/\/key-competences.eu\/nl\/wp-json\/wp\/v2\/pages\/6123\/revisions"}],"predecessor-version":[{"id":6125,"href":"https:\/\/key-competences.eu\/nl\/wp-json\/wp\/v2\/pages\/6123\/revisions\/6125"}],"wp:attachment":[{"href":"https:\/\/key-competences.eu\/nl\/wp-json\/wp\/v2\/media?parent=6123"}],"curies":[{"name":"wp","href":"https:\/\/api.w.org\/{rel}","templated":true}]}}