{"id":6115,"date":"2022-09-10T04:40:56","date_gmt":"2022-09-10T04:40:56","guid":{"rendered":"https:\/\/key-competences.eu\/polska"},"modified":"2024-03-15T15:18:20","modified_gmt":"2024-03-15T15:18:20","slug":"polska","status":"publish","type":"page","link":"https:\/\/key-competences.eu\/pl\/polska","title":{"rendered":"Polska"},"content":{"rendered":"\t\t<div data-elementor-type=\"wp-page\" data-elementor-id=\"6115\" class=\"elementor elementor-6115 elementor-2947\" data-elementor-post-type=\"page\">\n\t\t\t\t\t\t<section class=\"elementor-section elementor-top-section elementor-element elementor-element-ea0824c elementor-section-boxed elementor-section-height-default elementor-section-height-default\" data-id=\"ea0824c\" data-element_type=\"section\">\n\t\t\t\t\t\t<div class=\"elementor-container elementor-column-gap-default\">\n\t\t\t\t\t<div class=\"elementor-column elementor-col-100 elementor-top-column elementor-element elementor-element-a3d4e3b\" data-id=\"a3d4e3b\" data-element_type=\"column\">\n\t\t\t<div class=\"elementor-widget-wrap elementor-element-populated\">\n\t\t\t\t\t\t<section class=\"elementor-section elementor-inner-section elementor-element elementor-element-f502e30 elementor-section-boxed elementor-section-height-default elementor-section-height-default\" data-id=\"f502e30\" data-element_type=\"section\">\n\t\t\t\t\t\t<div class=\"elementor-container elementor-column-gap-default\">\n\t\t\t\t\t<div class=\"elementor-column elementor-col-50 elementor-inner-column elementor-element elementor-element-a1ebc69\" data-id=\"a1ebc69\" data-element_type=\"column\">\n\t\t\t<div class=\"elementor-widget-wrap elementor-element-populated\">\n\t\t\t\t\t\t<div class=\"elementor-element elementor-element-aa30607 elementor-widget elementor-widget-spacer\" data-id=\"aa30607\" data-element_type=\"widget\" data-widget_type=\"spacer.default\">\n\t\t\t\t<div class=\"elementor-widget-container\">\n\t\t\t\t\t\t\t<div class=\"elementor-spacer\">\n\t\t\t<div class=\"elementor-spacer-inner\"><\/div>\n\t\t<\/div>\n\t\t\t\t\t\t<\/div>\n\t\t\t\t<\/div>\n\t\t\t\t<div class=\"elementor-element elementor-element-084174b elementor-widget elementor-widget-image\" data-id=\"084174b\" data-element_type=\"widget\" data-widget_type=\"image.default\">\n\t\t\t\t<div class=\"elementor-widget-container\">\n\t\t\t\t\t\t\t\t\t\t\t\t\t\t\t<img fetchpriority=\"high\" decoding=\"async\" width=\"605\" height=\"337\" src=\"https:\/\/key-competences.eu\/wp-content\/uploads\/Logo-Poland.jpg\" class=\"attachment-full size-full wp-image-4697\" alt=\"\" srcset=\"https:\/\/key-competences.eu\/wp-content\/uploads\/Logo-Poland.jpg 605w, https:\/\/key-competences.eu\/wp-content\/uploads\/Logo-Poland-300x167.jpg 300w\" sizes=\"(max-width: 605px) 100vw, 605px\" \/>\t\t\t\t\t\t\t\t\t\t\t\t\t\t\t<\/div>\n\t\t\t\t<\/div>\n\t\t\t\t\t<\/div>\n\t\t<\/div>\n\t\t\t\t<div class=\"elementor-column elementor-col-50 elementor-inner-column elementor-element elementor-element-98a7b06\" data-id=\"98a7b06\" data-element_type=\"column\">\n\t\t\t<div class=\"elementor-widget-wrap elementor-element-populated\">\n\t\t\t\t\t\t<div class=\"elementor-element elementor-element-e134b4e elementor-widget elementor-widget-heading\" data-id=\"e134b4e\" data-element_type=\"widget\" data-widget_type=\"heading.default\">\n\t\t\t\t<div class=\"elementor-widget-container\">\n\t\t\t\t\t<h1 class=\"elementor-heading-title elementor-size-default\">Stowarzyszenie<br>  \"Szansa dla Aktywnych\"<br>\nPolska<\/h1>\t\t\t\t<\/div>\n\t\t\t\t<\/div>\n\t\t\t\t\t<\/div>\n\t\t<\/div>\n\t\t\t\t\t<\/div>\n\t\t<\/section>\n\t\t\t\t\t<\/div>\n\t\t<\/div>\n\t\t\t\t\t<\/div>\n\t\t<\/section>\n\t\t\t\t<section class=\"elementor-section elementor-top-section elementor-element elementor-element-450dc8e elementor-section-boxed elementor-section-height-default elementor-section-height-default\" data-id=\"450dc8e\" data-element_type=\"section\">\n\t\t\t\t\t\t<div class=\"elementor-container elementor-column-gap-default\">\n\t\t\t\t\t<div class=\"elementor-column elementor-col-100 elementor-top-column elementor-element elementor-element-9dca437\" data-id=\"9dca437\" data-element_type=\"column\">\n\t\t\t<div class=\"elementor-widget-wrap elementor-element-populated\">\n\t\t\t\t\t\t<div class=\"elementor-element elementor-element-e8f40a5 elementor-widget elementor-widget-text-editor\" data-id=\"e8f40a5\" data-element_type=\"widget\" data-widget_type=\"text-editor.default\">\n\t\t\t\t<div class=\"elementor-widget-container\">\n\t\t\t\t\t\t\t\t\t<p>Stowarzyszenie Szansa dla Aktywnych jest organizacj\u0105 pozarz\u0105dow\u0105 zatrudniaj\u0105c\u0105 17 trener\u00f3w i 72 sta\u017cyst\u00f3w. Stowarzyszenie powsta\u0142o z inicjatywy mieszka\u0144c\u00f3w gminy Przygodzice (centralna Polska mi\u0119dzy Wroc\u0142awiem a Poznaniem). Jego g\u0142\u00f3wnym celem jest podniesienie standardu \u017cycia lokalnej spo\u0142eczno\u015bci. Wspiera r\u00f3wnie\u017c dzia\u0142ania na rzecz ochrony \u015brodowiska, integracji, edukacji, zatrudnienia, kultury i sportu, a tak\u017ce wspiera indywidualne osoby i organizacje, kt\u00f3re podejmuj\u0105 podobne dzia\u0142ania. Wspieramy aktywizacj\u0119 zawodow\u0105 kobiet poprzez warsztaty, szkolenia, networking, kt\u00f3re prowadzimy w ramach dedykowanych program\u00f3w, pomagamy kobietom budowa\u0107 umiej\u0119tno\u015bci i kompetencje zawodowe, aby czu\u0142y, \u017ce maj\u0105 realny wp\u0142yw na swoj\u0105 przysz\u0142o\u015b\u0107. Chcemy uwolni\u0107 ich potencja\u0142, poniewa\u017c wierzymy w nich i ich si\u0142\u0119. Nasze stowarzyszenie dzia\u0142a na rzecz niepe\u0142nosprawnych dzieci i ich rodzin. Oferujemy wsparcie psychologiczne i rehabilitacyjne dla naszych podopiecznych. Stowarzyszenie ma na celu inicjowanie r\u00f3\u017cnych dzia\u0142a\u0144 edukacyjnych maj\u0105cych na celu wdra\u017canie warto\u015bci i standard\u00f3w europejskich, kt\u00f3re mog\u0105 nada\u0107 nowy europejski wymiar obecnemu kontekstowi. Ponadto stowarzyszenie zajmuje si\u0119 bie\u017c\u0105c\u0105 komunikacj\u0105 i wsp\u00f3\u0142prac\u0105 na poziomie lokalnym, regionalnym, krajowym i mi\u0119dzynarodowym. Poprzez dzia\u0142alno\u015b\u0107 stowarzyszenia zach\u0119ca si\u0119 do wolontariatu jako formy zapewnienia najwy\u017cszego wsparcia i pomocy oraz wymiany najlepszych praktyk. Troska o rozw\u00f3j partnerstw lokalnych, regionalnych i mi\u0119dzynarodowych doprowadzi\u0142a do rozwoju zasob\u00f3w ludzkich w organizacji z umiej\u0119tno\u015bciami i kompetencjami w zakresie pracy zespo\u0142owej. Stowarzyszenie zrealizowa\u0142o wiele projekt\u00f3w w ramach partnerstwa mi\u0119dzynarodowego, dzi\u0119ki czemu jego aktywni cz\u0142onkowie rozwin\u0119li zdolno\u015bci zarz\u0105dcze i umiej\u0119tno\u015bci zwi\u0105zane z projektami edukacyjnymi. Stowarzyszenie promuje mobilno\u015b\u0107 obywateli, prowadzi wsp\u00f3lne programy studi\u00f3w i tworzy sieci, umo\u017cliwiaj\u0105c im wi\u0119ksz\u0105 aktywno\u015b\u0107 w demokratycznym \u017cyciu ich spo\u0142eczno\u015bci. Dzia\u0142 us\u0142ug socjalnych zapewnia wsparcie psychospo\u0142eczne, us\u0142ugi orientacji zawodowej i doradztwo zawodowe, porady psychologiczne dla os\u00f3b, par, rodzin, grup i nie tylko. Istnieje specjalna us\u0142uga dla spo\u0142eczno\u015bci szkolnej, doradztwo dla uczni\u00f3w, nauczycieli i rodzic\u00f3w. Wi\u0119kszo\u015b\u0107 doros\u0142ych ma mniejsze mo\u017cliwo\u015bci na rynku pracy. W ramach tego projektu stworzymy po\u0142\u0105czenie mi\u0119dzy organizacjami pozarz\u0105dowymi, szko\u0142ami i spo\u0142eczno\u015bci\u0105 lokaln\u0105, aby by\u0107 \u015bwiadomym w\u0142\u0105czenia spo\u0142ecznego os\u00f3b z trudno\u015bciami w uczeniu si\u0119; anga\u017cuj\u0105c wolontariuszy, nauczycieli, trener\u00f3w, mened\u017cer\u00f3w i spo\u0142eczno\u015b\u0107 lokaln\u0105 w kampani\u0119, aby dowiedzie\u0107 si\u0119 wi\u0119cej o integracji i integracji, w tym projekcie mo\u017cemy sprawi\u0107, \u017ce poprawi\u0105 swoje zachowania spo\u0142eczne i zawodowe. Projekt ten zaanga\u017cuje obywateli z r\u00f3\u017cnych kultur, poprawiaj\u0105c poziom integracji i daj\u0105c nam mo\u017cliwo\u015b\u0107 zwi\u0119kszenia kompetencji uczenia si\u0119 w zakresie dobrostanu naszego \u015bwiata edukacji<\/p>\n\t\t\t\t\t\t\t\t<\/div>\n\t\t\t\t<\/div>\n\t\t\t\t\t<\/div>\n\t\t<\/div>\n\t\t\t\t\t<\/div>\n\t\t<\/section>\n\t\t\t\t<section class=\"elementor-section elementor-top-section elementor-element elementor-element-bf8d9c7 elementor-section-boxed elementor-section-height-default elementor-section-height-default\" data-id=\"bf8d9c7\" data-element_type=\"section\">\n\t\t\t\t\t\t<div class=\"elementor-container elementor-column-gap-default\">\n\t\t\t\t\t<div class=\"elementor-column elementor-col-100 elementor-top-column elementor-element elementor-element-dfc1a21\" data-id=\"dfc1a21\" data-element_type=\"column\">\n\t\t\t<div class=\"elementor-widget-wrap elementor-element-populated\">\n\t\t\t\t\t\t<div class=\"elementor-element elementor-element-82ccfa6 elementor-widget elementor-widget-text-editor\" data-id=\"82ccfa6\" data-element_type=\"widget\" data-widget_type=\"text-editor.default\">\n\t\t\t\t<div class=\"elementor-widget-container\">\n\t\t\t\t\t\t\t\t\t<p>Nasza organizacja ma do\u015bwiadczenie w projekcie dedykowanym bezrobotnym kobietom. W 2019 roku realizowali\u015bmy projekt &#8220;Pospolite ruszenie w \u015bwiecie biznesu&#8221; finansowany ze \u015brodk\u00f3w Europejskiego Funduszu Spo\u0142ecznego. W ramach tego projektu zorganizowali\u015bmy dla bezrobotnych kobiet zaj\u0119cia z przedsi\u0119biorczo\u015bci, kursy ksi\u0119gowo\u015bci i szkolenia komputerowe. Ka\u017cdego roku prowadzimy zaj\u0119cia z aerobiku, zumby i nordic walking. Od czasu do czasu organizujemy konsultacje z dietetykiem. Nasza organizacja pozarz\u0105dowa wdro\u017cy\u0142a kursy j\u0119zykowe i komputerowe dla imigrantek z Ukrainy, aby pom\u00f3c im wej\u015b\u0107 na rynek pracy. W ramach projektu Grundtvig zatytu\u0142owanego &#8220;COLOR BLIND&#8221; &#8211; Romowie poza stereotypami by\u0142 to projekt, kt\u00f3ry mia\u0142 na celu prze\u0142amanie stereotyp\u00f3w wobec romskich kobiet, przy u\u017cyciu nieformalnych metod specyficznych dla programu &#8220;Uczenie si\u0119 przez ca\u0142e \u017cycie&#8221;. Uczestnicy mieli okazj\u0119 porozmawia\u0107 o spo\u0142eczno\u015bciach romskich obecnych w ich krajach, prawach Rom\u00f3w, romskiej kulturze i historii oraz pr\u00f3bowali wsp\u00f3lnie znale\u017a\u0107 rozwi\u0105zania w zakresie integracji romskich kobiet ze spo\u0142ecze\u0144stwem. 8 kraj\u00f3w partnerskich z W\u0142och, Turcji, Polski, Macedonii, Egiptu, Izraela, Gruzji i Rumunii. Projekt odby\u0142 si\u0119 w dniach 05-11 kwietnia 2012 r. w Busteni &#8211; g\u00f3rskim kurorcie w Rumunii. Nasz personel organizacyjny sk\u0142ada si\u0119 z 17 os\u00f3b.  <\/p>\n\t\t\t\t\t\t\t\t<\/div>\n\t\t\t\t<\/div>\n\t\t\t\t\t<\/div>\n\t\t<\/div>\n\t\t\t\t\t<\/div>\n\t\t<\/section>\n\t\t\t\t<section class=\"elementor-section elementor-top-section elementor-element elementor-element-7c826b2 elementor-section-boxed elementor-section-height-default elementor-section-height-default\" data-id=\"7c826b2\" data-element_type=\"section\">\n\t\t\t\t\t\t<div class=\"elementor-container elementor-column-gap-default\">\n\t\t\t\t\t<div class=\"elementor-column elementor-col-100 elementor-top-column elementor-element elementor-element-965a210\" data-id=\"965a210\" data-element_type=\"column\">\n\t\t\t<div class=\"elementor-widget-wrap elementor-element-populated\">\n\t\t\t\t\t\t<div class=\"elementor-element elementor-element-49640d4 elementor-widget elementor-widget-text-editor\" data-id=\"49640d4\" data-element_type=\"widget\" data-widget_type=\"text-editor.default\">\n\t\t\t\t<div class=\"elementor-widget-container\">\n\t\t\t\t\t\t\t\t\t<p>W nasze projekty zaanga\u017cowani s\u0105 nast\u0119puj\u0105cy pracownicy szko\u0142y:<\/p>\n<ul>\n<li style=\"list-style-type: none;\">\n<ul>\n<li>1. Anna Nowicka (7 lat do\u015bwiadczenia w realizacji projekt\u00f3w w ramach programu &#8220;Uczenie si\u0119 przez ca\u0142e \u017cycie&#8221; i Erasmus +, nauczyciel). 21 \/ 106 Zaproszenie do sk\u0142adania wniosk\u00f3w 2021 Runda 1 KA2 KA220-ADU &#8211; Partnerstwa wsp\u00f3\u0142pracy w dziedzinie kszta\u0142cenia doros\u0142ych ID formularza KA220-ADU-A83C0B30 Termin (czas brukselski) 21 maja 2021 r. 12:00:00 PL<\/li>\n<li>2. Barbara Szymanowska 11 lat do\u015bwiadczenia w realizacji projekt\u00f3w finansowanych ze \u015brodk\u00f3w publicznych, w tym wsp\u00f3\u0142finansowanych ze \u015brodk\u00f3w Unii Europejskiej; gruntowna znajomo\u015b\u0107 zasad i technik ewaluacji z uwzgl\u0119dnieniem znajomo\u015bci ilo\u015bciowych i jako\u015bciowych form realizacji\/bada\u0144, dyrektor szko\u0142y).<\/li>\n<li>3. Alexander Chlasta i Karolina Chajdziony &#8211; nauczyciele j\u0119zyk\u00f3w obcych &#8211; s\u0105 zaanga\u017cowani w prowadzenie szkole\u0144 j\u0119zykowych<\/li>\n<li>4. Tomasz Nowicki &#8211; trener IT<\/li>\n<\/ul>\n<\/li>\n<\/ul>\n<p>Personel stanowi\u0105 osoby z wieloletnim do\u015bwiadczeniem oraz odpowiednimi kwalifikacjami i kompetencjami, wdro\u017conymi w poprzednich projektach.<\/p>\n\t\t\t\t\t\t\t\t<\/div>\n\t\t\t\t<\/div>\n\t\t\t\t\t<\/div>\n\t\t<\/div>\n\t\t\t\t\t<\/div>\n\t\t<\/section>\n\t\t\t\t<section class=\"elementor-section elementor-top-section elementor-element elementor-element-16cce47 elementor-section-boxed elementor-section-height-default elementor-section-height-default\" data-id=\"16cce47\" data-element_type=\"section\">\n\t\t\t\t\t\t<div class=\"elementor-container elementor-column-gap-default\">\n\t\t\t\t\t<div class=\"elementor-column elementor-col-100 elementor-top-column elementor-element elementor-element-0ebdf14\" data-id=\"0ebdf14\" data-element_type=\"column\">\n\t\t\t<div class=\"elementor-widget-wrap elementor-element-populated\">\n\t\t\t\t\t\t<div class=\"elementor-element elementor-element-b72f83b elementor-widget elementor-widget-text-editor\" data-id=\"b72f83b\" data-element_type=\"widget\" data-widget_type=\"text-editor.default\">\n\t\t\t\t<div class=\"elementor-widget-container\">\n\t\t\t\t\t\t\t\t\tSzansa dla Aktywnych<br>\nul. Szkolna 4  <br>Jank\u00f3w Przygodzki  <br>63-424 Przygodzice<p>\n\n<strong>Email :<\/strong> <a href=\"mailto:info@sitename.com\">szansadlaaktywnych@gmail.com<\/a><\/p>\t\t\t\t\t\t\t\t<\/div>\n\t\t\t\t<\/div>\n\t\t\t\t\t<\/div>\n\t\t<\/div>\n\t\t\t\t\t<\/div>\n\t\t<\/section>\n\t\t\t\t<\/div>\n\t\t","protected":false},"excerpt":{"rendered":"<p>Stowarzyszenie &#8220;Szansa dla Aktywnych&#8221; Polska Stowarzyszenie Szansa dla Aktywnych jest organizacj\u0105 pozarz\u0105dow\u0105 zatrudniaj\u0105c\u0105 17 trener\u00f3w i 72 sta\u017cyst\u00f3w. Stowarzyszenie powsta\u0142o z inicjatywy mieszka\u0144c\u00f3w gminy Przygodzice (centralna Polska mi\u0119dzy Wroc\u0142awiem a Poznaniem). Jego g\u0142\u00f3wnym celem jest podniesienie standardu \u017cycia lokalnej spo\u0142eczno\u015bci. Wspiera r\u00f3wnie\u017c dzia\u0142ania na rzecz ochrony \u015brodowiska, integracji, edukacji, zatrudnienia, kultury i sportu, a tak\u017ce [&hellip;]<\/p>\n","protected":false},"author":1,"featured_media":0,"parent":0,"menu_order":0,"comment_status":"closed","ping_status":"closed","template":"elementor_header_footer","meta":{"ocean_post_layout":"","ocean_both_sidebars_style":"","ocean_both_sidebars_content_width":0,"ocean_both_sidebars_sidebars_width":0,"ocean_sidebar":"0","ocean_second_sidebar":"0","ocean_disable_margins":"enable","ocean_add_body_class":"","ocean_shortcode_before_top_bar":"","ocean_shortcode_after_top_bar":"","ocean_shortcode_before_header":"","ocean_shortcode_after_header":"","ocean_has_shortcode":"","ocean_shortcode_after_title":"","ocean_shortcode_before_footer_widgets":"","ocean_shortcode_after_footer_widgets":"","ocean_shortcode_before_footer_bottom":"","ocean_shortcode_after_footer_bottom":"","ocean_display_top_bar":"default","ocean_display_header":"default","ocean_header_style":"","ocean_center_header_left_menu":"0","ocean_custom_header_template":"0","ocean_custom_logo":0,"ocean_custom_retina_logo":0,"ocean_custom_logo_max_width":0,"ocean_custom_logo_tablet_max_width":0,"ocean_custom_logo_mobile_max_width":0,"ocean_custom_logo_max_height":0,"ocean_custom_logo_tablet_max_height":0,"ocean_custom_logo_mobile_max_height":0,"ocean_header_custom_menu":"0","ocean_menu_typo_font_family":"0","ocean_menu_typo_font_subset":"","ocean_menu_typo_font_size":0,"ocean_menu_typo_font_size_tablet":0,"ocean_menu_typo_font_size_mobile":0,"ocean_menu_typo_font_size_unit":"px","ocean_menu_typo_font_weight":"","ocean_menu_typo_font_weight_tablet":"","ocean_menu_typo_font_weight_mobile":"","ocean_menu_typo_transform":"","ocean_menu_typo_transform_tablet":"","ocean_menu_typo_transform_mobile":"","ocean_menu_typo_line_height":0,"ocean_menu_typo_line_height_tablet":0,"ocean_menu_typo_line_height_mobile":0,"ocean_menu_typo_line_height_unit":"","ocean_menu_typo_spacing":0,"ocean_menu_typo_spacing_tablet":0,"ocean_menu_typo_spacing_mobile":0,"ocean_menu_typo_spacing_unit":"","ocean_menu_link_color":"","ocean_menu_link_color_hover":"","ocean_menu_link_color_active":"","ocean_menu_link_background":"","ocean_menu_link_hover_background":"","ocean_menu_link_active_background":"","ocean_menu_social_links_bg":"","ocean_menu_social_hover_links_bg":"","ocean_menu_social_links_color":"","ocean_menu_social_hover_links_color":"","ocean_disable_title":"default","ocean_disable_heading":"default","ocean_post_title":"","ocean_post_subheading":"","ocean_post_title_style":"","ocean_post_title_background_color":"","ocean_post_title_background":0,"ocean_post_title_bg_image_position":"","ocean_post_title_bg_image_attachment":"","ocean_post_title_bg_image_repeat":"","ocean_post_title_bg_image_size":"","ocean_post_title_height":0,"ocean_post_title_bg_overlay":0.5,"ocean_post_title_bg_overlay_color":"","ocean_disable_breadcrumbs":"default","ocean_breadcrumbs_color":"","ocean_breadcrumbs_separator_color":"","ocean_breadcrumbs_links_color":"","ocean_breadcrumbs_links_hover_color":"","ocean_display_footer_widgets":"default","ocean_display_footer_bottom":"default","ocean_custom_footer_template":"0","osh_disable_topbar_sticky":"default","osh_disable_header_sticky":"default","osh_sticky_header_style":"default","osh_sticky_header_effect":"","osh_custom_sticky_logo":0,"osh_custom_retina_sticky_logo":0,"osh_custom_sticky_logo_height":0,"osh_background_color":"","osh_links_color":"","osh_links_hover_color":"","osh_links_active_color":"","osh_links_bg_color":"","osh_links_hover_bg_color":"","osh_links_active_bg_color":"","osh_menu_social_links_color":"","osh_menu_social_hover_links_color":"","footnotes":""},"class_list":["post-6115","page","type-page","status-publish","hentry","entry"],"_links":{"self":[{"href":"https:\/\/key-competences.eu\/pl\/wp-json\/wp\/v2\/pages\/6115","targetHints":{"allow":["GET"]}}],"collection":[{"href":"https:\/\/key-competences.eu\/pl\/wp-json\/wp\/v2\/pages"}],"about":[{"href":"https:\/\/key-competences.eu\/pl\/wp-json\/wp\/v2\/types\/page"}],"author":[{"embeddable":true,"href":"https:\/\/key-competences.eu\/pl\/wp-json\/wp\/v2\/users\/1"}],"replies":[{"embeddable":true,"href":"https:\/\/key-competences.eu\/pl\/wp-json\/wp\/v2\/comments?post=6115"}],"version-history":[{"count":1,"href":"https:\/\/key-competences.eu\/pl\/wp-json\/wp\/v2\/pages\/6115\/revisions"}],"predecessor-version":[{"id":6119,"href":"https:\/\/key-competences.eu\/pl\/wp-json\/wp\/v2\/pages\/6115\/revisions\/6119"}],"wp:attachment":[{"href":"https:\/\/key-competences.eu\/pl\/wp-json\/wp\/v2\/media?parent=6115"}],"curies":[{"name":"wp","href":"https:\/\/api.w.org\/{rel}","templated":true}]}}