{"id":6122,"date":"2022-09-08T15:44:56","date_gmt":"2022-09-08T15:44:56","guid":{"rendered":"https:\/\/key-competences.eu\/wlochy"},"modified":"2024-03-15T15:18:24","modified_gmt":"2024-03-15T15:18:24","slug":"wlochy","status":"publish","type":"page","link":"https:\/\/key-competences.eu\/pl\/wlochy","title":{"rendered":"W\u0142ochy"},"content":{"rendered":"\t\t<div data-elementor-type=\"wp-page\" data-elementor-id=\"6122\" class=\"elementor elementor-6122 elementor-2863\" data-elementor-post-type=\"page\">\n\t\t\t\t\t\t<section class=\"elementor-section elementor-top-section elementor-element elementor-element-076762c elementor-section-boxed elementor-section-height-default elementor-section-height-default\" data-id=\"076762c\" data-element_type=\"section\">\n\t\t\t\t\t\t<div class=\"elementor-container elementor-column-gap-default\">\n\t\t\t\t\t<div class=\"elementor-column elementor-col-100 elementor-top-column elementor-element elementor-element-f930e7b\" data-id=\"f930e7b\" data-element_type=\"column\">\n\t\t\t<div class=\"elementor-widget-wrap elementor-element-populated\">\n\t\t\t\t\t\t<section class=\"elementor-section elementor-inner-section elementor-element elementor-element-24a1bc7 elementor-section-boxed elementor-section-height-default elementor-section-height-default\" data-id=\"24a1bc7\" data-element_type=\"section\">\n\t\t\t\t\t\t<div class=\"elementor-container elementor-column-gap-default\">\n\t\t\t\t\t<div class=\"elementor-column elementor-col-50 elementor-inner-column elementor-element elementor-element-ceb84e5\" data-id=\"ceb84e5\" data-element_type=\"column\">\n\t\t\t<div class=\"elementor-widget-wrap elementor-element-populated\">\n\t\t\t\t\t\t<div class=\"elementor-element elementor-element-361e392 elementor-widget elementor-widget-spacer\" data-id=\"361e392\" data-element_type=\"widget\" data-widget_type=\"spacer.default\">\n\t\t\t\t<div class=\"elementor-widget-container\">\n\t\t\t\t\t\t\t<div class=\"elementor-spacer\">\n\t\t\t<div class=\"elementor-spacer-inner\"><\/div>\n\t\t<\/div>\n\t\t\t\t\t\t<\/div>\n\t\t\t\t<\/div>\n\t\t\t\t<div class=\"elementor-element elementor-element-6834bab elementor-widget elementor-widget-image\" data-id=\"6834bab\" data-element_type=\"widget\" data-widget_type=\"image.default\">\n\t\t\t\t<div class=\"elementor-widget-container\">\n\t\t\t\t\t\t\t\t\t\t\t\t\t\t\t<img decoding=\"async\" width=\"348\" height=\"100\" src=\"https:\/\/key-competences.eu\/wp-content\/uploads\/Logo_ITALIA_Education_InProgress.jpg\" class=\"attachment-large size-large wp-image-4702\" alt=\"\" srcset=\"https:\/\/key-competences.eu\/wp-content\/uploads\/Logo_ITALIA_Education_InProgress.jpg 348w, https:\/\/key-competences.eu\/wp-content\/uploads\/Logo_ITALIA_Education_InProgress-300x86.jpg 300w\" sizes=\"(max-width: 348px) 100vw, 348px\" \/>\t\t\t\t\t\t\t\t\t\t\t\t\t\t\t<\/div>\n\t\t\t\t<\/div>\n\t\t\t\t\t<\/div>\n\t\t<\/div>\n\t\t\t\t<div class=\"elementor-column elementor-col-50 elementor-inner-column elementor-element elementor-element-da0895d\" data-id=\"da0895d\" data-element_type=\"column\">\n\t\t\t<div class=\"elementor-widget-wrap elementor-element-populated\">\n\t\t\t\t\t\t<div class=\"elementor-element elementor-element-e64b6d8 elementor-widget elementor-widget-heading\" data-id=\"e64b6d8\" data-element_type=\"widget\" data-widget_type=\"heading.default\">\n\t\t\t\t<div class=\"elementor-widget-container\">\n\t\t\t\t\t<h1 class=\"elementor-heading-title elementor-size-default\">Edukacja w toku<br>\nW\u0142ochy<\/h1>\t\t\t\t<\/div>\n\t\t\t\t<\/div>\n\t\t\t\t\t<\/div>\n\t\t<\/div>\n\t\t\t\t\t<\/div>\n\t\t<\/section>\n\t\t\t\t\t<\/div>\n\t\t<\/div>\n\t\t\t\t\t<\/div>\n\t\t<\/section>\n\t\t\t\t<section class=\"elementor-section elementor-top-section elementor-element elementor-element-51438c1a elementor-section-boxed elementor-section-height-default elementor-section-height-default\" data-id=\"51438c1a\" data-element_type=\"section\">\n\t\t\t\t\t\t<div class=\"elementor-container elementor-column-gap-default\">\n\t\t\t\t\t<div class=\"elementor-column elementor-col-100 elementor-top-column elementor-element elementor-element-7e500494\" data-id=\"7e500494\" data-element_type=\"column\">\n\t\t\t<div class=\"elementor-widget-wrap elementor-element-populated\">\n\t\t\t\t\t\t<div class=\"elementor-element elementor-element-40d54e25 elementor-widget elementor-widget-text-editor\" data-id=\"40d54e25\" data-element_type=\"widget\" data-widget_type=\"text-editor.default\">\n\t\t\t\t<div class=\"elementor-widget-container\">\n\t\t\t\t\t\t\t\t\t<p><span style=\"font-size: 21px; color: var( --e-global-color-text );\">Education In Progress Italia to organizacja non-profit z siedzib\u0105 w Mesynie we W\u0142oszech, kt\u00f3ra dzia\u0142a w ramach projekt\u00f3w europejskich, szkol\u0105c personel w szko\u0142ach dla doros\u0142ych i o\u015brodkach dla doros\u0142ych migrant\u00f3w w po\u0142udniowych W\u0142oszech.<\/span><\/p>\n<p>Zapewnia r\u00f3wnie\u017c innowacyjne metody integracji student\u00f3w ze wszystkich \u015brodowisk spo\u0142ecznych i ekonomicznych ze spo\u0142ecze\u0144stwem i rynkiem pracy.<\/p>\n<p>Misj\u0105 pracownik\u00f3w jest uczynienie z mobilno\u015bci, poprzez program Erasmus+, narz\u0119dzia wspieraj\u0105cego rozw\u00f3j gospodarczy i spo\u0142eczny. W Education InProgress opracowujemy projekty dotycz\u0105ce formalnych, pozaformalnych i nieformalnych dzia\u0142a\u0144 edukacyjnych, ze szczeg\u00f3lnym uwzgl\u0119dnieniem niezawodowej edukacji doros\u0142ych. Ponadto przywi\u0105zujemy wag\u0119 do \u015bcie\u017cek uczenia si\u0119 przez ca\u0142e \u017cycie niezwi\u0105zanych bezpo\u015brednio z rynkiem pracy i poza szkoleniem zawodowym (sektor VET) i szkolnictwem wy\u017cszym.<\/p>\n<\/p>\n<p>Strona internetowa: <a href=\"https:\/\/educationinprogress.eu\/\" target=\"_blank\" rel=\"noopener\">https:\/\/educationinprogress.eu\/<\/a><\/p>\n<p>Kontakt: <a href=\"mailto:info@educationinprogress.eu\">info@educationinprogress.eu<\/a>,<\/p>\n<p>  Prezes stowarzyszenia: <a href=\"mailto:aldo.cammara@educationinprogress.eu\">aldo.cammara@educationinprogress.eu<\/a><\/p>\n<\/p>\n<\/p>\n<p>KR\u00d3TKA PREZENTACJA &#8211; ITALIANO<\/p>\n<\/p>\n<p>Education In Progress Italia jest organizacj\u0105 non-profit z siedzib\u0105 w Mesynie, we W\u0142oszech, dzia\u0142aj\u0105c\u0105 w obszarze rozwoju europejskiego, formacji os\u00f3b w szko\u0142ach dla doros\u0142ych i o\u015brodkach dla doros\u0142ych migrant\u00f3w w Sud Italia. Oferuje r\u00f3wnie\u017c innowacyjne metody integracji student\u00f3w z r\u00f3\u017cnych \u015brodowisk spo\u0142ecznych i ekonomicznych w spo\u0142ecze\u0144stwie i na rynku pracy.<\/p>\n<p>Misj\u0105 Staff In Progress jest zapewnienie mobilno\u015bci poprzez program Erasmus+, kt\u00f3ry jest narz\u0119dziem wspieraj\u0105cym rozw\u00f3j gospodarczy i spo\u0142eczny.<\/p>\n<p>W Education InProgress rozwijamy projekty dotycz\u0105ce dzia\u0142a\u0144 edukacyjnych formalnych, nieformalnych i informacyjnych, ze szczeg\u00f3lnym uwzgl\u0119dnieniem edukacji pozazawodowej os\u00f3b doros\u0142ych. Inoltre, diamo importanza ai percorsi di apprendimento permanente non direttamente collegati al mercato del lavoro, alla formazione professionale esterna (settore IFP) e all&#8217;istruzione superiore.<\/p>\n<\/p>\n<p>Strona internetowa: <a href=\"https:\/\/educationinprogress.eu\/\" target=\"_blank\" rel=\"noopener\">https:\/\/educationinprogress.eu\/<\/a><\/p>\n<p>Contatti: <a href=\"mailto:info@educationinprogress.eu\">info@educationinprogress.eu<\/a>,<\/p>\n<p>Presidente: <a href=\"mailto:aldo.cammara@educationinprogress.eu\">aldo.cammara@educationinprogress.eu<\/a><\/p>\n\t\t\t\t\t\t\t\t<\/div>\n\t\t\t\t<\/div>\n\t\t\t\t\t<\/div>\n\t\t<\/div>\n\t\t\t\t\t<\/div>\n\t\t<\/section>\n\t\t\t\t<\/div>\n\t\t","protected":false},"excerpt":{"rendered":"<p>Edukacja w toku W\u0142ochy Education In Progress Italia to organizacja non-profit z siedzib\u0105 w Mesynie we W\u0142oszech, kt\u00f3ra dzia\u0142a w ramach projekt\u00f3w europejskich, szkol\u0105c personel w szko\u0142ach dla doros\u0142ych i o\u015brodkach dla doros\u0142ych migrant\u00f3w w po\u0142udniowych W\u0142oszech. Zapewnia r\u00f3wnie\u017c innowacyjne metody integracji student\u00f3w ze wszystkich \u015brodowisk spo\u0142ecznych i ekonomicznych ze spo\u0142ecze\u0144stwem i rynkiem pracy. Misj\u0105 [&hellip;]<\/p>\n","protected":false},"author":1,"featured_media":0,"parent":0,"menu_order":0,"comment_status":"closed","ping_status":"closed","template":"elementor_header_footer","meta":{"ocean_post_layout":"","ocean_both_sidebars_style":"","ocean_both_sidebars_content_width":0,"ocean_both_sidebars_sidebars_width":0,"ocean_sidebar":"0","ocean_second_sidebar":"0","ocean_disable_margins":"enable","ocean_add_body_class":"","ocean_shortcode_before_top_bar":"","ocean_shortcode_after_top_bar":"","ocean_shortcode_before_header":"","ocean_shortcode_after_header":"","ocean_has_shortcode":"","ocean_shortcode_after_title":"","ocean_shortcode_before_footer_widgets":"","ocean_shortcode_after_footer_widgets":"","ocean_shortcode_before_footer_bottom":"","ocean_shortcode_after_footer_bottom":"","ocean_display_top_bar":"default","ocean_display_header":"default","ocean_header_style":"","ocean_center_header_left_menu":"0","ocean_custom_header_template":"0","ocean_custom_logo":0,"ocean_custom_retina_logo":0,"ocean_custom_logo_max_width":0,"ocean_custom_logo_tablet_max_width":0,"ocean_custom_logo_mobile_max_width":0,"ocean_custom_logo_max_height":0,"ocean_custom_logo_tablet_max_height":0,"ocean_custom_logo_mobile_max_height":0,"ocean_header_custom_menu":"0","ocean_menu_typo_font_family":"0","ocean_menu_typo_font_subset":"","ocean_menu_typo_font_size":0,"ocean_menu_typo_font_size_tablet":0,"ocean_menu_typo_font_size_mobile":0,"ocean_menu_typo_font_size_unit":"px","ocean_menu_typo_font_weight":"","ocean_menu_typo_font_weight_tablet":"","ocean_menu_typo_font_weight_mobile":"","ocean_menu_typo_transform":"","ocean_menu_typo_transform_tablet":"","ocean_menu_typo_transform_mobile":"","ocean_menu_typo_line_height":0,"ocean_menu_typo_line_height_tablet":0,"ocean_menu_typo_line_height_mobile":0,"ocean_menu_typo_line_height_unit":"","ocean_menu_typo_spacing":0,"ocean_menu_typo_spacing_tablet":0,"ocean_menu_typo_spacing_mobile":0,"ocean_menu_typo_spacing_unit":"","ocean_menu_link_color":"","ocean_menu_link_color_hover":"","ocean_menu_link_color_active":"","ocean_menu_link_background":"","ocean_menu_link_hover_background":"","ocean_menu_link_active_background":"","ocean_menu_social_links_bg":"","ocean_menu_social_hover_links_bg":"","ocean_menu_social_links_color":"","ocean_menu_social_hover_links_color":"","ocean_disable_title":"default","ocean_disable_heading":"default","ocean_post_title":"","ocean_post_subheading":"","ocean_post_title_style":"","ocean_post_title_background_color":"","ocean_post_title_background":0,"ocean_post_title_bg_image_position":"","ocean_post_title_bg_image_attachment":"","ocean_post_title_bg_image_repeat":"","ocean_post_title_bg_image_size":"","ocean_post_title_height":0,"ocean_post_title_bg_overlay":0.5,"ocean_post_title_bg_overlay_color":"","ocean_disable_breadcrumbs":"default","ocean_breadcrumbs_color":"","ocean_breadcrumbs_separator_color":"","ocean_breadcrumbs_links_color":"","ocean_breadcrumbs_links_hover_color":"","ocean_display_footer_widgets":"default","ocean_display_footer_bottom":"default","ocean_custom_footer_template":"0","osh_disable_topbar_sticky":"default","osh_disable_header_sticky":"default","osh_sticky_header_style":"default","osh_sticky_header_effect":"","osh_custom_sticky_logo":0,"osh_custom_retina_sticky_logo":0,"osh_custom_sticky_logo_height":0,"osh_background_color":"","osh_links_color":"","osh_links_hover_color":"","osh_links_active_color":"","osh_links_bg_color":"","osh_links_hover_bg_color":"","osh_links_active_bg_color":"","osh_menu_social_links_color":"","osh_menu_social_hover_links_color":"","footnotes":""},"class_list":["post-6122","page","type-page","status-publish","hentry","entry"],"_links":{"self":[{"href":"https:\/\/key-competences.eu\/pl\/wp-json\/wp\/v2\/pages\/6122","targetHints":{"allow":["GET"]}}],"collection":[{"href":"https:\/\/key-competences.eu\/pl\/wp-json\/wp\/v2\/pages"}],"about":[{"href":"https:\/\/key-competences.eu\/pl\/wp-json\/wp\/v2\/types\/page"}],"author":[{"embeddable":true,"href":"https:\/\/key-competences.eu\/pl\/wp-json\/wp\/v2\/users\/1"}],"replies":[{"embeddable":true,"href":"https:\/\/key-competences.eu\/pl\/wp-json\/wp\/v2\/comments?post=6122"}],"version-history":[{"count":1,"href":"https:\/\/key-competences.eu\/pl\/wp-json\/wp\/v2\/pages\/6122\/revisions"}],"predecessor-version":[{"id":6127,"href":"https:\/\/key-competences.eu\/pl\/wp-json\/wp\/v2\/pages\/6122\/revisions\/6127"}],"wp:attachment":[{"href":"https:\/\/key-competences.eu\/pl\/wp-json\/wp\/v2\/media?parent=6122"}],"curies":[{"name":"wp","href":"https:\/\/api.w.org\/{rel}","templated":true}]}}