{"id":6138,"date":"2022-09-10T06:19:05","date_gmt":"2022-09-10T06:19:05","guid":{"rendered":"https:\/\/key-competences.eu\/turkiye-iuc"},"modified":"2024-03-15T15:20:20","modified_gmt":"2024-03-15T15:20:20","slug":"turkiye-iuc","status":"publish","type":"page","link":"https:\/\/key-competences.eu\/pl\/turkiye-iuc","title":{"rendered":"T\u00fcrkiye &#8211; I\u00dcC"},"content":{"rendered":"\t\t<div data-elementor-type=\"wp-page\" data-elementor-id=\"6138\" class=\"elementor elementor-6138 elementor-2976\" data-elementor-post-type=\"page\">\n\t\t\t\t\t\t<section class=\"elementor-section elementor-top-section elementor-element elementor-element-020193f elementor-section-boxed elementor-section-height-default elementor-section-height-default\" data-id=\"020193f\" data-element_type=\"section\">\n\t\t\t\t\t\t<div class=\"elementor-container elementor-column-gap-default\">\n\t\t\t\t\t<div class=\"elementor-column elementor-col-100 elementor-top-column elementor-element elementor-element-83c9962\" data-id=\"83c9962\" data-element_type=\"column\">\n\t\t\t<div class=\"elementor-widget-wrap elementor-element-populated\">\n\t\t\t\t\t\t<section class=\"elementor-section elementor-inner-section elementor-element elementor-element-0ed50eb elementor-section-boxed elementor-section-height-default elementor-section-height-default\" data-id=\"0ed50eb\" data-element_type=\"section\">\n\t\t\t\t\t\t<div class=\"elementor-container elementor-column-gap-default\">\n\t\t\t\t\t<div class=\"elementor-column elementor-col-50 elementor-inner-column elementor-element elementor-element-6d5bd77\" data-id=\"6d5bd77\" data-element_type=\"column\">\n\t\t\t<div class=\"elementor-widget-wrap elementor-element-populated\">\n\t\t\t\t\t\t<div class=\"elementor-element elementor-element-5f01db2 elementor-widget elementor-widget-spacer\" data-id=\"5f01db2\" data-element_type=\"widget\" data-widget_type=\"spacer.default\">\n\t\t\t\t<div class=\"elementor-widget-container\">\n\t\t\t\t\t\t\t<div class=\"elementor-spacer\">\n\t\t\t<div class=\"elementor-spacer-inner\"><\/div>\n\t\t<\/div>\n\t\t\t\t\t\t<\/div>\n\t\t\t\t<\/div>\n\t\t\t\t<div class=\"elementor-element elementor-element-d51b9b6 elementor-widget elementor-widget-image\" data-id=\"d51b9b6\" data-element_type=\"widget\" data-widget_type=\"image.default\">\n\t\t\t\t<div class=\"elementor-widget-container\">\n\t\t\t\t\t\t\t\t\t\t\t\t\t\t\t<img decoding=\"async\" width=\"300\" height=\"83\" src=\"https:\/\/key-competences.eu\/wp-content\/uploads\/Logo-IUEC-300x83.jpg\" class=\"attachment-medium size-medium wp-image-4687\" alt=\"\" srcset=\"https:\/\/key-competences.eu\/wp-content\/uploads\/Logo-IUEC-300x83.jpg 300w, https:\/\/key-competences.eu\/wp-content\/uploads\/Logo-IUEC-768x211.jpg 768w, https:\/\/key-competences.eu\/wp-content\/uploads\/Logo-IUEC.jpg 800w\" sizes=\"(max-width: 300px) 100vw, 300px\" \/>\t\t\t\t\t\t\t\t\t\t\t\t\t\t\t<\/div>\n\t\t\t\t<\/div>\n\t\t\t\t\t<\/div>\n\t\t<\/div>\n\t\t\t\t<div class=\"elementor-column elementor-col-50 elementor-inner-column elementor-element elementor-element-db9320c\" data-id=\"db9320c\" data-element_type=\"column\">\n\t\t\t<div class=\"elementor-widget-wrap elementor-element-populated\">\n\t\t\t\t\t\t<div class=\"elementor-element elementor-element-b619ed7 elementor-widget elementor-widget-heading\" data-id=\"b619ed7\" data-element_type=\"widget\" data-widget_type=\"heading.default\">\n\t\t\t\t<div class=\"elementor-widget-container\">\n\t\t\t\t\t<h1 class=\"elementor-heading-title elementor-size-default\">ISTANBUL \u00dcNIVERSITESI - CERRAHPASA<br>\nT\u00fcrkiye<\/h1>\t\t\t\t<\/div>\n\t\t\t\t<\/div>\n\t\t\t\t\t<\/div>\n\t\t<\/div>\n\t\t\t\t\t<\/div>\n\t\t<\/section>\n\t\t\t\t\t<\/div>\n\t\t<\/div>\n\t\t\t\t\t<\/div>\n\t\t<\/section>\n\t\t\t\t<section class=\"elementor-section elementor-top-section elementor-element elementor-element-3bf9235e elementor-section-boxed elementor-section-height-default elementor-section-height-default\" data-id=\"3bf9235e\" data-element_type=\"section\">\n\t\t\t\t\t\t<div class=\"elementor-container elementor-column-gap-default\">\n\t\t\t\t\t<div class=\"elementor-column elementor-col-100 elementor-top-column elementor-element elementor-element-557c0f6c\" data-id=\"557c0f6c\" data-element_type=\"column\">\n\t\t\t<div class=\"elementor-widget-wrap\">\n\t\t\t\t\t\t\t<\/div>\n\t\t<\/div>\n\t\t\t\t\t<\/div>\n\t\t<\/section>\n\t\t\t\t<section class=\"elementor-section elementor-top-section elementor-element elementor-element-5f492dc8 elementor-section-boxed elementor-section-height-default elementor-section-height-default\" data-id=\"5f492dc8\" data-element_type=\"section\">\n\t\t\t\t\t\t<div class=\"elementor-container elementor-column-gap-default\">\n\t\t\t\t\t<div class=\"elementor-column elementor-col-100 elementor-top-column elementor-element elementor-element-5a1f5015\" data-id=\"5a1f5015\" data-element_type=\"column\">\n\t\t\t<div class=\"elementor-widget-wrap elementor-element-populated\">\n\t\t\t\t\t\t<div class=\"elementor-element elementor-element-6c00d06f elementor-widget elementor-widget-text-editor\" data-id=\"6c00d06f\" data-element_type=\"widget\" data-widget_type=\"text-editor.default\">\n\t\t\t\t<div class=\"elementor-widget-container\">\n\t\t\t\t\t\t\t\t\t<p><strong>Uniwersytet Stambulski &#8211; Cerrahpasa  <\/strong><\/p>\n<p>pa\u0144stwowy uniwersytet zosta\u0142 za\u0142o\u017cony w 2018 roku poprzez wydzielenie z najstarszego i najwi\u0119kszego uniwersytetu w Turcji, Uniwersytetu Stambulskiego. Rada Szkolnictwa Wy\u017cszego wyda\u0142a t\u0119 decyzj\u0119, poniewa\u017c Uniwersytet Stambulski mia\u0142 311 078 student\u00f3w, z czego 73 214 to studenci regularni, a 237 864 to studenci kszta\u0142c\u0105cy si\u0119 na odleg\u0142o\u015b\u0107. Dwa uniwersytety za\u0142o\u017cone w 2018 r. to Istanbul University &#8211; Cerrahpasa (IUC) i Istanbul University (IU), kt\u00f3re zachowa\u0142y swoj\u0105 pierwotn\u0105 nazw\u0119. Obecnie Istanbul University &#8211; Cerrahpasa sk\u0142ada si\u0119 z 12 wydzia\u0142\u00f3w, 5 instytut\u00f3w podyplomowych, 5 szk\u00f3\u0142 zawodowych, 2081 pracownik\u00f3w akademickich i kszta\u0142ci oko\u0142o 39 337 student\u00f3w. Medycyna, piel\u0119gniarstwo, edukacja, in\u017cynieria, nauki o zdrowiu, weterynaria i le\u015bnictwo nale\u017c\u0105 do wydzia\u0142\u00f3w, kt\u00f3re kiedy\u015b by\u0142y cz\u0119\u015bci\u0105 Uniwersytetu Stambulskiego, a teraz zosta\u0142y przeniesione do ICU.<\/p>\n<p>Istanbul University-Cerrahpasa; Jest to dobrze ugruntowany uniwersytet badawczy, kt\u00f3ry jest preferowany w dziedzinie zdrowia, in\u017cynierii oraz nauk przyrodniczych i spo\u0142ecznych dzi\u0119ki swojemu wcze\u015bniejszemu do\u015bwiadczeniu, przestrzega warto\u015bci etycznych, zapewnia wysokiej jako\u015bci us\u0142ugi, kszta\u0142ci osoby wyposa\u017cone spo\u0142ecznie i akademicko, korzysta ze swojej wiedzy i dzia\u0142a zgodnie z mottem &#8220;by\u0107 najlepszym&#8221;.<\/p>\n<p>Wizja<\/p>\n<p>By\u0107 wiod\u0105cym uniwersytetem badawczym akceptowanym na \u015bwiecie i w naszym kraju.<\/p>\n<p>Podstawowe warto\u015bci<\/p>\n<p>Wolno\u015b\u0107 akademicka: G\u0142\u00f3wnym priorytetem naszego Uniwersytetu jest stworzenie \u015brodowiska akademickiego, w kt\u00f3rym jego cz\u0142onkowie mog\u0105 swobodnie tworzy\u0107 i prezentowa\u0107 wiedz\u0119 poprzez badania, us\u0142ugi i dzia\u0142ania edukacyjne.<\/p>\n<p>Warto\u015bci etyczne: Nasz Uniwersytet przestrzega nie tylko przepis\u00f3w prawa, ale tak\u017ce praw cz\u0142owieka, godno\u015bci i warto\u015bci etycznych w swoich dzia\u0142aniach i decyzjach.<\/p>\n<p>Przejrzysto\u015b\u0107: Administracja Uniwersytetu zapewnia, \u017ce wszystkie transakcje w ramach Uniwersytetu s\u0105 mo\u017cliwe do skontrolowania.<\/p>\n<p>Wsp\u00f3\u0142praca: Nasza uczelnia realizuje polityk\u0119 rozszerzania krajowych i mi\u0119dzynarodowych sieci wsp\u00f3\u0142pracy.<\/p>\n<p>\u015awiadomo\u015b\u0107 spo\u0142eczna: Przyczynia si\u0119 do rozwi\u0105zywania problem\u00f3w spo\u0142ecznych i przysz\u0142o\u015bci spo\u0142ecze\u0144stwa poprzez uwzgl\u0119dnianie warto\u015bci spo\u0142ecznych.<\/p>\n<p>Wk\u0142ad w kultur\u0119: Nasz Uniwersytet; Opr\u00f3cz wszystkich swoich dzia\u0142a\u0144, bierze udzia\u0142 w projektach, kt\u00f3re b\u0119d\u0105 wspiera\u0107 rozw\u00f3j kulturalny spo\u0142ecze\u0144stwa wraz ze swoimi studentami i cz\u0142onkami.<\/p>\n<p>Przedsi\u0119biorczo\u015b\u0107: Oferuje szkolenia i mo\u017cliwo\u015bci potrzebne do wprowadzenia kultury przedsi\u0119biorczo\u015bci zar\u00f3wno w\u015br\u00f3d wyk\u0142adowc\u00f3w, jak i student\u00f3w.<\/p>\n<p>Zr\u00f3wnowa\u017cony rozw\u00f3j: Nasz Uniwersytet zapewnia, \u017ce wszystkie jego dzia\u0142ania s\u0105 zr\u00f3wnowa\u017cone pod wzgl\u0119dem \u015brodowiskowym.<\/p>\n<p>strona internetowa: <a href=\"https:\/\/www.iuc.edu.tr\/tr\/_\" target=\"_blank\" rel=\"noopener\">https:\/\/www.iuc.edu.tr\/tr\/_<\/a><\/p>\n<p>e-mail: <a href=\"mailto:euoffice@iuc.edu.tr\">euoffice@iuc.edu.tr<\/a><\/p>\n<p>Instagram: <a href=\"https:\/\/www.instagram.com\/iucerrahpasa\/\" target=\"_blank\" rel=\"noopener\">https:\/\/www.instagram.com\/iucerrahpasa\/<\/a><\/p>\n<p>facebook: https:\/\/www.facebook.com\/iucsemTurkey<\/p>\n\t\t\t\t\t\t\t\t<\/div>\n\t\t\t\t<\/div>\n\t\t\t\t\t<\/div>\n\t\t<\/div>\n\t\t\t\t\t<\/div>\n\t\t<\/section>\n\t\t\t\t<\/div>\n\t\t","protected":false},"excerpt":{"rendered":"<p>ISTANBUL \u00dcNIVERSITESI &#8211; CERRAHPASA T\u00fcrkiye Uniwersytet Stambulski &#8211; Cerrahpasa pa\u0144stwowy uniwersytet zosta\u0142 za\u0142o\u017cony w 2018 roku poprzez wydzielenie z najstarszego i najwi\u0119kszego uniwersytetu w Turcji, Uniwersytetu Stambulskiego. Rada Szkolnictwa Wy\u017cszego wyda\u0142a t\u0119 decyzj\u0119, poniewa\u017c Uniwersytet Stambulski mia\u0142 311 078 student\u00f3w, z czego 73 214 to studenci regularni, a 237 864 to studenci kszta\u0142c\u0105cy si\u0119 na [&hellip;]<\/p>\n","protected":false},"author":1,"featured_media":0,"parent":0,"menu_order":0,"comment_status":"closed","ping_status":"closed","template":"elementor_header_footer","meta":{"ocean_post_layout":"","ocean_both_sidebars_style":"","ocean_both_sidebars_content_width":0,"ocean_both_sidebars_sidebars_width":0,"ocean_sidebar":"0","ocean_second_sidebar":"0","ocean_disable_margins":"enable","ocean_add_body_class":"","ocean_shortcode_before_top_bar":"","ocean_shortcode_after_top_bar":"","ocean_shortcode_before_header":"","ocean_shortcode_after_header":"","ocean_has_shortcode":"","ocean_shortcode_after_title":"","ocean_shortcode_before_footer_widgets":"","ocean_shortcode_after_footer_widgets":"","ocean_shortcode_before_footer_bottom":"","ocean_shortcode_after_footer_bottom":"","ocean_display_top_bar":"default","ocean_display_header":"default","ocean_header_style":"","ocean_center_header_left_menu":"0","ocean_custom_header_template":"0","ocean_custom_logo":0,"ocean_custom_retina_logo":0,"ocean_custom_logo_max_width":0,"ocean_custom_logo_tablet_max_width":0,"ocean_custom_logo_mobile_max_width":0,"ocean_custom_logo_max_height":0,"ocean_custom_logo_tablet_max_height":0,"ocean_custom_logo_mobile_max_height":0,"ocean_header_custom_menu":"0","ocean_menu_typo_font_family":"0","ocean_menu_typo_font_subset":"","ocean_menu_typo_font_size":0,"ocean_menu_typo_font_size_tablet":0,"ocean_menu_typo_font_size_mobile":0,"ocean_menu_typo_font_size_unit":"px","ocean_menu_typo_font_weight":"","ocean_menu_typo_font_weight_tablet":"","ocean_menu_typo_font_weight_mobile":"","ocean_menu_typo_transform":"","ocean_menu_typo_transform_tablet":"","ocean_menu_typo_transform_mobile":"","ocean_menu_typo_line_height":0,"ocean_menu_typo_line_height_tablet":0,"ocean_menu_typo_line_height_mobile":0,"ocean_menu_typo_line_height_unit":"","ocean_menu_typo_spacing":0,"ocean_menu_typo_spacing_tablet":0,"ocean_menu_typo_spacing_mobile":0,"ocean_menu_typo_spacing_unit":"","ocean_menu_link_color":"","ocean_menu_link_color_hover":"","ocean_menu_link_color_active":"","ocean_menu_link_background":"","ocean_menu_link_hover_background":"","ocean_menu_link_active_background":"","ocean_menu_social_links_bg":"","ocean_menu_social_hover_links_bg":"","ocean_menu_social_links_color":"","ocean_menu_social_hover_links_color":"","ocean_disable_title":"default","ocean_disable_heading":"default","ocean_post_title":"","ocean_post_subheading":"","ocean_post_title_style":"","ocean_post_title_background_color":"","ocean_post_title_background":0,"ocean_post_title_bg_image_position":"","ocean_post_title_bg_image_attachment":"","ocean_post_title_bg_image_repeat":"","ocean_post_title_bg_image_size":"","ocean_post_title_height":0,"ocean_post_title_bg_overlay":0.5,"ocean_post_title_bg_overlay_color":"","ocean_disable_breadcrumbs":"default","ocean_breadcrumbs_color":"","ocean_breadcrumbs_separator_color":"","ocean_breadcrumbs_links_color":"","ocean_breadcrumbs_links_hover_color":"","ocean_display_footer_widgets":"default","ocean_display_footer_bottom":"default","ocean_custom_footer_template":"0","osh_disable_topbar_sticky":"default","osh_disable_header_sticky":"default","osh_sticky_header_style":"default","osh_sticky_header_effect":"","osh_custom_sticky_logo":0,"osh_custom_retina_sticky_logo":0,"osh_custom_sticky_logo_height":0,"osh_background_color":"","osh_links_color":"","osh_links_hover_color":"","osh_links_active_color":"","osh_links_bg_color":"","osh_links_hover_bg_color":"","osh_links_active_bg_color":"","osh_menu_social_links_color":"","osh_menu_social_hover_links_color":"","footnotes":""},"class_list":["post-6138","page","type-page","status-publish","hentry","entry"],"_links":{"self":[{"href":"https:\/\/key-competences.eu\/pl\/wp-json\/wp\/v2\/pages\/6138","targetHints":{"allow":["GET"]}}],"collection":[{"href":"https:\/\/key-competences.eu\/pl\/wp-json\/wp\/v2\/pages"}],"about":[{"href":"https:\/\/key-competences.eu\/pl\/wp-json\/wp\/v2\/types\/page"}],"author":[{"embeddable":true,"href":"https:\/\/key-competences.eu\/pl\/wp-json\/wp\/v2\/users\/1"}],"replies":[{"embeddable":true,"href":"https:\/\/key-competences.eu\/pl\/wp-json\/wp\/v2\/comments?post=6138"}],"version-history":[{"count":1,"href":"https:\/\/key-competences.eu\/pl\/wp-json\/wp\/v2\/pages\/6138\/revisions"}],"predecessor-version":[{"id":6144,"href":"https:\/\/key-competences.eu\/pl\/wp-json\/wp\/v2\/pages\/6138\/revisions\/6144"}],"wp:attachment":[{"href":"https:\/\/key-competences.eu\/pl\/wp-json\/wp\/v2\/media?parent=6138"}],"curies":[{"name":"wp","href":"https:\/\/api.w.org\/{rel}","templated":true}]}}