{"id":6169,"date":"2022-09-10T05:58:00","date_gmt":"2022-09-10T05:58:00","guid":{"rendered":"https:\/\/key-competences.eu\/holandia"},"modified":"2024-03-15T15:20:30","modified_gmt":"2024-03-15T15:20:30","slug":"holandia","status":"publish","type":"page","link":"https:\/\/key-competences.eu\/pl\/holandia","title":{"rendered":"Holandia"},"content":{"rendered":"\t\t<div data-elementor-type=\"wp-page\" data-elementor-id=\"6169\" class=\"elementor elementor-6169 elementor-2970\" data-elementor-post-type=\"page\">\n\t\t\t\t\t\t<section class=\"elementor-section elementor-top-section elementor-element elementor-element-5c0eef1 elementor-section-boxed elementor-section-height-default elementor-section-height-default\" data-id=\"5c0eef1\" data-element_type=\"section\">\n\t\t\t\t\t\t<div class=\"elementor-container elementor-column-gap-default\">\n\t\t\t\t\t<div class=\"elementor-column elementor-col-100 elementor-top-column elementor-element elementor-element-a8479cd\" data-id=\"a8479cd\" data-element_type=\"column\">\n\t\t\t<div class=\"elementor-widget-wrap elementor-element-populated\">\n\t\t\t\t\t\t<section class=\"elementor-section elementor-inner-section elementor-element elementor-element-bc2d3fa elementor-section-boxed elementor-section-height-default elementor-section-height-default\" data-id=\"bc2d3fa\" data-element_type=\"section\">\n\t\t\t\t\t\t<div class=\"elementor-container elementor-column-gap-default\">\n\t\t\t\t\t<div class=\"elementor-column elementor-col-50 elementor-inner-column elementor-element elementor-element-01f0d6d\" data-id=\"01f0d6d\" data-element_type=\"column\">\n\t\t\t<div class=\"elementor-widget-wrap elementor-element-populated\">\n\t\t\t\t\t\t<div class=\"elementor-element elementor-element-3de4a33 elementor-widget elementor-widget-spacer\" data-id=\"3de4a33\" data-element_type=\"widget\" data-widget_type=\"spacer.default\">\n\t\t\t\t<div class=\"elementor-widget-container\">\n\t\t\t\t\t\t\t<div class=\"elementor-spacer\">\n\t\t\t<div class=\"elementor-spacer-inner\"><\/div>\n\t\t<\/div>\n\t\t\t\t\t\t<\/div>\n\t\t\t\t<\/div>\n\t\t\t\t<div class=\"elementor-element elementor-element-90c0065 elementor-widget elementor-widget-image\" data-id=\"90c0065\" data-element_type=\"widget\" data-widget_type=\"image.default\">\n\t\t\t\t<div class=\"elementor-widget-container\">\n\t\t\t\t\t\t\t\t\t\t\t\t\t\t\t<img fetchpriority=\"high\" decoding=\"async\" width=\"300\" height=\"300\" src=\"https:\/\/key-competences.eu\/wp-content\/uploads\/Logo-Netherlands-300x300.jpg\" class=\"attachment-medium size-medium wp-image-4692\" alt=\"\" srcset=\"https:\/\/key-competences.eu\/wp-content\/uploads\/Logo-Netherlands-300x300.jpg 300w, https:\/\/key-competences.eu\/wp-content\/uploads\/Logo-Netherlands-150x150.jpg 150w, https:\/\/key-competences.eu\/wp-content\/uploads\/Logo-Netherlands.jpg 576w\" sizes=\"(max-width: 300px) 100vw, 300px\" \/>\t\t\t\t\t\t\t\t\t\t\t\t\t\t\t<\/div>\n\t\t\t\t<\/div>\n\t\t\t\t\t<\/div>\n\t\t<\/div>\n\t\t\t\t<div class=\"elementor-column elementor-col-50 elementor-inner-column elementor-element elementor-element-d193a88\" data-id=\"d193a88\" data-element_type=\"column\">\n\t\t\t<div class=\"elementor-widget-wrap elementor-element-populated\">\n\t\t\t\t\t\t<div class=\"elementor-element elementor-element-8f2bab9 elementor-widget elementor-widget-heading\" data-id=\"8f2bab9\" data-element_type=\"widget\" data-widget_type=\"heading.default\">\n\t\t\t\t<div class=\"elementor-widget-container\">\n\t\t\t\t\t<h1 class=\"elementor-heading-title elementor-size-default\">Global Education Center B.V.<br>\nHolandia<\/h1>\t\t\t\t<\/div>\n\t\t\t\t<\/div>\n\t\t\t\t\t<\/div>\n\t\t<\/div>\n\t\t\t\t\t<\/div>\n\t\t<\/section>\n\t\t\t\t\t<\/div>\n\t\t<\/div>\n\t\t\t\t\t<\/div>\n\t\t<\/section>\n\t\t\t\t<section class=\"elementor-section elementor-top-section elementor-element elementor-element-6aa368f0 elementor-section-boxed elementor-section-height-default elementor-section-height-default\" data-id=\"6aa368f0\" data-element_type=\"section\">\n\t\t\t\t\t\t<div class=\"elementor-container elementor-column-gap-default\">\n\t\t\t\t\t<div class=\"elementor-column elementor-col-100 elementor-top-column elementor-element elementor-element-cf251e3\" data-id=\"cf251e3\" data-element_type=\"column\">\n\t\t\t<div class=\"elementor-widget-wrap\">\n\t\t\t\t\t\t\t<\/div>\n\t\t<\/div>\n\t\t\t\t\t<\/div>\n\t\t<\/section>\n\t\t\t\t<section class=\"elementor-section elementor-top-section elementor-element elementor-element-74224c04 elementor-section-boxed elementor-section-height-default elementor-section-height-default\" data-id=\"74224c04\" data-element_type=\"section\">\n\t\t\t\t\t\t<div class=\"elementor-container elementor-column-gap-default\">\n\t\t\t\t\t<div class=\"elementor-column elementor-col-100 elementor-top-column elementor-element elementor-element-1f44e7e0\" data-id=\"1f44e7e0\" data-element_type=\"column\">\n\t\t\t<div class=\"elementor-widget-wrap elementor-element-populated\">\n\t\t\t\t\t\t<div class=\"elementor-element elementor-element-3c15cf6 elementor-widget elementor-widget-text-editor\" data-id=\"3c15cf6\" data-element_type=\"widget\" data-widget_type=\"text-editor.default\">\n\t\t\t\t<div class=\"elementor-widget-container\">\n\t\t\t\t\t\t\t\t\t<p><strong>Global Education Center B.V.<\/strong><\/p>\n<p>Global Education Center B.V. jest dostawc\u0105 kurs\u00f3w z siedzib\u0105 w Amsterdamie. Zapewnia wyj\u0105tkowe do\u015bwiadczenia dla tych, kt\u00f3rzy chcieliby wzi\u0105\u0107 udzia\u0142 w kursach na okre\u015blone tematy. O\u015brodki szkoleniowe znajduj\u0105 si\u0119 w Amsterdamie, Brukseli, Florencji, Wilnie, Rydze i wsp\u00f3\u0142pracujemy z uniwersytetami w tych miastach.<\/p>\n<\/p>\n<p>Dzi\u0119ki bogatej zawarto\u015bci kurs\u00f3w przygotowanej przez profesjonalist\u00f3w, wyposa\u017cyli\u015bmy nasze o\u015brodki szkoleniowe w cyfrow\u0105 infrastruktur\u0119 edukacyjn\u0105 jako pierwsi w bran\u017cy. Naszym celem jest zapewnienie wysokiej jako\u015bci szkole\u0144 z naszymi do\u015bwiadczonymi trenerami, kt\u00f3rzy zaspokoj\u0105 potrzeby nowej ery.<\/p>\n<\/p>\n<p>GEC, kt\u00f3ry organizuje kursy przekazuj\u0105ce umiej\u0119tno\u015bci nowej ery doros\u0142ym, a zw\u0142aszcza nauczycielom, z tre\u015bciami kurs\u00f3w przygotowanymi wsp\u00f3lnie z wyk\u0142adowcami z renomowanych uniwersytet\u00f3w europejskich, kontynuuje r\u00f3wnie\u017c prace w dziedzinie produkcji i zastosowania technologii ICT.<\/p>\n<p>GEC posiada rozleg\u0142\u0105 sie\u0107 kurs\u00f3w. Wszystkie nasze kursy s\u0105 specjalnie dobierane zgodnie z potrzebami danej dziedziny i przygotowywane przez ekspert\u00f3w w \u015bwietle informacji zwrotnych. Wszystkie nasze tre\u015bci tematyczne s\u0105 obs\u0142ugiwane przy u\u017cyciu najnowszych narz\u0119dzi technologicznych.<\/p>\n<\/p>\n<p>Jego dzia\u0142ania koncentruj\u0105 si\u0119 g\u0142\u00f3wnie w nast\u0119puj\u0105cych kierunkach, istotnych dla priorytet\u00f3w programu Erasmus +:<\/p>\n<p>Opracowanie i wdro\u017cenie \u015bcie\u017cek edukacyjnych dla nauczycieli i specjalist\u00f3w<\/p>\n<ul>\n<li style=\"list-style-type: none;\">\n<ul>\n<li>Wdra\u017canie kurs\u00f3w szkoleniowych i program\u00f3w nauczania<\/li>\n<li>Wizyty studyjne<\/li>\n<li>Job Shadowing<\/li>\n<\/ul>\n<\/li>\n<\/ul>\n<p>Wzmocnienie synergii i przej\u015b\u0107 mi\u0119dzy edukacj\u0105 formaln\u0105, pozaformaln\u0105, szkoleniami zawodowymi, zatrudnieniem i przedsi\u0119biorczo\u015bci\u0105;<\/p>\n<p>Wspieranie os\u00f3b ucz\u0105cych si\u0119 w zdobywaniu efekt\u00f3w uczenia si\u0119 (wiedzy, umiej\u0119tno\u015bci i kompetencji) w celu poprawy ich rozwoju osobistego (oraz, poprzecznie, zwi\u0119kszenia kompetencji uczestnik\u00f3w w zakresie j\u0119zyk\u00f3w obcych);<\/p>\n<p>Tworzenie w pe\u0142ni responsywnych stron projektowych, platform, aplikacji.<\/p>\n<ul>\n<li style=\"list-style-type: none;\">\n<ul>\n<li>porz\u0105dkowanie zawarto\u015bci<\/li>\n<li>struktura nawigacji<\/li>\n<li>Definiowanie cel\u00f3w i zada\u0144<\/li>\n<\/ul>\n<\/li>\n<\/ul>\n<p>Mo\u017ce zaprojektowa\u0107 i opracowa\u0107 skuteczne strategie prowadzenia okre\u015blonych WP, takich jak ewaluacja i rozpowszechnianie projektu.<\/p>\n<ul>\n<li style=\"list-style-type: none;\">\n<ul>\n<li>Ocenianie wynik\u00f3w projektu i jego wp\u0142ywu jako ewaluator\/mened\u017cer jako\u015bci:<\/li>\n<li>Opracowanie planu jako\u015bci<\/li>\n<li>Ocena wynik\u00f3w projektu<\/li>\n<li>Jako\u015b\u0107 wska\u017anik\u00f3w sukcesu<\/li>\n<li>Jako\u015b\u0107 osi\u0105gni\u0119tych wynik\u00f3w i ich wp\u0142yw<\/li>\n<li>Tworzenie raport\u00f3w z oceny i sugestii dotycz\u0105cych dalszych ulepsze\u0144.<\/li>\n<\/ul>\n<\/li>\n<\/ul>\n<p>Opracuje on dostosowany do potrzeb plan rozpowszechniania i komunikacji 360\u00b0, w tym strategie zarz\u0105dzania spo\u0142eczno\u015bci\u0105 i inne konkretne narz\u0119dzia (identyfikacja wizualna, logo projektu, broszura, ulotki, totem itp.)<\/p>\n<p>Pracownicy akademiccy zaanga\u017cowani w ten projekt s\u0105 cz\u0119\u015bci\u0105 zespo\u0142u badaczy GEC &#8220;Learning Center&#8221;. Centrum Nauczania pracuje nad wirtualnymi \u015brodowiskami nauczania 3D i wdra\u017caniem wirtualnych \u015brodowisk nauczania 3D w edukacji, projektowaniem i rozwojem gier edukacyjnych w wirtualnych \u015brodowiskach nauczania 3D do nauki j\u0119zyk\u00f3w, edukacji matematycznej, edukacji w zakresie nauk spo\u0142ecznych, uczenia maszynowego i tego, w jaki spos\u00f3b uczenie maszynowe pomaga w badaniach edukacyjnych, a tak\u017ce analizy du\u017cych zbior\u00f3w danych i analizy uczni\u00f3w w edukacji. Zesp\u00f3\u0142 uzyska\u0142 tytu\u0142y magisterskie w zakresie podej\u015bcia konstruktywistycznego i technologii edukacyjnych oraz doktoraty w dziedzinie uczenia si\u0119 przez ca\u0142e \u017cycie, wieloj\u0119zyczno\u015bci, strategii j\u0119zykowych i ewaluacji za pomoc\u0105 technologii.<\/p>\n<\/p>\n<p>W ostatnich latach wykorzystanie technologii rzeczywisto\u015bci rozszerzonej (AR) w dziedzinie edukacji ma ogromne znaczenie w przekazywaniu interakcji wizualnych i umiej\u0119tno\u015bci empirycznych w procesach uczenia si\u0119. Korzystanie z lekcji z dynamicznymi interaktywnymi narz\u0119dziami u\u0142atwia zrozumienie, a tak\u017ce pozwala uczniom cieszy\u0107 si\u0119 edukacj\u0105. W tym kontek\u015bcie tworzenie i wykorzystywanie w\u0142asnych interakcji AR sta\u0142o si\u0119 wielk\u0105 konieczno\u015bci\u0105 dla nauczycieli. W ramach stworzonych przez nas kurs\u00f3w, struktury robocze narz\u0119dzi niezb\u0119dnych trenerom do tworzenia interaktywnych tre\u015bci AR, spos\u00f3b ich wykorzystania i procesy tworzenia aplikacji s\u0105 wyja\u015bnione, a ich u\u017cycie jest pokazane na praktycznych przyk\u0142adach.<\/p>\n<p>Pod koniec szkolenia uczestnicy b\u0119d\u0105 mogli tworzy\u0107 i wykorzystywa\u0107 w\u0142asne interaktywne tre\u015bci AR.<\/p>\n<p>Kursy s\u0105 nast\u0119puj\u0105ce:<\/p>\n<\/p>\n<p><strong>CLIL &#8211; zintegrowane kszta\u0142cenie przedmiotowo-j\u0119zykowe<\/strong><\/p>\n<p><strong>Kszta\u0142cenie na odleg\u0142o\u015b\u0107 dla szk\u00f3\u0142<\/strong><\/p>\n<p><strong>Edukacja w zakresie przedsi\u0119biorczo\u015bci w szko\u0142ach<\/strong><\/p>\n<p><strong>Gamifikacja<\/strong><\/p>\n<p><strong>Edukacja w\u0142\u0105czaj\u0105ca<\/strong><\/p>\n<p><strong>Integracja edukacji na temat organizm\u00f3w macierzystych w klasach<\/strong><\/p>\n<p><strong>Integracja technologii w salach lekcyjnych<\/strong><\/p>\n<p><strong>Edukacja Montessori dla szk\u00f3\u0142<\/strong><\/p>\n<p><strong>Nauka na \u015bwie\u017cym powietrzu \/ nauka przez do\u015bwiadczenie<\/strong><\/p>\n<p><strong>Kodowanie robot\u00f3w<\/strong><\/p>\n<p><strong>Korzystanie z urz\u0105dze\u0144 Web-2 w salach lekcyjnych<\/strong><\/p>\n<p><strong>Edukacja muzealna dla szk\u00f3\u0142<\/strong><\/p>\n<p><strong>Nauka na \u015bwie\u017cym powietrzu \/ nauka przez do\u015bwiadczenie<\/strong><\/p>\n<p><strong>Zr\u00f3wnowa\u017cona zielona energia w edukacji szkolnej<\/strong><\/p>\n<p><strong>Odwr\u00f3cone klasy<\/strong><\/p>\n<p><strong> <\/strong><\/p>\n<p><strong>Nasze bie\u017c\u0105ce projekty;<\/strong><\/p>\n<ul>\n<li style=\"list-style-type: none;\">\n<ul>\n<li><strong>2021-1-DE02-KA220-ADU-000028281- Tworzenie nowego sposobu doskonalenia kluczowych kompetencji os\u00f3b doros\u0142ych<\/strong><\/li>\n<li><strong>2021-1-ES01-KA220-SCH-000032434 &#8211; Woda to \u017cycie<\/strong><\/li>\n<\/ul>\n<\/li>\n<\/ul>\n<p><strong> <\/strong><\/p>\n<p><strong> <\/strong><\/p>\n<p><strong>Strona internetowa: <\/strong><a href=\"https:\/\/www.gec.academy\/\" target=\"_blank\" rel=\"noopener\"><br \/>\n  <strong>https:\/\/www.gec.academy\/<\/strong><br \/>\n<\/a><\/p>\n<p><strong>Facebook: https:\/\/www.facebook.com\/gec.amsterdam<\/strong><\/p><\/p>\n\t\t\t\t\t\t\t\t<\/div>\n\t\t\t\t<\/div>\n\t\t\t\t\t<\/div>\n\t\t<\/div>\n\t\t\t\t\t<\/div>\n\t\t<\/section>\n\t\t\t\t<\/div>\n\t\t","protected":false},"excerpt":{"rendered":"<p>Global Education Center B.V. Holandia Global Education Center B.V. Global Education Center B.V. jest dostawc\u0105 kurs\u00f3w z siedzib\u0105 w Amsterdamie. Zapewnia wyj\u0105tkowe do\u015bwiadczenia dla tych, kt\u00f3rzy chcieliby wzi\u0105\u0107 udzia\u0142 w kursach na okre\u015blone tematy. O\u015brodki szkoleniowe znajduj\u0105 si\u0119 w Amsterdamie, Brukseli, Florencji, Wilnie, Rydze i wsp\u00f3\u0142pracujemy z uniwersytetami w tych miastach. Dzi\u0119ki bogatej zawarto\u015bci kurs\u00f3w [&hellip;]<\/p>\n","protected":false},"author":1,"featured_media":0,"parent":0,"menu_order":0,"comment_status":"closed","ping_status":"closed","template":"elementor_header_footer","meta":{"ocean_post_layout":"","ocean_both_sidebars_style":"","ocean_both_sidebars_content_width":0,"ocean_both_sidebars_sidebars_width":0,"ocean_sidebar":"0","ocean_second_sidebar":"0","ocean_disable_margins":"enable","ocean_add_body_class":"","ocean_shortcode_before_top_bar":"","ocean_shortcode_after_top_bar":"","ocean_shortcode_before_header":"","ocean_shortcode_after_header":"","ocean_has_shortcode":"","ocean_shortcode_after_title":"","ocean_shortcode_before_footer_widgets":"","ocean_shortcode_after_footer_widgets":"","ocean_shortcode_before_footer_bottom":"","ocean_shortcode_after_footer_bottom":"","ocean_display_top_bar":"default","ocean_display_header":"default","ocean_header_style":"","ocean_center_header_left_menu":"0","ocean_custom_header_template":"0","ocean_custom_logo":0,"ocean_custom_retina_logo":0,"ocean_custom_logo_max_width":0,"ocean_custom_logo_tablet_max_width":0,"ocean_custom_logo_mobile_max_width":0,"ocean_custom_logo_max_height":0,"ocean_custom_logo_tablet_max_height":0,"ocean_custom_logo_mobile_max_height":0,"ocean_header_custom_menu":"0","ocean_menu_typo_font_family":"0","ocean_menu_typo_font_subset":"","ocean_menu_typo_font_size":0,"ocean_menu_typo_font_size_tablet":0,"ocean_menu_typo_font_size_mobile":0,"ocean_menu_typo_font_size_unit":"px","ocean_menu_typo_font_weight":"","ocean_menu_typo_font_weight_tablet":"","ocean_menu_typo_font_weight_mobile":"","ocean_menu_typo_transform":"","ocean_menu_typo_transform_tablet":"","ocean_menu_typo_transform_mobile":"","ocean_menu_typo_line_height":0,"ocean_menu_typo_line_height_tablet":0,"ocean_menu_typo_line_height_mobile":0,"ocean_menu_typo_line_height_unit":"","ocean_menu_typo_spacing":0,"ocean_menu_typo_spacing_tablet":0,"ocean_menu_typo_spacing_mobile":0,"ocean_menu_typo_spacing_unit":"","ocean_menu_link_color":"","ocean_menu_link_color_hover":"","ocean_menu_link_color_active":"","ocean_menu_link_background":"","ocean_menu_link_hover_background":"","ocean_menu_link_active_background":"","ocean_menu_social_links_bg":"","ocean_menu_social_hover_links_bg":"","ocean_menu_social_links_color":"","ocean_menu_social_hover_links_color":"","ocean_disable_title":"default","ocean_disable_heading":"default","ocean_post_title":"","ocean_post_subheading":"","ocean_post_title_style":"","ocean_post_title_background_color":"","ocean_post_title_background":0,"ocean_post_title_bg_image_position":"","ocean_post_title_bg_image_attachment":"","ocean_post_title_bg_image_repeat":"","ocean_post_title_bg_image_size":"","ocean_post_title_height":0,"ocean_post_title_bg_overlay":0.5,"ocean_post_title_bg_overlay_color":"","ocean_disable_breadcrumbs":"default","ocean_breadcrumbs_color":"","ocean_breadcrumbs_separator_color":"","ocean_breadcrumbs_links_color":"","ocean_breadcrumbs_links_hover_color":"","ocean_display_footer_widgets":"default","ocean_display_footer_bottom":"default","ocean_custom_footer_template":"0","osh_disable_topbar_sticky":"default","osh_disable_header_sticky":"default","osh_sticky_header_style":"default","osh_sticky_header_effect":"","osh_custom_sticky_logo":0,"osh_custom_retina_sticky_logo":0,"osh_custom_sticky_logo_height":0,"osh_background_color":"","osh_links_color":"","osh_links_hover_color":"","osh_links_active_color":"","osh_links_bg_color":"","osh_links_hover_bg_color":"","osh_links_active_bg_color":"","osh_menu_social_links_color":"","osh_menu_social_hover_links_color":"","footnotes":""},"class_list":["post-6169","page","type-page","status-publish","hentry","entry"],"_links":{"self":[{"href":"https:\/\/key-competences.eu\/pl\/wp-json\/wp\/v2\/pages\/6169","targetHints":{"allow":["GET"]}}],"collection":[{"href":"https:\/\/key-competences.eu\/pl\/wp-json\/wp\/v2\/pages"}],"about":[{"href":"https:\/\/key-competences.eu\/pl\/wp-json\/wp\/v2\/types\/page"}],"author":[{"embeddable":true,"href":"https:\/\/key-competences.eu\/pl\/wp-json\/wp\/v2\/users\/1"}],"replies":[{"embeddable":true,"href":"https:\/\/key-competences.eu\/pl\/wp-json\/wp\/v2\/comments?post=6169"}],"version-history":[{"count":1,"href":"https:\/\/key-competences.eu\/pl\/wp-json\/wp\/v2\/pages\/6169\/revisions"}],"predecessor-version":[{"id":6173,"href":"https:\/\/key-competences.eu\/pl\/wp-json\/wp\/v2\/pages\/6169\/revisions\/6173"}],"wp:attachment":[{"href":"https:\/\/key-competences.eu\/pl\/wp-json\/wp\/v2\/media?parent=6169"}],"curies":[{"name":"wp","href":"https:\/\/api.w.org\/{rel}","templated":true}]}}