{"id":6107,"date":"2022-09-08T15:44:56","date_gmt":"2022-09-08T15:44:56","guid":{"rendered":"https:\/\/key-competences.eu\/italya"},"modified":"2024-03-15T15:18:18","modified_gmt":"2024-03-15T15:18:18","slug":"italya","status":"publish","type":"page","link":"https:\/\/key-competences.eu\/tr\/italya","title":{"rendered":"\u0130talya"},"content":{"rendered":"\t\t<div data-elementor-type=\"wp-page\" data-elementor-id=\"6107\" class=\"elementor elementor-6107 elementor-2863\" data-elementor-post-type=\"page\">\n\t\t\t\t\t\t<section class=\"elementor-section elementor-top-section elementor-element elementor-element-076762c elementor-section-boxed elementor-section-height-default elementor-section-height-default\" data-id=\"076762c\" data-element_type=\"section\">\n\t\t\t\t\t\t<div class=\"elementor-container elementor-column-gap-default\">\n\t\t\t\t\t<div class=\"elementor-column elementor-col-100 elementor-top-column elementor-element elementor-element-f930e7b\" data-id=\"f930e7b\" data-element_type=\"column\">\n\t\t\t<div class=\"elementor-widget-wrap elementor-element-populated\">\n\t\t\t\t\t\t<section class=\"elementor-section elementor-inner-section elementor-element elementor-element-24a1bc7 elementor-section-boxed elementor-section-height-default elementor-section-height-default\" data-id=\"24a1bc7\" data-element_type=\"section\">\n\t\t\t\t\t\t<div class=\"elementor-container elementor-column-gap-default\">\n\t\t\t\t\t<div class=\"elementor-column elementor-col-50 elementor-inner-column elementor-element elementor-element-ceb84e5\" data-id=\"ceb84e5\" data-element_type=\"column\">\n\t\t\t<div class=\"elementor-widget-wrap elementor-element-populated\">\n\t\t\t\t\t\t<div class=\"elementor-element elementor-element-361e392 elementor-widget elementor-widget-spacer\" data-id=\"361e392\" data-element_type=\"widget\" data-widget_type=\"spacer.default\">\n\t\t\t\t<div class=\"elementor-widget-container\">\n\t\t\t\t\t\t\t<div class=\"elementor-spacer\">\n\t\t\t<div class=\"elementor-spacer-inner\"><\/div>\n\t\t<\/div>\n\t\t\t\t\t\t<\/div>\n\t\t\t\t<\/div>\n\t\t\t\t<div class=\"elementor-element elementor-element-6834bab elementor-widget elementor-widget-image\" data-id=\"6834bab\" data-element_type=\"widget\" data-widget_type=\"image.default\">\n\t\t\t\t<div class=\"elementor-widget-container\">\n\t\t\t\t\t\t\t\t\t\t\t\t\t\t\t<img decoding=\"async\" width=\"348\" height=\"100\" src=\"https:\/\/key-competences.eu\/wp-content\/uploads\/Logo_ITALIA_Education_InProgress.jpg\" class=\"attachment-large size-large wp-image-4703\" alt=\"\" srcset=\"https:\/\/key-competences.eu\/wp-content\/uploads\/Logo_ITALIA_Education_InProgress.jpg 348w, https:\/\/key-competences.eu\/wp-content\/uploads\/Logo_ITALIA_Education_InProgress-300x86.jpg 300w\" sizes=\"(max-width: 348px) 100vw, 348px\" \/>\t\t\t\t\t\t\t\t\t\t\t\t\t\t\t<\/div>\n\t\t\t\t<\/div>\n\t\t\t\t\t<\/div>\n\t\t<\/div>\n\t\t\t\t<div class=\"elementor-column elementor-col-50 elementor-inner-column elementor-element elementor-element-da0895d\" data-id=\"da0895d\" data-element_type=\"column\">\n\t\t\t<div class=\"elementor-widget-wrap elementor-element-populated\">\n\t\t\t\t\t\t<div class=\"elementor-element elementor-element-e64b6d8 elementor-widget elementor-widget-heading\" data-id=\"e64b6d8\" data-element_type=\"widget\" data-widget_type=\"heading.default\">\n\t\t\t\t<div class=\"elementor-widget-container\">\n\t\t\t\t\t<h1 class=\"elementor-heading-title elementor-size-default\">Devam Eden E\u011fitim<br>\n\u0130talya<\/h1>\t\t\t\t<\/div>\n\t\t\t\t<\/div>\n\t\t\t\t\t<\/div>\n\t\t<\/div>\n\t\t\t\t\t<\/div>\n\t\t<\/section>\n\t\t\t\t\t<\/div>\n\t\t<\/div>\n\t\t\t\t\t<\/div>\n\t\t<\/section>\n\t\t\t\t<section class=\"elementor-section elementor-top-section elementor-element elementor-element-51438c1a elementor-section-boxed elementor-section-height-default elementor-section-height-default\" data-id=\"51438c1a\" data-element_type=\"section\">\n\t\t\t\t\t\t<div class=\"elementor-container elementor-column-gap-default\">\n\t\t\t\t\t<div class=\"elementor-column elementor-col-100 elementor-top-column elementor-element elementor-element-7e500494\" data-id=\"7e500494\" data-element_type=\"column\">\n\t\t\t<div class=\"elementor-widget-wrap elementor-element-populated\">\n\t\t\t\t\t\t<div class=\"elementor-element elementor-element-40d54e25 elementor-widget elementor-widget-text-editor\" data-id=\"40d54e25\" data-element_type=\"widget\" data-widget_type=\"text-editor.default\">\n\t\t\t\t<div class=\"elementor-widget-container\">\n\t\t\t\t\t\t\t\t\t<p><span style=\"font-size: 21px; color: var( --e-global-color-text );\">Education In Progress Italia, \u0130talya&#8217;n\u0131n Messina kentinde bulunan ve Avrupa proje tasar\u0131m\u0131 \u00e7er\u00e7evesinde G\u00fcney \u0130talya&#8217;daki yeti\u015fkin okullar\u0131nda ve yeti\u015fkin g\u00f6\u00e7men merkezlerinde personel e\u011fitimi veren kar amac\u0131 g\u00fctmeyen bir kurulu\u015ftur.<\/span><\/p>\n<p>Ayr\u0131ca, t\u00fcm sosyal ve ekonomik ge\u00e7mi\u015flerden gelen \u00f6\u011frencileri topluma ve i\u015fg\u00fcc\u00fc piyasas\u0131na entegre etmek i\u00e7in yenilik\u00e7i y\u00f6ntemler sunar.<\/p>\n<p>Personelin misyonu, Erasmus+ program\u0131 arac\u0131l\u0131\u011f\u0131yla hareketlili\u011fi ekonomik ve sosyal kalk\u0131nmay\u0131 te\u015fvik etmek i\u00e7in bir ara\u00e7 haline getirmektir. Education InProgress&#8217;te, \u00f6zellikle mesleki olmayan yeti\u015fkin e\u011fitimine odaklanarak \u00f6rg\u00fcn, yayg\u0131n ve enformel e\u011fitim faaliyetlerine ili\u015fkin projeler geli\u015ftiriyoruz. Ayr\u0131ca, i\u015fg\u00fcc\u00fc piyasas\u0131yla do\u011frudan ba\u011flant\u0131l\u0131 olmayan ve mesleki e\u011fitim (VET sekt\u00f6r\u00fc) ve y\u00fcksek\u00f6\u011fretim d\u0131\u015f\u0131ndaki hayat boyu \u00f6\u011frenme yollar\u0131na \u00f6nem veriyoruz.<\/p>\n<\/p>\n<p>Web sitesi: <a href=\"https:\/\/educationinprogress.eu\/\" target=\"_blank\" rel=\"noopener\">https:\/\/educationinprogress.eu\/<\/a><\/p>\n<p>\u0130leti\u015fim: <a href=\"mailto:info@educationinprogress.eu\">info@educationinprogress.eu<\/a>,<\/p>\n<p>  Dernek ba\u015fkan\u0131: <a href=\"mailto:aldo.cammara@educationinprogress.eu\">aldo.cammara@educationinprogress.eu<\/a><\/p>\n<\/p>\n<\/p>\n<p>BREVE PRESENTAZIONE &#8211; ITALIANO<\/p>\n<\/p>\n<p>Education In Progress Italia, merkezi Messina, \u0130talya&#8217;da bulunan ve Avrupa&#8217;n\u0131n kalk\u0131nmas\u0131, yeti\u015fkinlere y\u00f6nelik okullarda ve Sud Italia&#8217;daki yeti\u015fkin g\u00f6\u00e7men merkezlerinde personel e\u011fitimi alanlar\u0131nda faaliyet g\u00f6steren, kar amac\u0131 g\u00fctmeyen bir kurulu\u015ftur. Ayr\u0131ca, sosyal ve ekonomik her t\u00fcrden \u00f6\u011frenciyi topluma ve i\u015f piyasas\u0131na entegre etmek i\u00e7in yenilik\u00e7i y\u00f6ntemler sunar.<\/p>\n<p>La missione dello Staff In Progress \u00e8 fare della mobilit\u00e0, attraverso il programma Erasmus+, uno strumento per favorire lo sviluppo economico e sociale.<\/p>\n<p>Education InProgress&#8217;te, \u00f6zellikle yeti\u015fkinlerin mesleki olmayan e\u011fitimine odaklanarak formel, formel olmayan ve enformel e\u011fitime ili\u015fkin projeler geli\u015ftiriyoruz. Buna ek olarak, diamo importanza ai percorsi di apprendimento permanente non directettamente collegati al mercato del lavoro, alla formazione professionale esterna (settore IFP) e all&#8217;istruzione superiore.<\/p>\n<\/p>\n<p>Web sitesi: <a href=\"https:\/\/educationinprogress.eu\/\" target=\"_blank\" rel=\"noopener\">https:\/\/educationinprogress.eu\/<\/a><\/p>\n<p>\u0130leti\u015fim: <a href=\"mailto:info@educationinprogress.eu\">info@educationinprogress.eu<\/a>,<\/p>\n<p>Ba\u015fkan: <a href=\"mailto:aldo.cammara@educationinprogress.eu\">aldo.cammara@educationinprogress.eu<\/a><\/p>\n\t\t\t\t\t\t\t\t<\/div>\n\t\t\t\t<\/div>\n\t\t\t\t\t<\/div>\n\t\t<\/div>\n\t\t\t\t\t<\/div>\n\t\t<\/section>\n\t\t\t\t<\/div>\n\t\t","protected":false},"excerpt":{"rendered":"<p>Devam Eden E\u011fitim \u0130talya Education In Progress Italia, \u0130talya&#8217;n\u0131n Messina kentinde bulunan ve Avrupa proje tasar\u0131m\u0131 \u00e7er\u00e7evesinde G\u00fcney \u0130talya&#8217;daki yeti\u015fkin okullar\u0131nda ve yeti\u015fkin g\u00f6\u00e7men merkezlerinde personel e\u011fitimi veren kar amac\u0131 g\u00fctmeyen bir kurulu\u015ftur. Ayr\u0131ca, t\u00fcm sosyal ve ekonomik ge\u00e7mi\u015flerden gelen \u00f6\u011frencileri topluma ve i\u015fg\u00fcc\u00fc piyasas\u0131na entegre etmek i\u00e7in yenilik\u00e7i y\u00f6ntemler sunar. Personelin misyonu, Erasmus+ program\u0131 [&hellip;]<\/p>\n","protected":false},"author":1,"featured_media":0,"parent":0,"menu_order":0,"comment_status":"closed","ping_status":"closed","template":"elementor_header_footer","meta":{"ocean_post_layout":"","ocean_both_sidebars_style":"","ocean_both_sidebars_content_width":0,"ocean_both_sidebars_sidebars_width":0,"ocean_sidebar":"0","ocean_second_sidebar":"0","ocean_disable_margins":"enable","ocean_add_body_class":"","ocean_shortcode_before_top_bar":"","ocean_shortcode_after_top_bar":"","ocean_shortcode_before_header":"","ocean_shortcode_after_header":"","ocean_has_shortcode":"","ocean_shortcode_after_title":"","ocean_shortcode_before_footer_widgets":"","ocean_shortcode_after_footer_widgets":"","ocean_shortcode_before_footer_bottom":"","ocean_shortcode_after_footer_bottom":"","ocean_display_top_bar":"default","ocean_display_header":"default","ocean_header_style":"","ocean_center_header_left_menu":"0","ocean_custom_header_template":"0","ocean_custom_logo":0,"ocean_custom_retina_logo":0,"ocean_custom_logo_max_width":0,"ocean_custom_logo_tablet_max_width":0,"ocean_custom_logo_mobile_max_width":0,"ocean_custom_logo_max_height":0,"ocean_custom_logo_tablet_max_height":0,"ocean_custom_logo_mobile_max_height":0,"ocean_header_custom_menu":"0","ocean_menu_typo_font_family":"0","ocean_menu_typo_font_subset":"","ocean_menu_typo_font_size":0,"ocean_menu_typo_font_size_tablet":0,"ocean_menu_typo_font_size_mobile":0,"ocean_menu_typo_font_size_unit":"px","ocean_menu_typo_font_weight":"","ocean_menu_typo_font_weight_tablet":"","ocean_menu_typo_font_weight_mobile":"","ocean_menu_typo_transform":"","ocean_menu_typo_transform_tablet":"","ocean_menu_typo_transform_mobile":"","ocean_menu_typo_line_height":0,"ocean_menu_typo_line_height_tablet":0,"ocean_menu_typo_line_height_mobile":0,"ocean_menu_typo_line_height_unit":"","ocean_menu_typo_spacing":0,"ocean_menu_typo_spacing_tablet":0,"ocean_menu_typo_spacing_mobile":0,"ocean_menu_typo_spacing_unit":"","ocean_menu_link_color":"","ocean_menu_link_color_hover":"","ocean_menu_link_color_active":"","ocean_menu_link_background":"","ocean_menu_link_hover_background":"","ocean_menu_link_active_background":"","ocean_menu_social_links_bg":"","ocean_menu_social_hover_links_bg":"","ocean_menu_social_links_color":"","ocean_menu_social_hover_links_color":"","ocean_disable_title":"default","ocean_disable_heading":"default","ocean_post_title":"","ocean_post_subheading":"","ocean_post_title_style":"","ocean_post_title_background_color":"","ocean_post_title_background":0,"ocean_post_title_bg_image_position":"","ocean_post_title_bg_image_attachment":"","ocean_post_title_bg_image_repeat":"","ocean_post_title_bg_image_size":"","ocean_post_title_height":0,"ocean_post_title_bg_overlay":0.5,"ocean_post_title_bg_overlay_color":"","ocean_disable_breadcrumbs":"default","ocean_breadcrumbs_color":"","ocean_breadcrumbs_separator_color":"","ocean_breadcrumbs_links_color":"","ocean_breadcrumbs_links_hover_color":"","ocean_display_footer_widgets":"default","ocean_display_footer_bottom":"default","ocean_custom_footer_template":"0","osh_disable_topbar_sticky":"default","osh_disable_header_sticky":"default","osh_sticky_header_style":"default","osh_sticky_header_effect":"","osh_custom_sticky_logo":0,"osh_custom_retina_sticky_logo":0,"osh_custom_sticky_logo_height":0,"osh_background_color":"","osh_links_color":"","osh_links_hover_color":"","osh_links_active_color":"","osh_links_bg_color":"","osh_links_hover_bg_color":"","osh_links_active_bg_color":"","osh_menu_social_links_color":"","osh_menu_social_hover_links_color":"","footnotes":""},"class_list":["post-6107","page","type-page","status-publish","hentry","entry"],"_links":{"self":[{"href":"https:\/\/key-competences.eu\/tr\/wp-json\/wp\/v2\/pages\/6107","targetHints":{"allow":["GET"]}}],"collection":[{"href":"https:\/\/key-competences.eu\/tr\/wp-json\/wp\/v2\/pages"}],"about":[{"href":"https:\/\/key-competences.eu\/tr\/wp-json\/wp\/v2\/types\/page"}],"author":[{"embeddable":true,"href":"https:\/\/key-competences.eu\/tr\/wp-json\/wp\/v2\/users\/1"}],"replies":[{"embeddable":true,"href":"https:\/\/key-competences.eu\/tr\/wp-json\/wp\/v2\/comments?post=6107"}],"version-history":[{"count":1,"href":"https:\/\/key-competences.eu\/tr\/wp-json\/wp\/v2\/pages\/6107\/revisions"}],"predecessor-version":[{"id":6114,"href":"https:\/\/key-competences.eu\/tr\/wp-json\/wp\/v2\/pages\/6107\/revisions\/6114"}],"wp:attachment":[{"href":"https:\/\/key-competences.eu\/tr\/wp-json\/wp\/v2\/media?parent=6107"}],"curies":[{"name":"wp","href":"https:\/\/api.w.org\/{rel}","templated":true}]}}