{"id":6124,"date":"2022-09-10T04:40:56","date_gmt":"2022-09-10T04:40:56","guid":{"rendered":"https:\/\/key-competences.eu\/polonya"},"modified":"2024-03-15T15:18:26","modified_gmt":"2024-03-15T15:18:26","slug":"polonya","status":"publish","type":"page","link":"https:\/\/key-competences.eu\/tr\/polonya","title":{"rendered":"Polonya"},"content":{"rendered":"\t\t<div data-elementor-type=\"wp-page\" data-elementor-id=\"6124\" class=\"elementor elementor-6124 elementor-2947\" data-elementor-post-type=\"page\">\n\t\t\t\t\t\t<section class=\"elementor-section elementor-top-section elementor-element elementor-element-ea0824c elementor-section-boxed elementor-section-height-default elementor-section-height-default\" data-id=\"ea0824c\" data-element_type=\"section\">\n\t\t\t\t\t\t<div class=\"elementor-container elementor-column-gap-default\">\n\t\t\t\t\t<div class=\"elementor-column elementor-col-100 elementor-top-column elementor-element elementor-element-a3d4e3b\" data-id=\"a3d4e3b\" data-element_type=\"column\">\n\t\t\t<div class=\"elementor-widget-wrap elementor-element-populated\">\n\t\t\t\t\t\t<section class=\"elementor-section elementor-inner-section elementor-element elementor-element-f502e30 elementor-section-boxed elementor-section-height-default elementor-section-height-default\" data-id=\"f502e30\" data-element_type=\"section\">\n\t\t\t\t\t\t<div class=\"elementor-container elementor-column-gap-default\">\n\t\t\t\t\t<div class=\"elementor-column elementor-col-50 elementor-inner-column elementor-element elementor-element-a1ebc69\" data-id=\"a1ebc69\" data-element_type=\"column\">\n\t\t\t<div class=\"elementor-widget-wrap elementor-element-populated\">\n\t\t\t\t\t\t<div class=\"elementor-element elementor-element-aa30607 elementor-widget elementor-widget-spacer\" data-id=\"aa30607\" data-element_type=\"widget\" data-widget_type=\"spacer.default\">\n\t\t\t\t<div class=\"elementor-widget-container\">\n\t\t\t\t\t\t\t<div class=\"elementor-spacer\">\n\t\t\t<div class=\"elementor-spacer-inner\"><\/div>\n\t\t<\/div>\n\t\t\t\t\t\t<\/div>\n\t\t\t\t<\/div>\n\t\t\t\t<div class=\"elementor-element elementor-element-084174b elementor-widget elementor-widget-image\" data-id=\"084174b\" data-element_type=\"widget\" data-widget_type=\"image.default\">\n\t\t\t\t<div class=\"elementor-widget-container\">\n\t\t\t\t\t\t\t\t\t\t\t\t\t\t\t<img fetchpriority=\"high\" decoding=\"async\" width=\"605\" height=\"337\" src=\"https:\/\/key-competences.eu\/wp-content\/uploads\/Logo-Poland.jpg\" class=\"attachment-full size-full wp-image-4698\" alt=\"\" srcset=\"https:\/\/key-competences.eu\/wp-content\/uploads\/Logo-Poland.jpg 605w, https:\/\/key-competences.eu\/wp-content\/uploads\/Logo-Poland-300x167.jpg 300w\" sizes=\"(max-width: 605px) 100vw, 605px\" \/>\t\t\t\t\t\t\t\t\t\t\t\t\t\t\t<\/div>\n\t\t\t\t<\/div>\n\t\t\t\t\t<\/div>\n\t\t<\/div>\n\t\t\t\t<div class=\"elementor-column elementor-col-50 elementor-inner-column elementor-element elementor-element-98a7b06\" data-id=\"98a7b06\" data-element_type=\"column\">\n\t\t\t<div class=\"elementor-widget-wrap elementor-element-populated\">\n\t\t\t\t\t\t<div class=\"elementor-element elementor-element-e134b4e elementor-widget elementor-widget-heading\" data-id=\"e134b4e\" data-element_type=\"widget\" data-widget_type=\"heading.default\">\n\t\t\t\t<div class=\"elementor-widget-container\">\n\t\t\t\t\t<h1 class=\"elementor-heading-title elementor-size-default\">Stowarzyszenie<br>  \"Szansa dla Aktywnych\"<br>\nPolonya<\/h1>\t\t\t\t<\/div>\n\t\t\t\t<\/div>\n\t\t\t\t\t<\/div>\n\t\t<\/div>\n\t\t\t\t\t<\/div>\n\t\t<\/section>\n\t\t\t\t\t<\/div>\n\t\t<\/div>\n\t\t\t\t\t<\/div>\n\t\t<\/section>\n\t\t\t\t<section class=\"elementor-section elementor-top-section elementor-element elementor-element-450dc8e elementor-section-boxed elementor-section-height-default elementor-section-height-default\" data-id=\"450dc8e\" data-element_type=\"section\">\n\t\t\t\t\t\t<div class=\"elementor-container elementor-column-gap-default\">\n\t\t\t\t\t<div class=\"elementor-column elementor-col-100 elementor-top-column elementor-element elementor-element-9dca437\" data-id=\"9dca437\" data-element_type=\"column\">\n\t\t\t<div class=\"elementor-widget-wrap elementor-element-populated\">\n\t\t\t\t\t\t<div class=\"elementor-element elementor-element-e8f40a5 elementor-widget elementor-widget-text-editor\" data-id=\"e8f40a5\" data-element_type=\"widget\" data-widget_type=\"text-editor.default\">\n\t\t\t\t<div class=\"elementor-widget-container\">\n\t\t\t\t\t\t\t\t\t<p>Aktifler i\u00e7in F\u0131rsat Derne\u011fi, 17 e\u011fitmeni ve 72 kursiyeri olan bir sivil toplum kurulu\u015fudur. Dernek, Przygodzice Kom\u00fcn\u00fc (Wroc\u0142aw ve Pozna\u0144 aras\u0131ndaki orta Polonya) sakinleri ad\u0131na ba\u015flat\u0131lm\u0131\u015ft\u0131r. Temel amac\u0131, yerel bir toplulu\u011fun ya\u015fam standard\u0131n\u0131 y\u00fckseltmektir. Ayr\u0131ca \u00e7evrenin korunmas\u0131, kapsay\u0131c\u0131l\u0131k ve entegrasyon, e\u011fitim, istihdam, k\u00fclt\u00fcr ve spor eylemlerini desteklemekte ve benzer eylemlerde bulunan bireysel ki\u015fi ve kurulu\u015flar\u0131 desteklemektedir. \u00d6zel programlar\u0131n bir par\u00e7as\u0131 olarak verdi\u011fimiz at\u00f6lye \u00e7al\u0131\u015fmalar\u0131, e\u011fitimler, a\u011f olu\u015fturma yoluyla kad\u0131n mesle\u011finin etkinle\u015ftirilmesini destekliyor, kad\u0131nlar\u0131n mesleki beceriler ve yetkinlikler geli\u015ftirmelerine yard\u0131mc\u0131 oluyoruz, b\u00f6ylece gelecekleri \u00fczerinde ger\u00e7ek bir etkiye sahip olduklar\u0131n\u0131 hissediyorlar. Potansiyellerini a\u00e7\u0131\u011fa \u00e7\u0131karmak istiyoruz \u00e7\u00fcnk\u00fc onlara ve g\u00fc\u00e7lerine inan\u0131yoruz. Derne\u011fimiz engelli \u00e7ocuklar ve aileleri i\u00e7in \u00e7al\u0131\u015f\u0131yor. \u00d6\u011frencilerimiz i\u00e7in psikolojik ve rehabilite edici destek sunuyoruz. Dernek, mevcut ba\u011flama yeni bir Avrupa boyutu getirebilecek de\u011ferleri ve Avrupa standartlar\u0131n\u0131 uygulamak \u00fczere tasarlanm\u0131\u015f \u00e7e\u015fitli e\u011fitim faaliyetlerini ba\u015flatmay\u0131 ama\u00e7lamaktad\u0131r. Dernek ayr\u0131ca yerel, b\u00f6lgesel, ulusal ve uluslararas\u0131 d\u00fczeyde s\u00fcrekli ileti\u015fim ve i\u015fbirli\u011fine dayal\u0131 ili\u015fkilerle ilgilenmektedir. Dernek faaliyetleri arac\u0131l\u0131\u011f\u0131yla, \u00fcst\u00fcn destek ve yard\u0131m sa\u011flaman\u0131n ve en iyi uygulamalar\u0131n de\u011fi\u015fiminin bir bi\u00e7imi olarak g\u00f6n\u00fcll\u00fcl\u00fck te\u015fvik edilmektedir. Yerel, b\u00f6lgesel ve uluslararas\u0131 ortakl\u0131klar\u0131n geli\u015ftirilmesine y\u00f6nelik kayg\u0131, kurum i\u00e7inde ekip \u00e7al\u0131\u015fmas\u0131 a\u00e7\u0131s\u0131ndan beceri ve yetkinliklere sahip insan kaynaklar\u0131n\u0131n geli\u015ftirilmesine yol a\u00e7m\u0131\u015ft\u0131r. Dernek, uluslararas\u0131 ortakl\u0131k i\u00e7in \u00e7ok say\u0131da proje uygulam\u0131\u015f ve b\u00f6ylece aktif \u00fcyeleri e\u011fitim projeleriyle ilgili y\u00f6netim kapasitesi ve becerilerini geli\u015ftirmi\u015ftir. Dernek, vatanda\u015flar\u0131n hareketlili\u011fini te\u015fvik etmekte, ortak \u00e7al\u0131\u015fma programlar\u0131 y\u00fcr\u00fctmekte ve a\u011flar kurarak toplumlar\u0131n\u0131n demokratik ya\u015fam\u0131nda daha aktif olmalar\u0131n\u0131 sa\u011flamaktad\u0131r. Sosyal hizmetler departman\u0131 psikososyal destek, i\u015f oryantasyon hizmetleri ve kariyer dan\u0131\u015fmanl\u0131\u011f\u0131, ki\u015filer, \u00e7iftler, aileler, gruplar ve daha fazlas\u0131 i\u00e7in psikolojik dan\u0131\u015fmanl\u0131k sa\u011flar. Okul toplumuna \u00f6zel bir hizmet sunulmakta, \u00f6\u011frencilere, \u00f6\u011fretmenlere ve velilere dan\u0131\u015fmanl\u0131k yap\u0131lmaktad\u0131r. Yeti\u015fkinlerin \u00e7o\u011fu i\u015fg\u00fcc\u00fc piyasas\u0131nda daha az f\u0131rsata sahiptir. Bu projede, STK&#8217;lar, okullar ve yerel toplum aras\u0131nda bir ba\u011flant\u0131 kurarak \u00f6\u011frenme g\u00fc\u00e7l\u00fc\u011f\u00fc \u00e7eken bireylerde sosyal i\u00e7ermenin fark\u0131nda olmalar\u0131n\u0131 sa\u011flayaca\u011f\u0131z; g\u00f6n\u00fcll\u00fcleri, \u00f6\u011fretmenleri, e\u011fitmenleri, y\u00f6neticileri ve yerel toplumu dahil etme ve entegrasyon hakk\u0131nda daha fazla bilgi edinmek i\u00e7in bir kampanyaya dahil ederek, bu projede sosyal ve profesyonel davran\u0131\u015flar\u0131n\u0131 geli\u015ftirmelerini sa\u011flayabiliriz. Bu proje farkl\u0131 k\u00fclt\u00fcrlerden vatanda\u015flar\u0131 kapsayarak entegrasyon d\u00fczeyini art\u0131racak ve bize e\u011fitim d\u00fcnyam\u0131z\u0131n refah\u0131 i\u00e7in \u00f6\u011frenme yetkinli\u011fini geli\u015ftirme f\u0131rsat\u0131 verecektir<\/p>\n\t\t\t\t\t\t\t\t<\/div>\n\t\t\t\t<\/div>\n\t\t\t\t\t<\/div>\n\t\t<\/div>\n\t\t\t\t\t<\/div>\n\t\t<\/section>\n\t\t\t\t<section class=\"elementor-section elementor-top-section elementor-element elementor-element-bf8d9c7 elementor-section-boxed elementor-section-height-default elementor-section-height-default\" data-id=\"bf8d9c7\" data-element_type=\"section\">\n\t\t\t\t\t\t<div class=\"elementor-container elementor-column-gap-default\">\n\t\t\t\t\t<div class=\"elementor-column elementor-col-100 elementor-top-column elementor-element elementor-element-dfc1a21\" data-id=\"dfc1a21\" data-element_type=\"column\">\n\t\t\t<div class=\"elementor-widget-wrap elementor-element-populated\">\n\t\t\t\t\t\t<div class=\"elementor-element elementor-element-82ccfa6 elementor-widget elementor-widget-text-editor\" data-id=\"82ccfa6\" data-element_type=\"widget\" data-widget_type=\"text-editor.default\">\n\t\t\t\t<div class=\"elementor-widget-container\">\n\t\t\t\t\t\t\t\t\t<p>Kurulu\u015fumuz, i\u015fsiz kad\u0131nlara y\u00f6nelik bir projede deneyim sahibidir. 2019 y\u0131l\u0131nda Avrupa Sosyal Vakf\u0131 taraf\u0131ndan finanse edilen &#8220;\u0130\u015f d\u00fcnyas\u0131nda ortak ba\u015flang\u0131\u00e7&#8221; projesini hayata ge\u00e7irdik. Bu proje kapsam\u0131nda i\u015fsiz kad\u0131nlara y\u00f6nelik giri\u015fimcilik kurslar\u0131, muhasebe kurslar\u0131 ve bilgisayar e\u011fitimleri d\u00fczenledik. Her y\u0131l aerobik, Zumba ve Nordic Walking etkinlikleri d\u00fczenliyoruz. Zaman zaman diyetisyen kons\u00fcltasyonlar\u0131 d\u00fczenliyoruz. STK&#8217;m\u0131z, Ukrayna&#8217;dan gelen g\u00f6\u00e7men kad\u0131nlara i\u015fg\u00fcc\u00fc piyasas\u0131na girmelerine yard\u0131mc\u0131 olmak amac\u0131yla dil ve bilgisayar dersleri vermi\u015ftir. Grundtvig&#8217;de elde etti\u011fimiz &#8220;COLOR BLIND&#8221;- Roman beyond stereotypes&#8221; ba\u015fl\u0131kl\u0131 proje, Hayat Boyu \u00d6\u011frenme Program\u0131na \u00f6zg\u00fc yayg\u0131n y\u00f6ntemler kullanarak Roman kad\u0131nlara y\u00f6nelik kal\u0131p yarg\u0131lar\u0131 k\u0131rmay\u0131 ama\u00e7layan bir projeydi. Kat\u0131l\u0131mc\u0131lar, \u00fclkelerinde bulunan Roman topluluklar\u0131, Roman haklar\u0131, Roman k\u00fclt\u00fcr\u00fc ve tarihi hakk\u0131nda konu\u015fma f\u0131rsat\u0131 buldular ve Roman kad\u0131nlar\u0131n topluma entegrasyonu i\u00e7in birlikte \u00e7\u00f6z\u00fcmler bulmaya \u00e7al\u0131\u015ft\u0131lar. \u0130talya, T\u00fcrkiye, Polonya, Makedonya, M\u0131s\u0131r, \u0130srail, G\u00fcrcistan ve Romanya&#8217;dan 8 ortak \u00fclke. Proje 05-11 Nisan 2012 tarihlerinde Romanya&#8217;n\u0131n da\u011f beldesi Busteni&#8217;de ger\u00e7ekle\u015ftirilmi\u015ftir. Organizasyon personelimiz 17 ki\u015fiden olu\u015fmaktad\u0131r.  <\/p>\n\t\t\t\t\t\t\t\t<\/div>\n\t\t\t\t<\/div>\n\t\t\t\t\t<\/div>\n\t\t<\/div>\n\t\t\t\t\t<\/div>\n\t\t<\/section>\n\t\t\t\t<section class=\"elementor-section elementor-top-section elementor-element elementor-element-7c826b2 elementor-section-boxed elementor-section-height-default elementor-section-height-default\" data-id=\"7c826b2\" data-element_type=\"section\">\n\t\t\t\t\t\t<div class=\"elementor-container elementor-column-gap-default\">\n\t\t\t\t\t<div class=\"elementor-column elementor-col-100 elementor-top-column elementor-element elementor-element-965a210\" data-id=\"965a210\" data-element_type=\"column\">\n\t\t\t<div class=\"elementor-widget-wrap elementor-element-populated\">\n\t\t\t\t\t\t<div class=\"elementor-element elementor-element-49640d4 elementor-widget elementor-widget-text-editor\" data-id=\"49640d4\" data-element_type=\"widget\" data-widget_type=\"text-editor.default\">\n\t\t\t\t<div class=\"elementor-widget-container\">\n\t\t\t\t\t\t\t\t\t<p>Projemiz a\u015fa\u011f\u0131daki okul personelini kapsamaktad\u0131r:<\/p>\n<ul>\n<li style=\"list-style-type: none;\">\n<ul>\n<li>1. Anna Nowicka (Hayatboyu \u00d6\u011frenme Program\u0131 ve Erasmus + kapsam\u0131ndaki projelerin uygulanmas\u0131nda 7 y\u0131ll\u0131k deneyim, \u00f6\u011fretmen). 21 \/ 106 2021 \u00c7a\u011fr\u0131s\u0131 1. Tur KA2 KA220-ADU &#8211; Yeti\u015fkin e\u011fitiminde i\u015fbirli\u011fi ortakl\u0131klar\u0131 Form ID KA220-ADU-A83C0B30 Son Tarih (Br\u00fcksel Saati) 21 May\u0131s 2021 12:00:00 TR<\/li>\n<li>2. Barbara Szymanowska Avrupa Birli\u011fi&#8217;nden e\u015f finansman da dahil olmak \u00fczere kamu fonlar\u0131ndan finanse edilen projelerin uygulanmas\u0131nda 11 y\u0131ll\u0131k deneyim; nicel ve nitel uygulama\/ara\u015ft\u0131rma bi\u00e7imleri hakk\u0131ndaki bilgileri dikkate alarak de\u011ferlendirme ilkeleri ve teknikleri hakk\u0131nda kapsaml\u0131 bilgi, okul m\u00fcd\u00fcr\u00fc).<\/li>\n<li>3. Alexander Chlasta ve Karolina Chajdziony &#8211; yabanc\u0131 dil \u00f6\u011fretmenleri &#8211; dil e\u011fitiminin y\u00fcr\u00fct\u00fclmesinde yer almaktad\u0131r<\/li>\n<li>4. Tomasz Nowicki &#8211; BT e\u011fitmeni<\/li>\n<\/ul>\n<\/li>\n<\/ul>\n<p>\u00c7al\u0131\u015fanlar, y\u0131llar\u0131n deneyimine ve ge\u00e7mi\u015f projelerde uygulanan ilgili niteliklere ve yetkinliklere sahip ki\u015filerdir.<\/p>\n\t\t\t\t\t\t\t\t<\/div>\n\t\t\t\t<\/div>\n\t\t\t\t\t<\/div>\n\t\t<\/div>\n\t\t\t\t\t<\/div>\n\t\t<\/section>\n\t\t\t\t<section class=\"elementor-section elementor-top-section elementor-element elementor-element-16cce47 elementor-section-boxed elementor-section-height-default elementor-section-height-default\" data-id=\"16cce47\" data-element_type=\"section\">\n\t\t\t\t\t\t<div class=\"elementor-container elementor-column-gap-default\">\n\t\t\t\t\t<div class=\"elementor-column elementor-col-100 elementor-top-column elementor-element elementor-element-0ebdf14\" data-id=\"0ebdf14\" data-element_type=\"column\">\n\t\t\t<div class=\"elementor-widget-wrap elementor-element-populated\">\n\t\t\t\t\t\t<div class=\"elementor-element elementor-element-b72f83b elementor-widget elementor-widget-text-editor\" data-id=\"b72f83b\" data-element_type=\"widget\" data-widget_type=\"text-editor.default\">\n\t\t\t\t<div class=\"elementor-widget-container\">\n\t\t\t\t\t\t\t\t\tSzansa dla Aktywnych<br>\nul. Szkolna 4  <br>Jank\u00f3w Przygodzki  <br>63-424 Przygodzice<p>\n\n<strong>E-posta :<\/strong> <a href=\"mailto:info@sitename.com\">szansadlaaktywnych@gmail.com<\/a><\/p>\t\t\t\t\t\t\t\t<\/div>\n\t\t\t\t<\/div>\n\t\t\t\t\t<\/div>\n\t\t<\/div>\n\t\t\t\t\t<\/div>\n\t\t<\/section>\n\t\t\t\t<\/div>\n\t\t","protected":false},"excerpt":{"rendered":"<p>Stowarzyszenie &#8220;Szansa dla Aktywnych&#8221; Polonya Aktifler i\u00e7in F\u0131rsat Derne\u011fi, 17 e\u011fitmeni ve 72 kursiyeri olan bir sivil toplum kurulu\u015fudur. Dernek, Przygodzice Kom\u00fcn\u00fc (Wroc\u0142aw ve Pozna\u0144 aras\u0131ndaki orta Polonya) sakinleri ad\u0131na ba\u015flat\u0131lm\u0131\u015ft\u0131r. Temel amac\u0131, yerel bir toplulu\u011fun ya\u015fam standard\u0131n\u0131 y\u00fckseltmektir. Ayr\u0131ca \u00e7evrenin korunmas\u0131, kapsay\u0131c\u0131l\u0131k ve entegrasyon, e\u011fitim, istihdam, k\u00fclt\u00fcr ve spor eylemlerini desteklemekte ve benzer eylemlerde [&hellip;]<\/p>\n","protected":false},"author":1,"featured_media":0,"parent":0,"menu_order":0,"comment_status":"closed","ping_status":"closed","template":"elementor_header_footer","meta":{"ocean_post_layout":"","ocean_both_sidebars_style":"","ocean_both_sidebars_content_width":0,"ocean_both_sidebars_sidebars_width":0,"ocean_sidebar":"0","ocean_second_sidebar":"0","ocean_disable_margins":"enable","ocean_add_body_class":"","ocean_shortcode_before_top_bar":"","ocean_shortcode_after_top_bar":"","ocean_shortcode_before_header":"","ocean_shortcode_after_header":"","ocean_has_shortcode":"","ocean_shortcode_after_title":"","ocean_shortcode_before_footer_widgets":"","ocean_shortcode_after_footer_widgets":"","ocean_shortcode_before_footer_bottom":"","ocean_shortcode_after_footer_bottom":"","ocean_display_top_bar":"default","ocean_display_header":"default","ocean_header_style":"","ocean_center_header_left_menu":"0","ocean_custom_header_template":"0","ocean_custom_logo":0,"ocean_custom_retina_logo":0,"ocean_custom_logo_max_width":0,"ocean_custom_logo_tablet_max_width":0,"ocean_custom_logo_mobile_max_width":0,"ocean_custom_logo_max_height":0,"ocean_custom_logo_tablet_max_height":0,"ocean_custom_logo_mobile_max_height":0,"ocean_header_custom_menu":"0","ocean_menu_typo_font_family":"0","ocean_menu_typo_font_subset":"","ocean_menu_typo_font_size":0,"ocean_menu_typo_font_size_tablet":0,"ocean_menu_typo_font_size_mobile":0,"ocean_menu_typo_font_size_unit":"px","ocean_menu_typo_font_weight":"","ocean_menu_typo_font_weight_tablet":"","ocean_menu_typo_font_weight_mobile":"","ocean_menu_typo_transform":"","ocean_menu_typo_transform_tablet":"","ocean_menu_typo_transform_mobile":"","ocean_menu_typo_line_height":0,"ocean_menu_typo_line_height_tablet":0,"ocean_menu_typo_line_height_mobile":0,"ocean_menu_typo_line_height_unit":"","ocean_menu_typo_spacing":0,"ocean_menu_typo_spacing_tablet":0,"ocean_menu_typo_spacing_mobile":0,"ocean_menu_typo_spacing_unit":"","ocean_menu_link_color":"","ocean_menu_link_color_hover":"","ocean_menu_link_color_active":"","ocean_menu_link_background":"","ocean_menu_link_hover_background":"","ocean_menu_link_active_background":"","ocean_menu_social_links_bg":"","ocean_menu_social_hover_links_bg":"","ocean_menu_social_links_color":"","ocean_menu_social_hover_links_color":"","ocean_disable_title":"default","ocean_disable_heading":"default","ocean_post_title":"","ocean_post_subheading":"","ocean_post_title_style":"","ocean_post_title_background_color":"","ocean_post_title_background":0,"ocean_post_title_bg_image_position":"","ocean_post_title_bg_image_attachment":"","ocean_post_title_bg_image_repeat":"","ocean_post_title_bg_image_size":"","ocean_post_title_height":0,"ocean_post_title_bg_overlay":0.5,"ocean_post_title_bg_overlay_color":"","ocean_disable_breadcrumbs":"default","ocean_breadcrumbs_color":"","ocean_breadcrumbs_separator_color":"","ocean_breadcrumbs_links_color":"","ocean_breadcrumbs_links_hover_color":"","ocean_display_footer_widgets":"default","ocean_display_footer_bottom":"default","ocean_custom_footer_template":"0","osh_disable_topbar_sticky":"default","osh_disable_header_sticky":"default","osh_sticky_header_style":"default","osh_sticky_header_effect":"","osh_custom_sticky_logo":0,"osh_custom_retina_sticky_logo":0,"osh_custom_sticky_logo_height":0,"osh_background_color":"","osh_links_color":"","osh_links_hover_color":"","osh_links_active_color":"","osh_links_bg_color":"","osh_links_hover_bg_color":"","osh_links_active_bg_color":"","osh_menu_social_links_color":"","osh_menu_social_hover_links_color":"","footnotes":""},"class_list":["post-6124","page","type-page","status-publish","hentry","entry"],"_links":{"self":[{"href":"https:\/\/key-competences.eu\/tr\/wp-json\/wp\/v2\/pages\/6124","targetHints":{"allow":["GET"]}}],"collection":[{"href":"https:\/\/key-competences.eu\/tr\/wp-json\/wp\/v2\/pages"}],"about":[{"href":"https:\/\/key-competences.eu\/tr\/wp-json\/wp\/v2\/types\/page"}],"author":[{"embeddable":true,"href":"https:\/\/key-competences.eu\/tr\/wp-json\/wp\/v2\/users\/1"}],"replies":[{"embeddable":true,"href":"https:\/\/key-competences.eu\/tr\/wp-json\/wp\/v2\/comments?post=6124"}],"version-history":[{"count":1,"href":"https:\/\/key-competences.eu\/tr\/wp-json\/wp\/v2\/pages\/6124\/revisions"}],"predecessor-version":[{"id":6128,"href":"https:\/\/key-competences.eu\/tr\/wp-json\/wp\/v2\/pages\/6124\/revisions\/6128"}],"wp:attachment":[{"href":"https:\/\/key-competences.eu\/tr\/wp-json\/wp\/v2\/media?parent=6124"}],"curies":[{"name":"wp","href":"https:\/\/api.w.org\/{rel}","templated":true}]}}