{"id":6143,"date":"2022-09-10T06:19:05","date_gmt":"2022-09-10T06:19:05","guid":{"rendered":"https:\/\/key-competences.eu\/turkiye-iuc"},"modified":"2024-03-15T15:20:21","modified_gmt":"2024-03-15T15:20:21","slug":"turkiye-iuc","status":"publish","type":"page","link":"https:\/\/key-competences.eu\/tr\/turkiye-iuc","title":{"rendered":"T\u00fcrkiye &#8211; I\u00dcC"},"content":{"rendered":"\t\t<div data-elementor-type=\"wp-page\" data-elementor-id=\"6143\" class=\"elementor elementor-6143 elementor-2976\" data-elementor-post-type=\"page\">\n\t\t\t\t\t\t<section class=\"elementor-section elementor-top-section elementor-element elementor-element-020193f elementor-section-boxed elementor-section-height-default elementor-section-height-default\" data-id=\"020193f\" data-element_type=\"section\">\n\t\t\t\t\t\t<div class=\"elementor-container elementor-column-gap-default\">\n\t\t\t\t\t<div class=\"elementor-column elementor-col-100 elementor-top-column elementor-element elementor-element-83c9962\" data-id=\"83c9962\" data-element_type=\"column\">\n\t\t\t<div class=\"elementor-widget-wrap elementor-element-populated\">\n\t\t\t\t\t\t<section class=\"elementor-section elementor-inner-section elementor-element elementor-element-0ed50eb elementor-section-boxed elementor-section-height-default elementor-section-height-default\" data-id=\"0ed50eb\" data-element_type=\"section\">\n\t\t\t\t\t\t<div class=\"elementor-container elementor-column-gap-default\">\n\t\t\t\t\t<div class=\"elementor-column elementor-col-50 elementor-inner-column elementor-element elementor-element-6d5bd77\" data-id=\"6d5bd77\" data-element_type=\"column\">\n\t\t\t<div class=\"elementor-widget-wrap elementor-element-populated\">\n\t\t\t\t\t\t<div class=\"elementor-element elementor-element-5f01db2 elementor-widget elementor-widget-spacer\" data-id=\"5f01db2\" data-element_type=\"widget\" data-widget_type=\"spacer.default\">\n\t\t\t\t<div class=\"elementor-widget-container\">\n\t\t\t\t\t\t\t<div class=\"elementor-spacer\">\n\t\t\t<div class=\"elementor-spacer-inner\"><\/div>\n\t\t<\/div>\n\t\t\t\t\t\t<\/div>\n\t\t\t\t<\/div>\n\t\t\t\t<div class=\"elementor-element elementor-element-d51b9b6 elementor-widget elementor-widget-image\" data-id=\"d51b9b6\" data-element_type=\"widget\" data-widget_type=\"image.default\">\n\t\t\t\t<div class=\"elementor-widget-container\">\n\t\t\t\t\t\t\t\t\t\t\t\t\t\t\t<img decoding=\"async\" width=\"300\" height=\"83\" src=\"https:\/\/key-competences.eu\/wp-content\/uploads\/Logo-IUEC-300x83.jpg\" class=\"attachment-medium size-medium wp-image-4688\" alt=\"\" srcset=\"https:\/\/key-competences.eu\/wp-content\/uploads\/Logo-IUEC-300x83.jpg 300w, https:\/\/key-competences.eu\/wp-content\/uploads\/Logo-IUEC-768x211.jpg 768w, https:\/\/key-competences.eu\/wp-content\/uploads\/Logo-IUEC.jpg 800w\" sizes=\"(max-width: 300px) 100vw, 300px\" \/>\t\t\t\t\t\t\t\t\t\t\t\t\t\t\t<\/div>\n\t\t\t\t<\/div>\n\t\t\t\t\t<\/div>\n\t\t<\/div>\n\t\t\t\t<div class=\"elementor-column elementor-col-50 elementor-inner-column elementor-element elementor-element-db9320c\" data-id=\"db9320c\" data-element_type=\"column\">\n\t\t\t<div class=\"elementor-widget-wrap elementor-element-populated\">\n\t\t\t\t\t\t<div class=\"elementor-element elementor-element-b619ed7 elementor-widget elementor-widget-heading\" data-id=\"b619ed7\" data-element_type=\"widget\" data-widget_type=\"heading.default\">\n\t\t\t\t<div class=\"elementor-widget-container\">\n\t\t\t\t\t<h1 class=\"elementor-heading-title elementor-size-default\">I\u0307STANBUL \u00dcNI\u0307VERSI\u0307TESI\u0307 - CERRAHPA\u015eA<br>\nT\u00fcrkiye<\/h1>\t\t\t\t<\/div>\n\t\t\t\t<\/div>\n\t\t\t\t\t<\/div>\n\t\t<\/div>\n\t\t\t\t\t<\/div>\n\t\t<\/section>\n\t\t\t\t\t<\/div>\n\t\t<\/div>\n\t\t\t\t\t<\/div>\n\t\t<\/section>\n\t\t\t\t<section class=\"elementor-section elementor-top-section elementor-element elementor-element-3bf9235e elementor-section-boxed elementor-section-height-default elementor-section-height-default\" data-id=\"3bf9235e\" data-element_type=\"section\">\n\t\t\t\t\t\t<div class=\"elementor-container elementor-column-gap-default\">\n\t\t\t\t\t<div class=\"elementor-column elementor-col-100 elementor-top-column elementor-element elementor-element-557c0f6c\" data-id=\"557c0f6c\" data-element_type=\"column\">\n\t\t\t<div class=\"elementor-widget-wrap\">\n\t\t\t\t\t\t\t<\/div>\n\t\t<\/div>\n\t\t\t\t\t<\/div>\n\t\t<\/section>\n\t\t\t\t<section class=\"elementor-section elementor-top-section elementor-element elementor-element-5f492dc8 elementor-section-boxed elementor-section-height-default elementor-section-height-default\" data-id=\"5f492dc8\" data-element_type=\"section\">\n\t\t\t\t\t\t<div class=\"elementor-container elementor-column-gap-default\">\n\t\t\t\t\t<div class=\"elementor-column elementor-col-100 elementor-top-column elementor-element elementor-element-5a1f5015\" data-id=\"5a1f5015\" data-element_type=\"column\">\n\t\t\t<div class=\"elementor-widget-wrap elementor-element-populated\">\n\t\t\t\t\t\t<div class=\"elementor-element elementor-element-6c00d06f elementor-widget elementor-widget-text-editor\" data-id=\"6c00d06f\" data-element_type=\"widget\" data-widget_type=\"text-editor.default\">\n\t\t\t\t<div class=\"elementor-widget-container\">\n\t\t\t\t\t\t\t\t\t<p><strong>\u0130stanbul \u00dcniversitesi &#8211; Cerrahpa\u015fa  <\/strong><\/p>\n<p>T\u00fcrkiye&#8217;nin en eski ve en b\u00fcy\u00fck \u00fcniversitesi olan \u0130stanbul \u00dcniversitesi&#8217;nden ayr\u0131larak 2018 y\u0131l\u0131nda bir devlet \u00fcniversitesi kurulmu\u015ftur. Y\u00fcksek\u00f6\u011fretim Kurulu bu karar\u0131, \u0130stanbul \u00dcniversitesi&#8217;nin 73.214&#8217;\u00fc normal ve 237.864&#8217;\u00fc uzaktan e\u011fitim \u00f6\u011frencisi olmak \u00fczere toplam 311.078 \u00f6\u011frencisi oldu\u011fu i\u00e7in vermi\u015ftir. 2018&#8217;de kurulan iki \u00fcniversite, orijinal isimlerini koruyan \u0130stanbul \u00dcniversitesi &#8211; Cerrahpa\u015fa (\u0130\u00dc) ve \u0130stanbul \u00dcniversitesi (\u0130\u00dc) oldu. \u015eu anda \u0130stanbul \u00dcniversitesi &#8211; Cerrahpa\u015fa 12 Fak\u00fclte, 5 Lisans\u00fcst\u00fc Enstit\u00fc, 5 Meslek Y\u00fcksekokulu, 2081 akademik personelden olu\u015fmakta ve yakla\u015f\u0131k 39.337 \u00f6\u011frenciye e\u011fitim vermektedir. T\u0131p, Hem\u015firelik, E\u011fitim, M\u00fchendislik, Sa\u011fl\u0131k Bilimleri, Veterinerlik ve Orman Fak\u00fclteleri, daha \u00f6nce \u0130stanbul \u00dcniversitesi b\u00fcnyesinde yer alan ve \u015fimdi YB\u00dc&#8217;ye devredilen fak\u00fclteler aras\u0131nda yer al\u0131yor.<\/p>\n<p>\u0130stanbul \u00dcniversitesi-Cerrahpa\u015fa; ge\u00e7mi\u015ften gelen tecr\u00fcbesiyle sa\u011fl\u0131k, m\u00fchendislik, do\u011fa ve sosyal bilimler alanlar\u0131nda tercih edilen, etik de\u011ferlere ba\u011fl\u0131, kaliteli hizmet sunan, sosyal ve akademik a\u00e7\u0131dan donan\u0131ml\u0131 bireyler yeti\u015ftiren, bilgi birikiminden yararlan\u0131lan, &#8220;en iyi olmak&#8221; mottosuyla hareket eden k\u00f6kl\u00fc bir ara\u015ft\u0131rma \u00fcniversitesidir.<\/p>\n<p>Vizyon<\/p>\n<p>D\u00fcnyada ve \u00fclkemizde kabul g\u00f6ren lider bir ara\u015ft\u0131rma \u00fcniversitesi olmak.<\/p>\n<p>Temel de\u011ferler<\/p>\n<p>Akademik \u00d6zg\u00fcrl\u00fck: \u00dcniversitemizin temel \u00f6nceli\u011fi, mensuplar\u0131n\u0131n ara\u015ft\u0131rma, hizmet ve e\u011fitim faaliyetleri yoluyla bilgi \u00fcretme ve sunma \u00f6zg\u00fcrl\u00fc\u011f\u00fcne sahip oldu\u011fu bir akademik ortam yaratmakt\u0131r.<\/p>\n<p>Etik De\u011ferler: \u00dcniversitemiz; faaliyetlerinde ve kararlar\u0131nda sadece mevzuat\u0131 de\u011fil, insan haklar\u0131n\u0131, onurunu ve etik de\u011ferleri de g\u00f6zetir.<\/p>\n<p>\u015eeffafl\u0131k: \u00dcniversite y\u00f6netimi, \u00dcniversite i\u00e7indeki t\u00fcm i\u015flemlerin denetlenebilir olmas\u0131n\u0131 sa\u011flar.<\/p>\n<p>\u0130\u015fbirli\u011fi: \u00dcniversitemiz ulusal ve uluslararas\u0131 i\u015fbirli\u011fi a\u011flar\u0131n\u0131 geni\u015fleten politikalar uygulamaktad\u0131r.<\/p>\n<p>Toplumsal Fark\u0131ndal\u0131k: Toplumsal de\u011ferleri g\u00f6zeterek sosyal sorunlar\u0131n \u00e7\u00f6z\u00fcm\u00fcne ve toplumun gelece\u011fine katk\u0131 sa\u011flar.<\/p>\n<p>K\u00fclt\u00fcrel Katk\u0131: \u00dcniversitemiz; t\u00fcm faaliyetlerinin yan\u0131 s\u0131ra \u00f6\u011frencileri ve mensuplar\u0131 ile toplumun k\u00fclt\u00fcrel geli\u015fimine destek olacak projelerde yer almaktad\u0131r.<\/p>\n<p>Giri\u015fimcilik: Hem \u00f6\u011fretim \u00fcyelerine hem de \u00f6\u011frencilerine giri\u015fimci bir k\u00fclt\u00fcr kazand\u0131rmak i\u00e7in gereken e\u011fitim ve f\u0131rsatlar\u0131 sunar.<\/p>\n<p>S\u00fcrd\u00fcr\u00fclebilirlik: \u00dcniversitemiz; t\u00fcm faaliyetlerinin \u00e7evresel a\u00e7\u0131dan s\u00fcrd\u00fcr\u00fclebilir olmas\u0131n\u0131 sa\u011flar.<\/p>\n<p>web sitesi: <a href=\"https:\/\/www.iuc.edu.tr\/tr\/_\" target=\"_blank\" rel=\"noopener\">https:\/\/www.iuc.edu.tr\/tr\/_<\/a><\/p>\n<p>e-posta: <a href=\"mailto:euoffice@iuc.edu.tr\">euoffice@iuc.edu.tr<\/a><\/p>\n<p>Instagram: <a href=\"https:\/\/www.instagram.com\/iucerrahpasa\/\" target=\"_blank\" rel=\"noopener\">https:\/\/www.instagram.com\/iucerrahpasa\/<\/a><\/p>\n<p>facebook: https:\/\/www.facebook.com\/iucsemTurkey<\/p>\n\t\t\t\t\t\t\t\t<\/div>\n\t\t\t\t<\/div>\n\t\t\t\t\t<\/div>\n\t\t<\/div>\n\t\t\t\t\t<\/div>\n\t\t<\/section>\n\t\t\t\t<\/div>\n\t\t","protected":false},"excerpt":{"rendered":"<p>I\u0307STANBUL \u00dcNI\u0307VERSI\u0307TESI\u0307 &#8211; CERRAHPA\u015eA T\u00fcrkiye \u0130stanbul \u00dcniversitesi &#8211; Cerrahpa\u015fa T\u00fcrkiye&#8217;nin en eski ve en b\u00fcy\u00fck \u00fcniversitesi olan \u0130stanbul \u00dcniversitesi&#8217;nden ayr\u0131larak 2018 y\u0131l\u0131nda bir devlet \u00fcniversitesi kurulmu\u015ftur. Y\u00fcksek\u00f6\u011fretim Kurulu bu karar\u0131, \u0130stanbul \u00dcniversitesi&#8217;nin 73.214&#8217;\u00fc normal ve 237.864&#8217;\u00fc uzaktan e\u011fitim \u00f6\u011frencisi olmak \u00fczere toplam 311.078 \u00f6\u011frencisi oldu\u011fu i\u00e7in vermi\u015ftir. 2018&#8217;de kurulan iki \u00fcniversite, orijinal isimlerini koruyan \u0130stanbul [&hellip;]<\/p>\n","protected":false},"author":1,"featured_media":0,"parent":0,"menu_order":0,"comment_status":"closed","ping_status":"closed","template":"elementor_header_footer","meta":{"ocean_post_layout":"","ocean_both_sidebars_style":"","ocean_both_sidebars_content_width":0,"ocean_both_sidebars_sidebars_width":0,"ocean_sidebar":"0","ocean_second_sidebar":"0","ocean_disable_margins":"enable","ocean_add_body_class":"","ocean_shortcode_before_top_bar":"","ocean_shortcode_after_top_bar":"","ocean_shortcode_before_header":"","ocean_shortcode_after_header":"","ocean_has_shortcode":"","ocean_shortcode_after_title":"","ocean_shortcode_before_footer_widgets":"","ocean_shortcode_after_footer_widgets":"","ocean_shortcode_before_footer_bottom":"","ocean_shortcode_after_footer_bottom":"","ocean_display_top_bar":"default","ocean_display_header":"default","ocean_header_style":"","ocean_center_header_left_menu":"0","ocean_custom_header_template":"0","ocean_custom_logo":0,"ocean_custom_retina_logo":0,"ocean_custom_logo_max_width":0,"ocean_custom_logo_tablet_max_width":0,"ocean_custom_logo_mobile_max_width":0,"ocean_custom_logo_max_height":0,"ocean_custom_logo_tablet_max_height":0,"ocean_custom_logo_mobile_max_height":0,"ocean_header_custom_menu":"0","ocean_menu_typo_font_family":"0","ocean_menu_typo_font_subset":"","ocean_menu_typo_font_size":0,"ocean_menu_typo_font_size_tablet":0,"ocean_menu_typo_font_size_mobile":0,"ocean_menu_typo_font_size_unit":"px","ocean_menu_typo_font_weight":"","ocean_menu_typo_font_weight_tablet":"","ocean_menu_typo_font_weight_mobile":"","ocean_menu_typo_transform":"","ocean_menu_typo_transform_tablet":"","ocean_menu_typo_transform_mobile":"","ocean_menu_typo_line_height":0,"ocean_menu_typo_line_height_tablet":0,"ocean_menu_typo_line_height_mobile":0,"ocean_menu_typo_line_height_unit":"","ocean_menu_typo_spacing":0,"ocean_menu_typo_spacing_tablet":0,"ocean_menu_typo_spacing_mobile":0,"ocean_menu_typo_spacing_unit":"","ocean_menu_link_color":"","ocean_menu_link_color_hover":"","ocean_menu_link_color_active":"","ocean_menu_link_background":"","ocean_menu_link_hover_background":"","ocean_menu_link_active_background":"","ocean_menu_social_links_bg":"","ocean_menu_social_hover_links_bg":"","ocean_menu_social_links_color":"","ocean_menu_social_hover_links_color":"","ocean_disable_title":"default","ocean_disable_heading":"default","ocean_post_title":"","ocean_post_subheading":"","ocean_post_title_style":"","ocean_post_title_background_color":"","ocean_post_title_background":0,"ocean_post_title_bg_image_position":"","ocean_post_title_bg_image_attachment":"","ocean_post_title_bg_image_repeat":"","ocean_post_title_bg_image_size":"","ocean_post_title_height":0,"ocean_post_title_bg_overlay":0.5,"ocean_post_title_bg_overlay_color":"","ocean_disable_breadcrumbs":"default","ocean_breadcrumbs_color":"","ocean_breadcrumbs_separator_color":"","ocean_breadcrumbs_links_color":"","ocean_breadcrumbs_links_hover_color":"","ocean_display_footer_widgets":"default","ocean_display_footer_bottom":"default","ocean_custom_footer_template":"0","osh_disable_topbar_sticky":"default","osh_disable_header_sticky":"default","osh_sticky_header_style":"default","osh_sticky_header_effect":"","osh_custom_sticky_logo":0,"osh_custom_retina_sticky_logo":0,"osh_custom_sticky_logo_height":0,"osh_background_color":"","osh_links_color":"","osh_links_hover_color":"","osh_links_active_color":"","osh_links_bg_color":"","osh_links_hover_bg_color":"","osh_links_active_bg_color":"","osh_menu_social_links_color":"","osh_menu_social_hover_links_color":"","footnotes":""},"class_list":["post-6143","page","type-page","status-publish","hentry","entry"],"_links":{"self":[{"href":"https:\/\/key-competences.eu\/tr\/wp-json\/wp\/v2\/pages\/6143","targetHints":{"allow":["GET"]}}],"collection":[{"href":"https:\/\/key-competences.eu\/tr\/wp-json\/wp\/v2\/pages"}],"about":[{"href":"https:\/\/key-competences.eu\/tr\/wp-json\/wp\/v2\/types\/page"}],"author":[{"embeddable":true,"href":"https:\/\/key-competences.eu\/tr\/wp-json\/wp\/v2\/users\/1"}],"replies":[{"embeddable":true,"href":"https:\/\/key-competences.eu\/tr\/wp-json\/wp\/v2\/comments?post=6143"}],"version-history":[{"count":1,"href":"https:\/\/key-competences.eu\/tr\/wp-json\/wp\/v2\/pages\/6143\/revisions"}],"predecessor-version":[{"id":6149,"href":"https:\/\/key-competences.eu\/tr\/wp-json\/wp\/v2\/pages\/6143\/revisions\/6149"}],"wp:attachment":[{"href":"https:\/\/key-competences.eu\/tr\/wp-json\/wp\/v2\/media?parent=6143"}],"curies":[{"name":"wp","href":"https:\/\/api.w.org\/{rel}","templated":true}]}}