{"id":6153,"date":"2022-09-10T05:58:00","date_gmt":"2022-09-10T05:58:00","guid":{"rendered":"https:\/\/key-competences.eu\/hollanda"},"modified":"2024-03-15T15:20:26","modified_gmt":"2024-03-15T15:20:26","slug":"hollanda","status":"publish","type":"page","link":"https:\/\/key-competences.eu\/tr\/hollanda","title":{"rendered":"Hollanda"},"content":{"rendered":"\t\t<div data-elementor-type=\"wp-page\" data-elementor-id=\"6153\" class=\"elementor elementor-6153 elementor-2970\" data-elementor-post-type=\"page\">\n\t\t\t\t\t\t<section class=\"elementor-section elementor-top-section elementor-element elementor-element-5c0eef1 elementor-section-boxed elementor-section-height-default elementor-section-height-default\" data-id=\"5c0eef1\" data-element_type=\"section\">\n\t\t\t\t\t\t<div class=\"elementor-container elementor-column-gap-default\">\n\t\t\t\t\t<div class=\"elementor-column elementor-col-100 elementor-top-column elementor-element elementor-element-a8479cd\" data-id=\"a8479cd\" data-element_type=\"column\">\n\t\t\t<div class=\"elementor-widget-wrap elementor-element-populated\">\n\t\t\t\t\t\t<section class=\"elementor-section elementor-inner-section elementor-element elementor-element-bc2d3fa elementor-section-boxed elementor-section-height-default elementor-section-height-default\" data-id=\"bc2d3fa\" data-element_type=\"section\">\n\t\t\t\t\t\t<div class=\"elementor-container elementor-column-gap-default\">\n\t\t\t\t\t<div class=\"elementor-column elementor-col-50 elementor-inner-column elementor-element elementor-element-01f0d6d\" data-id=\"01f0d6d\" data-element_type=\"column\">\n\t\t\t<div class=\"elementor-widget-wrap elementor-element-populated\">\n\t\t\t\t\t\t<div class=\"elementor-element elementor-element-3de4a33 elementor-widget elementor-widget-spacer\" data-id=\"3de4a33\" data-element_type=\"widget\" data-widget_type=\"spacer.default\">\n\t\t\t\t<div class=\"elementor-widget-container\">\n\t\t\t\t\t\t\t<div class=\"elementor-spacer\">\n\t\t\t<div class=\"elementor-spacer-inner\"><\/div>\n\t\t<\/div>\n\t\t\t\t\t\t<\/div>\n\t\t\t\t<\/div>\n\t\t\t\t<div class=\"elementor-element elementor-element-90c0065 elementor-widget elementor-widget-image\" data-id=\"90c0065\" data-element_type=\"widget\" data-widget_type=\"image.default\">\n\t\t\t\t<div class=\"elementor-widget-container\">\n\t\t\t\t\t\t\t\t\t\t\t\t\t\t\t<img fetchpriority=\"high\" decoding=\"async\" width=\"300\" height=\"300\" src=\"https:\/\/key-competences.eu\/wp-content\/uploads\/Logo-Netherlands-300x300.jpg\" class=\"attachment-medium size-medium wp-image-4693\" alt=\"\" srcset=\"https:\/\/key-competences.eu\/wp-content\/uploads\/Logo-Netherlands-300x300.jpg 300w, https:\/\/key-competences.eu\/wp-content\/uploads\/Logo-Netherlands-150x150.jpg 150w, https:\/\/key-competences.eu\/wp-content\/uploads\/Logo-Netherlands.jpg 576w\" sizes=\"(max-width: 300px) 100vw, 300px\" \/>\t\t\t\t\t\t\t\t\t\t\t\t\t\t\t<\/div>\n\t\t\t\t<\/div>\n\t\t\t\t\t<\/div>\n\t\t<\/div>\n\t\t\t\t<div class=\"elementor-column elementor-col-50 elementor-inner-column elementor-element elementor-element-d193a88\" data-id=\"d193a88\" data-element_type=\"column\">\n\t\t\t<div class=\"elementor-widget-wrap elementor-element-populated\">\n\t\t\t\t\t\t<div class=\"elementor-element elementor-element-8f2bab9 elementor-widget elementor-widget-heading\" data-id=\"8f2bab9\" data-element_type=\"widget\" data-widget_type=\"heading.default\">\n\t\t\t\t<div class=\"elementor-widget-container\">\n\t\t\t\t\t<h1 class=\"elementor-heading-title elementor-size-default\">Global E\u011fitim Merkezi B.V.<br>\nHollanda<\/h1>\t\t\t\t<\/div>\n\t\t\t\t<\/div>\n\t\t\t\t\t<\/div>\n\t\t<\/div>\n\t\t\t\t\t<\/div>\n\t\t<\/section>\n\t\t\t\t\t<\/div>\n\t\t<\/div>\n\t\t\t\t\t<\/div>\n\t\t<\/section>\n\t\t\t\t<section class=\"elementor-section elementor-top-section elementor-element elementor-element-6aa368f0 elementor-section-boxed elementor-section-height-default elementor-section-height-default\" data-id=\"6aa368f0\" data-element_type=\"section\">\n\t\t\t\t\t\t<div class=\"elementor-container elementor-column-gap-default\">\n\t\t\t\t\t<div class=\"elementor-column elementor-col-100 elementor-top-column elementor-element elementor-element-cf251e3\" data-id=\"cf251e3\" data-element_type=\"column\">\n\t\t\t<div class=\"elementor-widget-wrap\">\n\t\t\t\t\t\t\t<\/div>\n\t\t<\/div>\n\t\t\t\t\t<\/div>\n\t\t<\/section>\n\t\t\t\t<section class=\"elementor-section elementor-top-section elementor-element elementor-element-74224c04 elementor-section-boxed elementor-section-height-default elementor-section-height-default\" data-id=\"74224c04\" data-element_type=\"section\">\n\t\t\t\t\t\t<div class=\"elementor-container elementor-column-gap-default\">\n\t\t\t\t\t<div class=\"elementor-column elementor-col-100 elementor-top-column elementor-element elementor-element-1f44e7e0\" data-id=\"1f44e7e0\" data-element_type=\"column\">\n\t\t\t<div class=\"elementor-widget-wrap elementor-element-populated\">\n\t\t\t\t\t\t<div class=\"elementor-element elementor-element-3c15cf6 elementor-widget elementor-widget-text-editor\" data-id=\"3c15cf6\" data-element_type=\"widget\" data-widget_type=\"text-editor.default\">\n\t\t\t\t<div class=\"elementor-widget-container\">\n\t\t\t\t\t\t\t\t\t<p><strong>Global E\u011fitim Merkezi B.V.<\/strong><\/p>\n<p>Global Education Center B.V. Amsterdam&#8217;da yerle\u015fik bir kurs sa\u011flay\u0131c\u0131s\u0131d\u0131r. Belirlenen konularda ders almak isteyenler i\u00e7in benzersiz deneyimler sunar. Kurs merkezlerimiz Amsterdam, Br\u00fcksel, Floransa, Vilnius ve Riga&#8217;da bulunuyor ve bu \u015fehirlerdeki \u00fcniversitelerle ortakl\u0131\u011f\u0131m\u0131z var.<\/p>\n<\/p>\n<p>Profesyoneller taraf\u0131ndan haz\u0131rlanan zengin kurs i\u00e7eriklerimiz ile kurs merkezlerimizi sekt\u00f6rde bir ilk olarak dijital \u00f6\u011frenme altyap\u0131s\u0131 ile donatt\u0131k. Yeni \u00e7a\u011f\u0131n ihtiya\u00e7lar\u0131na cevap verecek deneyimli e\u011fitmenlerimiz ile y\u00fcksek kalitede e\u011fitim vermeyi hedefliyoruz.<\/p>\n<\/p>\n<p>Avrupa&#8217;n\u0131n sayg\u0131n \u00fcniversitelerinden \u00f6\u011fretim g\u00f6revlileri ile ortakla\u015fa haz\u0131rlanan ders i\u00e7erikleri ile yeni \u00e7a\u011f\u0131n becerilerini yeti\u015fkinlere ve \u00f6zellikle \u00f6\u011fretmenlere aktaran kurslara ev sahipli\u011fi yapan GEC, B\u0130T teknolojilerinin \u00fcretimi ve uygulanmas\u0131 alan\u0131nda da \u00e7al\u0131\u015fmalar\u0131n\u0131 s\u00fcrd\u00fcr\u00fcyor.<\/p>\n<p>GEC geni\u015f bir kurs a\u011f\u0131na sahiptir. T\u00fcm kurslar\u0131m\u0131z alan\u0131n ihtiya\u00e7lar\u0131na g\u00f6re \u00f6zel olarak se\u00e7ilmekte ve geri bildirimler \u0131\u015f\u0131\u011f\u0131nda uzmanlar taraf\u0131ndan haz\u0131rlanmaktad\u0131r. T\u00fcm konu i\u00e7eriklerimiz en son teknolojik ara\u00e7lar kullan\u0131larak desteklenmektedir.<\/p>\n<\/p>\n<p>Faaliyetleri a\u011f\u0131rl\u0131kl\u0131 olarak Erasmus+ \u00f6ncelikleriyle ilgili olarak a\u015fa\u011f\u0131daki y\u00f6nlerde yo\u011funla\u015fm\u0131\u015ft\u0131r:<\/p>\n<p>\u00d6\u011fretmenler ve profesyoneller i\u00e7in e\u011fitim yollar\u0131n\u0131n geli\u015ftirilmesi ve uygulanmas\u0131<\/p>\n<ul>\n<li style=\"list-style-type: none;\">\n<ul>\n<li>E\u011fitim Kurslar\u0131 ve m\u00fcfredat tasar\u0131m\u0131 uygulamas\u0131<\/li>\n<li>\u00c7al\u0131\u015fma Ziyaretleri<\/li>\n<li>\u0130\u015f G\u00f6zlemcili\u011fi<\/li>\n<\/ul>\n<\/li>\n<\/ul>\n<p>\u00d6rg\u00fcn, yayg\u0131n e\u011fitim, mesleki e\u011fitim, istihdam ve giri\u015fimcilik aras\u0131ndaki sinerji ve ge\u00e7i\u015flerin g\u00fc\u00e7lendirilmesi;<\/p>\n<p>Ki\u015fisel geli\u015fimlerini iyile\u015ftirmek (ve \u00e7apraz olarak, \u00f6zellikle kat\u0131l\u0131mc\u0131lar\u0131n yabanc\u0131 dil yeterliliklerini geli\u015ftirmek) amac\u0131yla \u00f6\u011frenme \u00e7\u0131kt\u0131lar\u0131n\u0131n (bilgi, beceri ve yeterlilikler) edinilmesinde \u00f6\u011frencileri desteklemek;<\/p>\n<p>Tamamen duyarl\u0131 proje web sitesi, platformlar, uygulama olu\u015fturma.<\/p>\n<ul>\n<li style=\"list-style-type: none;\">\n<ul>\n<li>i\u0307\u00e7eri\u0307\u011fi\u0307n d\u00fczenlenmesi\u0307<\/li>\n<li>navigasyon yap\u0131s\u0131<\/li>\n<li>ama\u00e7 ve hedefleri\u0307n tanimlanmasi<\/li>\n<\/ul>\n<\/li>\n<\/ul>\n<p>De\u011ferlendirme ve projenin yayg\u0131nla\u015ft\u0131r\u0131lmas\u0131 gibi belirli WP&#8217;leri y\u00fcr\u00fctmek i\u00e7in baz\u0131 ba\u015far\u0131l\u0131 stratejiler tasarlayabilir ve geli\u015ftirebilir.<\/p>\n<ul>\n<li style=\"list-style-type: none;\">\n<ul>\n<li>Kalite de\u011ferlendiricisi\/y\u00f6neticisi olarak proje performans\u0131n\u0131 ve etkilerini de\u011ferlendirmek:<\/li>\n<li>Kalite plan\u0131n\u0131n geli\u015ftirilmesi<\/li>\n<li>Proje performans\u0131n\u0131n de\u011ferlendirilmesi<\/li>\n<li>Ba\u015far\u0131 g\u00f6stergelerinin kalitesi<\/li>\n<li>Elde edilen sonu\u00e7lar\u0131n kalitesi ve etkileri<\/li>\n<li>De\u011ferlendirme raporlar\u0131n\u0131n ve daha fazla iyile\u015ftirme i\u00e7in \u00f6nerilerin olu\u015fturulmas\u0131.<\/li>\n<\/ul>\n<\/li>\n<\/ul>\n<p>Topluluk y\u00f6netimi stratejileri ve di\u011fer \u00f6zel ara\u00e7lar (g\u00f6rsel kimlik, proje logosu, bro\u015f\u00fcr, el ilanlar\u0131, totem vb.) dahil olmak \u00fczere 360\u00b0 \u00f6zel bir Yayg\u0131nla\u015ft\u0131rma ve \u0130leti\u015fim Plan\u0131 tasarlayacakt\u0131r.<\/p>\n<p>Bu projede yer alan akademik personel, GEC &#8220;\u00d6\u011frenme Merkezi&#8221; Ara\u015ft\u0131rmac\u0131lar Ekibinin bir par\u00e7as\u0131d\u0131r. \u00d6\u011frenme Merkezi, 3D Sanal \u00d6\u011frenme Ortamlar\u0131 ve E\u011fitimde 3D VLE&#8217;lerin Uygulanmas\u0131, dil \u00f6\u011frenimi i\u00e7in 3D VLE&#8217;lerde e\u011fitsel oyunlar\u0131n tasar\u0131m\u0131 ve geli\u015ftirilmesi, matematik e\u011fitimi, sosyal bilimler e\u011fitimi, makine \u00f6\u011frenimi ve makine \u00f6\u011freniminin e\u011fitim ara\u015ft\u0131rmalar\u0131na nas\u0131l yard\u0131mc\u0131 oldu\u011fu ve e\u011fitimde b\u00fcy\u00fck veri analizi ve \u00f6\u011frenci analiti\u011fi konular\u0131nda \u00e7al\u0131\u015fmaktad\u0131r. Ekip, yap\u0131land\u0131rmac\u0131 yakla\u015f\u0131mlar ve e\u011fitim teknolojileri alanlar\u0131nda y\u00fcksek lisans derecelerine ve ya\u015fam boyu \u00f6\u011frenme, \u00e7ok dillilik, dil stratejileri ve teknoloji kullan\u0131m\u0131 yoluyla de\u011ferlendirme alanlar\u0131nda doktora derecelerine sahiptir.<\/p>\n<\/p>\n<p>Son y\u0131llarda Art\u0131r\u0131lm\u0131\u015f Ger\u00e7eklik (AG) teknolojilerinin e\u011fitim alan\u0131nda kullan\u0131m\u0131, \u00f6\u011frenme s\u00fcre\u00e7lerinde g\u00f6rsel etkile\u015fim ve deneyimsel becerilerin aktar\u0131m\u0131nda b\u00fcy\u00fck bir \u00f6neme sahiptir. Derslerin dinamik interaktif ara\u00e7larla kullan\u0131lmas\u0131 anlamay\u0131 kolayla\u015ft\u0131r\u0131rken \u00f6\u011frencilerin e\u011fitimden keyif almas\u0131n\u0131 da sa\u011fl\u0131yor. Bu ba\u011flamda e\u011fitimcilerin kendi AR etkile\u015fimlerini olu\u015fturmalar\u0131 ve kullanmalar\u0131 b\u00fcy\u00fck bir gereklilik haline gelmi\u015ftir. Olu\u015fturdu\u011fumuz kurslar kapsam\u0131nda e\u011fitmenlerin AR etkile\u015fimli i\u00e7erik olu\u015fturabilmeleri i\u00e7in gerekli olan ara\u00e7lar\u0131n \u00e7al\u0131\u015fma yap\u0131lar\u0131, nas\u0131l kullan\u0131ld\u0131klar\u0131 ve uygulama geli\u015ftirme s\u00fcre\u00e7leri anlat\u0131lmakta ve kullan\u0131mlar\u0131 uygulamal\u0131 \u00f6rneklerle g\u00f6sterilmektedir.<\/p>\n<p>E\u011fitim sonunda kat\u0131l\u0131mc\u0131lar\u0131n kendi AR etkile\u015fimli i\u00e7eriklerini \u00fcretebilmeleri ve kullanabilmeleri sa\u011flanacakt\u0131r.<\/p>\n<p>Kurslar \u015funlard\u0131r:<\/p>\n<\/p>\n<p><strong>CLIL- \u0130\u00e7erik ve Dil Entegreli \u00d6\u011frenme<\/strong><\/p>\n<p><strong>Okullar i\u00e7in Uzaktan E\u011fitim<\/strong><\/p>\n<p><strong>Okullarda Giri\u015fimcilik E\u011fitimi<\/strong><\/p>\n<p><strong>Oyunla\u015ft\u0131rma<\/strong><\/p>\n<p><strong>Kapsay\u0131c\u0131 E\u011fitim<\/strong><\/p>\n<p><strong>Stem E\u011fitiminin s\u0131n\u0131flara entegre edilmesi<\/strong><\/p>\n<p><strong>Teknolojinin s\u0131n\u0131flara entegre edilmesi<\/strong><\/p>\n<p><strong>Okullar i\u00e7in Montessori E\u011fitimi<\/strong><\/p>\n<p><strong>A\u00e7\u0131k Hava \u00d6\u011frenimi \/ Deneyimsel \u00d6\u011frenme<\/strong><\/p>\n<p><strong>Robotik Kodlama<\/strong><\/p>\n<p><strong>Web-2 cihazlar\u0131n\u0131n s\u0131n\u0131flarda kullan\u0131m\u0131<\/strong><\/p>\n<p><strong>Okullar i\u00e7in m\u00fcze e\u011fitimi<\/strong><\/p>\n<p><strong>A\u00e7\u0131k Hava \u00d6\u011frenimi \/ Deneyimsel \u00d6\u011frenme<\/strong><\/p>\n<p><strong>Okul E\u011fitiminde S\u00fcrd\u00fcr\u00fclebilir Ye\u015fil Enerji<\/strong><\/p>\n<p><strong>Tersy\u00fcz S\u0131n\u0131flar<\/strong><\/p>\n<p><strong> <\/strong><\/p>\n<p><strong>Devam eden projelerimiz;<\/strong><\/p>\n<ul>\n<li style=\"list-style-type: none;\">\n<ul>\n<li><strong>2021-1-DE02-KA220-ADU-000028281- Yeti\u015fkinlerin temel yetkinliklerini geli\u015ftirmenin yeni bir yolunu yaratmak<\/strong><\/li>\n<li><strong>2021-1-ES01-KA220-SCH-000032434 &#8211; Su hayatt\u0131r<\/strong><\/li>\n<\/ul>\n<\/li>\n<\/ul>\n<p><strong> <\/strong><\/p>\n<p><strong> <\/strong><\/p>\n<p><strong>Web sitesi: <\/strong><a href=\"https:\/\/www.gec.academy\/\" target=\"_blank\" rel=\"noopener\"><br \/>\n  <strong>https:\/\/www.gec.academy\/<\/strong><br \/>\n<\/a><\/p>\n<p><strong>Facebook: https:\/\/www.facebook.com\/gec.amsterdam<\/strong><\/p><\/p>\n\t\t\t\t\t\t\t\t<\/div>\n\t\t\t\t<\/div>\n\t\t\t\t\t<\/div>\n\t\t<\/div>\n\t\t\t\t\t<\/div>\n\t\t<\/section>\n\t\t\t\t<\/div>\n\t\t","protected":false},"excerpt":{"rendered":"<p>Global E\u011fitim Merkezi B.V. Hollanda Global E\u011fitim Merkezi B.V. Global Education Center B.V. Amsterdam&#8217;da yerle\u015fik bir kurs sa\u011flay\u0131c\u0131s\u0131d\u0131r. Belirlenen konularda ders almak isteyenler i\u00e7in benzersiz deneyimler sunar. Kurs merkezlerimiz Amsterdam, Br\u00fcksel, Floransa, Vilnius ve Riga&#8217;da bulunuyor ve bu \u015fehirlerdeki \u00fcniversitelerle ortakl\u0131\u011f\u0131m\u0131z var. Profesyoneller taraf\u0131ndan haz\u0131rlanan zengin kurs i\u00e7eriklerimiz ile kurs merkezlerimizi sekt\u00f6rde bir ilk olarak [&hellip;]<\/p>\n","protected":false},"author":1,"featured_media":0,"parent":0,"menu_order":0,"comment_status":"closed","ping_status":"closed","template":"elementor_header_footer","meta":{"ocean_post_layout":"","ocean_both_sidebars_style":"","ocean_both_sidebars_content_width":0,"ocean_both_sidebars_sidebars_width":0,"ocean_sidebar":"0","ocean_second_sidebar":"0","ocean_disable_margins":"enable","ocean_add_body_class":"","ocean_shortcode_before_top_bar":"","ocean_shortcode_after_top_bar":"","ocean_shortcode_before_header":"","ocean_shortcode_after_header":"","ocean_has_shortcode":"","ocean_shortcode_after_title":"","ocean_shortcode_before_footer_widgets":"","ocean_shortcode_after_footer_widgets":"","ocean_shortcode_before_footer_bottom":"","ocean_shortcode_after_footer_bottom":"","ocean_display_top_bar":"default","ocean_display_header":"default","ocean_header_style":"","ocean_center_header_left_menu":"0","ocean_custom_header_template":"0","ocean_custom_logo":0,"ocean_custom_retina_logo":0,"ocean_custom_logo_max_width":0,"ocean_custom_logo_tablet_max_width":0,"ocean_custom_logo_mobile_max_width":0,"ocean_custom_logo_max_height":0,"ocean_custom_logo_tablet_max_height":0,"ocean_custom_logo_mobile_max_height":0,"ocean_header_custom_menu":"0","ocean_menu_typo_font_family":"0","ocean_menu_typo_font_subset":"","ocean_menu_typo_font_size":0,"ocean_menu_typo_font_size_tablet":0,"ocean_menu_typo_font_size_mobile":0,"ocean_menu_typo_font_size_unit":"px","ocean_menu_typo_font_weight":"","ocean_menu_typo_font_weight_tablet":"","ocean_menu_typo_font_weight_mobile":"","ocean_menu_typo_transform":"","ocean_menu_typo_transform_tablet":"","ocean_menu_typo_transform_mobile":"","ocean_menu_typo_line_height":0,"ocean_menu_typo_line_height_tablet":0,"ocean_menu_typo_line_height_mobile":0,"ocean_menu_typo_line_height_unit":"","ocean_menu_typo_spacing":0,"ocean_menu_typo_spacing_tablet":0,"ocean_menu_typo_spacing_mobile":0,"ocean_menu_typo_spacing_unit":"","ocean_menu_link_color":"","ocean_menu_link_color_hover":"","ocean_menu_link_color_active":"","ocean_menu_link_background":"","ocean_menu_link_hover_background":"","ocean_menu_link_active_background":"","ocean_menu_social_links_bg":"","ocean_menu_social_hover_links_bg":"","ocean_menu_social_links_color":"","ocean_menu_social_hover_links_color":"","ocean_disable_title":"default","ocean_disable_heading":"default","ocean_post_title":"","ocean_post_subheading":"","ocean_post_title_style":"","ocean_post_title_background_color":"","ocean_post_title_background":0,"ocean_post_title_bg_image_position":"","ocean_post_title_bg_image_attachment":"","ocean_post_title_bg_image_repeat":"","ocean_post_title_bg_image_size":"","ocean_post_title_height":0,"ocean_post_title_bg_overlay":0.5,"ocean_post_title_bg_overlay_color":"","ocean_disable_breadcrumbs":"default","ocean_breadcrumbs_color":"","ocean_breadcrumbs_separator_color":"","ocean_breadcrumbs_links_color":"","ocean_breadcrumbs_links_hover_color":"","ocean_display_footer_widgets":"default","ocean_display_footer_bottom":"default","ocean_custom_footer_template":"0","osh_disable_topbar_sticky":"default","osh_disable_header_sticky":"default","osh_sticky_header_style":"default","osh_sticky_header_effect":"","osh_custom_sticky_logo":0,"osh_custom_retina_sticky_logo":0,"osh_custom_sticky_logo_height":0,"osh_background_color":"","osh_links_color":"","osh_links_hover_color":"","osh_links_active_color":"","osh_links_bg_color":"","osh_links_hover_bg_color":"","osh_links_active_bg_color":"","osh_menu_social_links_color":"","osh_menu_social_hover_links_color":"","footnotes":""},"class_list":["post-6153","page","type-page","status-publish","hentry","entry"],"_links":{"self":[{"href":"https:\/\/key-competences.eu\/tr\/wp-json\/wp\/v2\/pages\/6153","targetHints":{"allow":["GET"]}}],"collection":[{"href":"https:\/\/key-competences.eu\/tr\/wp-json\/wp\/v2\/pages"}],"about":[{"href":"https:\/\/key-competences.eu\/tr\/wp-json\/wp\/v2\/types\/page"}],"author":[{"embeddable":true,"href":"https:\/\/key-competences.eu\/tr\/wp-json\/wp\/v2\/users\/1"}],"replies":[{"embeddable":true,"href":"https:\/\/key-competences.eu\/tr\/wp-json\/wp\/v2\/comments?post=6153"}],"version-history":[{"count":1,"href":"https:\/\/key-competences.eu\/tr\/wp-json\/wp\/v2\/pages\/6153\/revisions"}],"predecessor-version":[{"id":6160,"href":"https:\/\/key-competences.eu\/tr\/wp-json\/wp\/v2\/pages\/6153\/revisions\/6160"}],"wp:attachment":[{"href":"https:\/\/key-competences.eu\/tr\/wp-json\/wp\/v2\/media?parent=6153"}],"curies":[{"name":"wp","href":"https:\/\/api.w.org\/{rel}","templated":true}]}}